{"id":27907,"date":"2023-11-22T14:36:43","date_gmt":"2023-11-22T19:36:43","guid":{"rendered":"https:\/\/foodbankscanada.ca\/?page_id=27907"},"modified":"2025-06-25T17:08:39","modified_gmt":"2025-06-25T21:08:39","slug":"emplacements-pilotes","status":"publish","type":"page","link":"https:\/\/fbc-wp-hidden.azurewebsites.net\/fr\/fonds-dequite-menstruelle\/emplacements-pilotes\/","title":{"rendered":"Emplacements Pilotes"},"content":{"rendered":"<section class=\" block block-image-text-button-list image-text-button-list mb-5 alignfull\"\n         style=\"  background-color: rgba(254, 245, 221, 0); \">\n  <div class=\"container-lg px-0 d-flex flex-column flex-lg-row-reverse\">\n    \n    <div class=\"container-lg px-0 px-lg-2 col-12 col-lg-6\">\n      \n      <div class=\"slider-padding-div mb-4\">\n        <div\n          class=\"image-text-button-swiper swiper\"\n          style=\"--swiper-theme-color: #FFBE00; width: 100%;\"\n          data-autoscroll=\"false\"\n          data-delay=\"3000\"\n        >\n          <div class=\"swiper-wrapper\">\n                           \n                <div\n                  class=\"swiper-slide image-banner\"\n                  style=\"background-size: cover; background-position: center; background-repeat: no-repeat;\n                                        aspect-ratio: 1.1400000005928;\n                                              background-image: url('https:\/\/content.foodbankscanada.ca\/wordpress\/2023\/11\/mef-banner-655e50a4da624.webp');\n                                                              width: 100%;\"\n                  role=\"img\"\n                  aria-label=\"\"\n                ><\/div>\n                                    <\/div>\n\n                  <\/div>\n      <\/div>\n\n      \n              <div class=\"d-none d-lg-block\">\n          \n        <\/div>\n          <\/div>\n\n    \n    <div class=\"container col-12 col-lg-6 text-break\">\n      <div class=\"breadcrumbs-section    \n  \">\n  <p id=\"breadcrumbs\" class=\"\"><span><span><a href=\"https:\/\/fbc-wp-hidden.azurewebsites.net\/fr\/\">Accueil<\/a><\/span><\/span><\/p><\/div>              <div class=\"mt-4\">\n          <h1 class=\"mt-0 mt-lg-4 title text-wrap text-break\">EMPLACEMENTS PILOTES<\/h1>\n<p class=\"mt-2 mt-lg-4 pt-lg-3 me-4\">Banques alimentaires Canada se r\u00e9jouit de collaborer avec les banques alimentaires et les organismes communautaires de toutes les provinces et de tous les territoires pour mettre en \u0153uvre ce projet pilote. Nous travaillons directement avec 392 emplacements pilotes, mais gr\u00e2ce \u00e0 la port\u00e9e accrue de ces emplacements au sein de leurs communaut\u00e9s, le produit devrait atteindre 570,000 personnes.<\/p>\n\n        <\/div>\n      \n              <div class=\"mt-4 d-block d-lg-none\">\n          \n        <\/div>\n          <\/div>\n  <\/div>\n<\/section>\n\n<script>\n  window.wpConfig = {\"apiHost\":\"https:\\\/\\\/fbcbot-hidden.azurewebsites.net\\\/api\\\/\"};\n<\/script>\n\n<section class=\" block block-pilot-locations-map pilot-locations-map container aligndefault\" style=\"\">\n  \n  <div class=\"pilot-locations-map-container\">\n    <div class=\"d-flex flex-column flex-xl-row\">\n      <div id=\"pilot-locations-map-wrapper\" class=\"pilot-locations-map-wrapper\" style=\"position:relative\">\n        <div id=\"pilot-locations-map\" class=\"pilot-locations-map\"><\/div>\n\n        <!-- Modal -->\n        <div class=\"modal fade\" id=\"plMapModal\" tabindex=\"-1\" aria-labelledby=\"plMapModalLabel\" aria-hidden=\"true\">\n          <div class=\"modal-dialog modal-lg modal-dialog-centered modal-dialog-scrollable\">\n            <div class=\"modal-content\">\n              <div class=\"modal-header\">\n                <h2 class=\"modal-title\" id=\"popup-header\"><\/h2>\n                <button type=\"button\" class=\"btn-close\" data-bs-dismiss=\"modal\" aria-label=\"Close\"><\/button>\n              <\/div>\n              <div id=\"plMapModalBody\" class=\"modal-body\">\n                <p id=\"popup-text\"><\/p>\n                <table id=\"popup-table\" class=\"table table-bordered\"><\/table>\n              <\/div>\n            <\/div>\n          <\/div>\n        <\/div>\n      <\/div>\n    <\/div>\n  <\/div>\n<\/section>\n\n\n\n<div class=\"container d-flex justify-content-end mb-4\">\n  <div style=\"max-width:466px; width:75%\"; min-width:300px;  >\n    <img decoding=\"async\" src=\"https:\/\/content.foodbankscanada.ca\/wordpress\/2023\/11\/wage-logo-full.webp\" height=\"auto\" width=\"100%\" style=\"max-width: 466px;\" data-pagespeed-url-hash=\"3464753464\" onload=\"pagespeed.CriticalImages.checkImageForCriticality(this);\">\n  <\/div>\n<\/div>\n","protected":false},"excerpt":{"rendered":"","protected":false},"author":33,"featured_media":0,"parent":27897,"menu_order":0,"comment_status":"closed","ping_status":"closed","template":"full-width-page.blade.php","meta":{"_acf_changed":false,"footnotes":""},"categories":[],"tags":[],"class_list":["post-27907","page","type-page","status-publish","hentry"],"acf":[],"yoast_head":"<!-- This site is optimized with the Yoast SEO Premium plugin v26.2-RC1 (Yoast SEO v26.2-RC4) - https:\/\/yoast.com\/wordpress\/plugins\/seo\/ -->\n<title>Emplacements Pilotes - Banques alimentaires Canada<\/title>\n<meta name=\"robots\" content=\"index, follow, max-snippet:-1, max-image-preview:large, max-video-preview:-1\" \/>\n<link rel=\"canonical\" href=\"https:\/\/fbc-wp-hidden.azurewebsites.net\/fr\/fonds-dequite-menstruelle\/emplacements-pilotes\/\" \/>\n<meta property=\"og:locale\" content=\"fr_CA\" \/>\n<meta property=\"og:type\" content=\"article\" \/>\n<meta property=\"og:title\" content=\"Emplacements Pilotes\" \/>\n<meta property=\"og:url\" content=\"https:\/\/fbc-wp-hidden.azurewebsites.net\/fr\/fonds-dequite-menstruelle\/emplacements-pilotes\/\" \/>\n<meta property=\"og:site_name\" content=\"Banques alimentaires Canada\" \/>\n<meta property=\"article:modified_time\" content=\"2025-06-25T21:08:39+00:00\" \/>\n<meta property=\"og:image\" content=\"https:\/\/fbcblobstorage.blob.core.windows.net\/wordpress\/2023\/11\/wage-logo-full.webp\" \/>\n<meta name=\"twitter:card\" content=\"summary_large_image\" \/>\n<script type=\"application\/ld+json\" class=\"yoast-schema-graph\">{\"@context\":\"https:\/\/schema.org\",\"@graph\":[{\"@type\":\"WebPage\",\"@id\":\"https:\/\/fbc-wp-hidden.azurewebsites.net\/fr\/fonds-dequite-menstruelle\/emplacements-pilotes\/\",\"url\":\"https:\/\/fbc-wp-hidden.azurewebsites.net\/fr\/fonds-dequite-menstruelle\/emplacements-pilotes\/\",\"name\":\"Emplacements Pilotes - Banques alimentaires Canada\",\"isPartOf\":{\"@id\":\"https:\/\/fbc-wp-hidden.azurewebsites.net\/fr\/#website\"},\"primaryImageOfPage\":{\"@id\":\"https:\/\/fbc-wp-hidden.azurewebsites.net\/fr\/fonds-dequite-menstruelle\/emplacements-pilotes\/#primaryimage\"},\"image\":{\"@id\":\"https:\/\/fbc-wp-hidden.azurewebsites.net\/fr\/fonds-dequite-menstruelle\/emplacements-pilotes\/#primaryimage\"},\"thumbnailUrl\":\"https:\/\/fbcblobstorage.blob.core.windows.net\/wordpress\/2023\/11\/wage-logo-full.webp\",\"datePublished\":\"2023-11-22T19:36:43+00:00\",\"dateModified\":\"2025-06-25T21:08:39+00:00\",\"breadcrumb\":{\"@id\":\"https:\/\/fbc-wp-hidden.azurewebsites.net\/fr\/fonds-dequite-menstruelle\/emplacements-pilotes\/#breadcrumb\"},\"inLanguage\":\"fr-CA\",\"potentialAction\":[{\"@type\":\"ReadAction\",\"target\":[\"https:\/\/fbc-wp-hidden.azurewebsites.net\/fr\/fonds-dequite-menstruelle\/emplacements-pilotes\/\"]}]},{\"@type\":\"ImageObject\",\"inLanguage\":\"fr-CA\",\"@id\":\"https:\/\/fbc-wp-hidden.azurewebsites.net\/fr\/fonds-dequite-menstruelle\/emplacements-pilotes\/#primaryimage\",\"url\":\"https:\/\/fbcblobstorage.blob.core.windows.net\/wordpress\/2023\/11\/wage-logo-full.webp\",\"contentUrl\":\"https:\/\/fbcblobstorage.blob.core.windows.net\/wordpress\/2023\/11\/wage-logo-full.webp\"},{\"@type\":\"BreadcrumbList\",\"@id\":\"https:\/\/fbc-wp-hidden.azurewebsites.net\/fr\/fonds-dequite-menstruelle\/emplacements-pilotes\/#breadcrumb\",\"itemListElement\":[{\"@type\":\"ListItem\",\"position\":1,\"name\":\"Accueil\",\"item\":\"https:\/\/fbc-wp-hidden.azurewebsites.net\/fr\/\"},{\"@type\":\"ListItem\",\"position\":2,\"name\":\"Fonds d\u2019\u00e9quit\u00e9 menstruelle\",\"item\":\"https:\/\/fbc-wp-hidden.azurewebsites.net\/fr\/fonds-dequite-menstruelle\/\"},{\"@type\":\"ListItem\",\"position\":3,\"name\":\"Emplacements Pilotes\"}]},{\"@type\":\"WebSite\",\"@id\":\"https:\/\/fbc-wp-hidden.azurewebsites.net\/fr\/#website\",\"url\":\"https:\/\/fbc-wp-hidden.azurewebsites.net\/fr\/\",\"name\":\"Banques alimentaires Canada\",\"description\":\"\",\"publisher\":{\"@id\":\"https:\/\/fbc-wp-hidden.azurewebsites.net\/fr\/#organization\"},\"potentialAction\":[{\"@type\":\"SearchAction\",\"target\":{\"@type\":\"EntryPoint\",\"urlTemplate\":\"https:\/\/fbc-wp-hidden.azurewebsites.net\/fr\/?s={search_term_string}\"},\"query-input\":{\"@type\":\"PropertyValueSpecification\",\"valueRequired\":true,\"valueName\":\"search_term_string\"}}],\"inLanguage\":\"fr-CA\"},{\"@type\":\"Organization\",\"@id\":\"https:\/\/fbc-wp-hidden.azurewebsites.net\/fr\/#organization\",\"name\":\"Food Banks Canada\",\"url\":\"https:\/\/fbc-wp-hidden.azurewebsites.net\/fr\/\",\"logo\":{\"@type\":\"ImageObject\",\"inLanguage\":\"fr-CA\",\"@id\":\"https:\/\/fbc-wp-hidden.azurewebsites.net\/fr\/#\/schema\/logo\/image\/\",\"url\":\"https:\/\/fbcblobstorage.blob.core.windows.net\/wordpress\/2021\/11\/logo.png\",\"contentUrl\":\"https:\/\/fbcblobstorage.blob.core.windows.net\/wordpress\/2021\/11\/logo.png\",\"width\":377,\"height\":89,\"caption\":\"Food Banks Canada\"},\"image\":{\"@id\":\"https:\/\/fbc-wp-hidden.azurewebsites.net\/fr\/#\/schema\/logo\/image\/\"}}]}<\/script>\n<!-- \/ Yoast SEO Premium plugin. -->","yoast_head_json":{"title":"Emplacements Pilotes - Banques alimentaires Canada","robots":{"index":"index","follow":"follow","max-snippet":"max-snippet:-1","max-image-preview":"max-image-preview:large","max-video-preview":"max-video-preview:-1"},"canonical":"https:\/\/fbc-wp-hidden.azurewebsites.net\/fr\/fonds-dequite-menstruelle\/emplacements-pilotes\/","og_locale":"fr_CA","og_type":"article","og_title":"Emplacements Pilotes","og_url":"https:\/\/fbc-wp-hidden.azurewebsites.net\/fr\/fonds-dequite-menstruelle\/emplacements-pilotes\/","og_site_name":"Banques alimentaires Canada","article_modified_time":"2025-06-25T21:08:39+00:00","og_image":[{"url":"https:\/\/fbcblobstorage.blob.core.windows.net\/wordpress\/2023\/11\/wage-logo-full.webp","type":"","width":"","height":""}],"twitter_card":"summary_large_image","schema":{"@context":"https:\/\/schema.org","@graph":[{"@type":"WebPage","@id":"https:\/\/fbc-wp-hidden.azurewebsites.net\/fr\/fonds-dequite-menstruelle\/emplacements-pilotes\/","url":"https:\/\/fbc-wp-hidden.azurewebsites.net\/fr\/fonds-dequite-menstruelle\/emplacements-pilotes\/","name":"Emplacements Pilotes - Banques alimentaires Canada","isPartOf":{"@id":"https:\/\/fbc-wp-hidden.azurewebsites.net\/fr\/#website"},"primaryImageOfPage":{"@id":"https:\/\/fbc-wp-hidden.azurewebsites.net\/fr\/fonds-dequite-menstruelle\/emplacements-pilotes\/#primaryimage"},"image":{"@id":"https:\/\/fbc-wp-hidden.azurewebsites.net\/fr\/fonds-dequite-menstruelle\/emplacements-pilotes\/#primaryimage"},"thumbnailUrl":"https:\/\/fbcblobstorage.blob.core.windows.net\/wordpress\/2023\/11\/wage-logo-full.webp","datePublished":"2023-11-22T19:36:43+00:00","dateModified":"2025-06-25T21:08:39+00:00","breadcrumb":{"@id":"https:\/\/fbc-wp-hidden.azurewebsites.net\/fr\/fonds-dequite-menstruelle\/emplacements-pilotes\/#breadcrumb"},"inLanguage":"fr-CA","potentialAction":[{"@type":"ReadAction","target":["https:\/\/fbc-wp-hidden.azurewebsites.net\/fr\/fonds-dequite-menstruelle\/emplacements-pilotes\/"]}]},{"@type":"ImageObject","inLanguage":"fr-CA","@id":"https:\/\/fbc-wp-hidden.azurewebsites.net\/fr\/fonds-dequite-menstruelle\/emplacements-pilotes\/#primaryimage","url":"https:\/\/fbcblobstorage.blob.core.windows.net\/wordpress\/2023\/11\/wage-logo-full.webp","contentUrl":"https:\/\/fbcblobstorage.blob.core.windows.net\/wordpress\/2023\/11\/wage-logo-full.webp"},{"@type":"BreadcrumbList","@id":"https:\/\/fbc-wp-hidden.azurewebsites.net\/fr\/fonds-dequite-menstruelle\/emplacements-pilotes\/#breadcrumb","itemListElement":[{"@type":"ListItem","position":1,"name":"Accueil","item":"https:\/\/fbc-wp-hidden.azurewebsites.net\/fr\/"},{"@type":"ListItem","position":2,"name":"Fonds d\u2019\u00e9quit\u00e9 menstruelle","item":"https:\/\/fbc-wp-hidden.azurewebsites.net\/fr\/fonds-dequite-menstruelle\/"},{"@type":"ListItem","position":3,"name":"Emplacements Pilotes"}]},{"@type":"WebSite","@id":"https:\/\/fbc-wp-hidden.azurewebsites.net\/fr\/#website","url":"https:\/\/fbc-wp-hidden.azurewebsites.net\/fr\/","name":"Banques alimentaires Canada","description":"","publisher":{"@id":"https:\/\/fbc-wp-hidden.azurewebsites.net\/fr\/#organization"},"potentialAction":[{"@type":"SearchAction","target":{"@type":"EntryPoint","urlTemplate":"https:\/\/fbc-wp-hidden.azurewebsites.net\/fr\/?s={search_term_string}"},"query-input":{"@type":"PropertyValueSpecification","valueRequired":true,"valueName":"search_term_string"}}],"inLanguage":"fr-CA"},{"@type":"Organization","@id":"https:\/\/fbc-wp-hidden.azurewebsites.net\/fr\/#organization","name":"Food Banks Canada","url":"https:\/\/fbc-wp-hidden.azurewebsites.net\/fr\/","logo":{"@type":"ImageObject","inLanguage":"fr-CA","@id":"https:\/\/fbc-wp-hidden.azurewebsites.net\/fr\/#\/schema\/logo\/image\/","url":"https:\/\/fbcblobstorage.blob.core.windows.net\/wordpress\/2021\/11\/logo.png","contentUrl":"https:\/\/fbcblobstorage.blob.core.windows.net\/wordpress\/2021\/11\/logo.png","width":377,"height":89,"caption":"Food Banks Canada"},"image":{"@id":"https:\/\/fbc-wp-hidden.azurewebsites.net\/fr\/#\/schema\/logo\/image\/"}}]}},"_links":{"self":[{"href":"https:\/\/fbc-wp-hidden.azurewebsites.net\/fr\/wp-json\/wp\/v2\/pages\/27907","targetHints":{"allow":["GET"]}}],"collection":[{"href":"https:\/\/fbc-wp-hidden.azurewebsites.net\/fr\/wp-json\/wp\/v2\/pages"}],"about":[{"href":"https:\/\/fbc-wp-hidden.azurewebsites.net\/fr\/wp-json\/wp\/v2\/types\/page"}],"author":[{"embeddable":true,"href":"https:\/\/fbc-wp-hidden.azurewebsites.net\/fr\/wp-json\/wp\/v2\/users\/33"}],"replies":[{"embeddable":true,"href":"https:\/\/fbc-wp-hidden.azurewebsites.net\/fr\/wp-json\/wp\/v2\/comments?post=27907"}],"version-history":[{"count":22,"href":"https:\/\/fbc-wp-hidden.azurewebsites.net\/fr\/wp-json\/wp\/v2\/pages\/27907\/revisions"}],"predecessor-version":[{"id":43754,"href":"https:\/\/fbc-wp-hidden.azurewebsites.net\/fr\/wp-json\/wp\/v2\/pages\/27907\/revisions\/43754"}],"up":[{"embeddable":true,"href":"https:\/\/fbc-wp-hidden.azurewebsites.net\/fr\/wp-json\/wp\/v2\/pages\/27897"}],"wp:attachment":[{"href":"https:\/\/fbc-wp-hidden.azurewebsites.net\/fr\/wp-json\/wp\/v2\/media?parent=27907"}],"wp:term":[{"taxonomy":"category","embeddable":true,"href":"https:\/\/fbc-wp-hidden.azurewebsites.net\/fr\/wp-json\/wp\/v2\/categories?post=27907"},{"taxonomy":"post_tag","embeddable":true,"href":"https:\/\/fbc-wp-hidden.azurewebsites.net\/fr\/wp-json\/wp\/v2\/tags?post=27907"}],"curies":[{"name":"wp","href":"https:\/\/api.w.org\/{rel}","templated":true}]}}