{"id":32505,"date":"2024-05-17T12:19:28","date_gmt":"2024-05-17T16:19:28","guid":{"rendered":"https:\/\/foodbankscanada.ca\/?page_id=32505"},"modified":"2025-09-16T06:38:29","modified_gmt":"2025-09-16T10:38:29","slug":"fiches-de-rendement-sur-la-pauvrete","status":"publish","type":"page","link":"https:\/\/fbc-wp-hidden.azurewebsites.net\/fr\/fiches-de-rendement-sur-la-pauvrete\/","title":{"rendered":"Fiches de Rendement sur la pauvret\u00e9"},"content":{"rendered":"<section class=\" block block-image-text-button-list image-text-button-list mb-4 aligndefault\"\n         style=\"  background-color: rgba(254, 245, 221, 0); \">\n  <div class=\"container-lg px-0 d-flex flex-column flex-lg-row-reverse\">\n    \n    <div class=\"container-lg px-0 px-lg-2 col-12 col-lg-8\">\n      \n      <div class=\"slider-padding-div mb-4\">\n        <div\n          class=\"image-text-button-swiper swiper\"\n          style=\"--swiper-theme-color: #FFBE00; width: 100%;\"\n          data-autoscroll=\"false\"\n          data-delay=\"3000\"\n        >\n          <div class=\"swiper-wrapper\">\n                           \n                <div\n                  class=\"swiper-slide image-banner\"\n                  style=\"background-size: cover; background-position: center; background-repeat: no-repeat;\n                                        aspect-ratio: 2.8160535117057;\n                                              background-image: url('https:\/\/content.foodbankscanada.ca\/wordpress\/2025\/08\/PRC-Image.jpg');\n                                                              width: 100%;\"\n                  role=\"img\"\n                  aria-label=\"\"\n                ><\/div>\n                                    <\/div>\n\n                  <\/div>\n      <\/div>\n\n      \n              <div class=\"d-none d-lg-block\">\n          <p><span class=\"TextRun Highlight SCXW213417982 BCX8\" lang=\"FR-CA\" xml:lang=\"FR-CA\" data-contrast=\"auto\"><span class=\"NormalTextRun SCXW213417982 BCX8\">Ces notes repr\u00e9sentent la mesure dans laquelle les efforts de r\u00e9duction de la pauvret\u00e9 du gouvernement f\u00e9d\u00e9ral sont efficaces. Comme plusieurs facteurs contribuent \u00e0 la pauvret\u00e9, tels que les co\u00fbts du logement et des besoins quotidiens ainsi que la qualit\u00e9 du filet de s\u00e9curit\u00e9 sociale, cette fiche de rendement \u00e9valuera l\u2019exp\u00e9rience de la pauvret\u00e9 au Canada et les mesures que peut prendre le gouvernement f\u00e9d\u00e9ral pour am\u00e9liorer ses politiques sociales.<\/span><\/span><\/p>\n\n        <\/div>\n          <\/div>\n\n    \n    <div class=\"container col-12 col-lg-4 text-break\">\n      <div class=\"breadcrumbs-section    \n   breadcrumbs_normal \">\n  <p id=\"breadcrumbs\" class=\"\"><span><span><a href=\"https:\/\/fbc-wp-hidden.azurewebsites.net\/fr\/\">Accueil<\/a><\/span><\/span><\/p><\/div>              <div class=\"mt-4\">\n          <h1>La fiche de rendement sur la pauvret\u00e9<\/h1>\n\n        <\/div>\n      \n              <div class=\"mt-4 d-block d-lg-none\">\n          <p><span class=\"TextRun Highlight SCXW213417982 BCX8\" lang=\"FR-CA\" xml:lang=\"FR-CA\" data-contrast=\"auto\"><span class=\"NormalTextRun SCXW213417982 BCX8\">Ces notes repr\u00e9sentent la mesure dans laquelle les efforts de r\u00e9duction de la pauvret\u00e9 du gouvernement f\u00e9d\u00e9ral sont efficaces. Comme plusieurs facteurs contribuent \u00e0 la pauvret\u00e9, tels que les co\u00fbts du logement et des besoins quotidiens ainsi que la qualit\u00e9 du filet de s\u00e9curit\u00e9 sociale, cette fiche de rendement \u00e9valuera l\u2019exp\u00e9rience de la pauvret\u00e9 au Canada et les mesures que peut prendre le gouvernement f\u00e9d\u00e9ral pour am\u00e9liorer ses politiques sociales.<\/span><\/span><\/p>\n\n        <\/div>\n          <\/div>\n  <\/div>\n<\/section>\n\n\n<hr class=\"wp-block-separator has-alpha-channel-opacity container text-secondary my-5\"\/>\n\n\n<section class=\" block block-image-text-button image-text-button py-5 my-5 alignfull\"\n         style=\"\n                  background-color: #ffffff; \">\n    <div class=\"container\">\n        <div class=\"d-flex flex-column flex-lg-row row gx-5\n                     \"\n             style=\"\">\n\n            \n            <div class=\"col-12 col-lg-6 mb-4 mb-lg-0\">\n                <div class=\"slider-padding-div\">\n                    <div\n                        class=\"image-text-button-swiper swiper\"\n                        style=\"--swiper-theme-color: #FFBE00; width: 100%;\"\n                        data-autoscroll=\"false\"\n                        data-delay=\"3000\"\n                    >\n                        <div class=\"swiper-wrapper\">\n                                                            <div\n                                    class=\"swiper-slide image-banner\"\n                                    style=\"background-size: cover; background-position: center; background-repeat: no-repeat; \n                                                                                    aspect-ratio: 1.2958333333333; \n                                             \n                                                background-image: url('https:\/\/content.foodbankscanada.ca\/wordpress\/2025\/09\/thumbnail_FBC_2025PRC_664x500_WebImage_FR02-68c079af7a795.png');\n                                                                                                                            width: 100%;\"\n                                    role=\"img\"\n                                    aria-label=\"\"\n                                ><\/div>\n                                                    <\/div>\n                                            <\/div>\n                <\/div>\n            <\/div>\n\n            \n            <div class=\"image-text-button-block-body col-12 col-lg-6 mt-lg-4 mt-xl-5 pt-xl-2\"><p>Le gouvernement f\u00e9d\u00e9ral est \u00e9valu\u00e9 en mati\u00e8re d\u2019exp\u00e9rience de pauvret\u00e9, de mesures de la pauvret\u00e9, de niveau de vie et de progr\u00e8s du gouvernement dans l\u2019adoption d\u2019une loi anti-pauvret\u00e9. Cette approche aide les d\u00e9cideurs politiques et les d\u00e9fenseurs \u00e0 \u00e9valuer la performance du gouvernement f\u00e9d\u00e9ral, \u00e0 cerner les politiques qui fonctionnent bien \u00e0 l\u2019\u00e9chelle nationale et \u00e0 disposer de donn\u00e9es pour promouvoir des politiques efficaces de lutte contre la pauvret\u00e9.<\/p>\n<p><a class=\"btn\" href=\"https:\/\/fbc-wp-hidden.azurewebsites.net\/fr\/fiches-de-rendement-sur-la-pauvrete\/fiche-de-rendement\/?y=2025&#038;p=canada\" rel=\"noopener\">Afficher la fiche de rendement<\/a><\/p>\n<\/div>\n        <\/div>\n    <\/div>\n<\/section>\n\n\n<hr class=\"wp-block-separator has-alpha-channel-opacity container text-secondary my-5\"\/>\n\n\n\n<div class=\"wp-block-group is-layout-constrained wp-block-group-is-layout-constrained\">\n<div class=\"wp-block-columns is-layout-flex wp-container-core-columns-is-layout-9d6595d7 wp-block-columns-is-layout-flex\">\n<div class=\"wp-block-column is-layout-flow wp-block-column-is-layout-flow\">\n<div\n        data-form-id='e7061bd9-2a8f-f011-b4cb-6045bd5f1f76'\n        data-form-api-url='https:\/\/public-can.mkt.dynamics.com\/api\/v1.0\/orgs\/d6f86caf-7456-ef11-bfdf-0022483d78f0\/landingpageforms'\n        data-cached-form-url='https:\/\/assets1-can.mkt.dynamics.com\/d6f86caf-7456-ef11-bfdf-0022483d78f0\/digitalassets\/forms\/e7061bd9-2a8f-f011-b4cb-6045bd5f1f76' ><\/div>\n        <script src = 'https:\/\/cxppusa1formui01cdnsa01-endpoint.azureedge.net\/can\/FormLoader\/FormLoader.bundle.js' ><\/script>\n<\/div>\n\n\n\n<div class=\"wp-block-column is-layout-flow wp-block-column-is-layout-flow\"><section class=\" block block-image-text-button-vertical image-text-button-vertical  aligndefault h-100\" style=\"\">\n  <div class=\"vertical-container col col-12\n               py-5 p-md-4 p-xl-5\n               bg-color-red h-100\">\n    <div class=\"container px-md-0 w-100\">\n            \n              <h2 class=\"text-secondary\"><span class=\"TextRun SCXW95386170 BCX0\" lang=\"EN-CA\" xml:lang=\"EN-CA\" data-contrast=\"none\"><span class=\"NormalTextRun SpellingErrorV2Themed SCXW95386170 BCX0\">Etes-vous<\/span><span class=\"NormalTextRun SCXW95386170 BCX0\"> avec nous?<\/span><\/span><span class=\"EOP SCXW95386170 BCX0\" data-ccp-props=\"{&quot;335559685&quot;:0}\">\u00a0<\/span><\/h2>\n<h2 class=\"sub-h2 text-light\"><span class=\"TextRun SCXW176086237 BCX0\" lang=\"EN-CA\" xml:lang=\"EN-CA\" data-contrast=\"none\"><span class=\"NormalTextRun SCXW176086237 BCX0\">Nous <\/span><span class=\"NormalTextRun SpellingErrorV2Themed SCXW176086237 BCX0\">demandons<\/span><span class=\"NormalTextRun SCXW176086237 BCX0\"> au <\/span><span class=\"NormalTextRun SpellingErrorV2Themed SCXW176086237 BCX0\">gouvernement<\/span><span class=\"NormalTextRun SCXW176086237 BCX0\"> de <\/span><span class=\"NormalTextRun SpellingErrorV2Themed SCXW176086237 BCX0\">s\u2019engager<\/span><span class=\"NormalTextRun SCXW176086237 BCX0\"> \u00e0 <\/span><span class=\"NormalTextRun SpellingErrorV2Themed SCXW176086237 BCX0\">r\u00e9duire<\/span> <span class=\"NormalTextRun SpellingErrorV2Themed SCXW176086237 BCX0\">l\u2019ins\u00e9curit\u00e9<\/span> <span class=\"NormalTextRun SpellingErrorV2Themed SCXW176086237 BCX0\">alimentaire<\/span><span class=\"NormalTextRun SCXW176086237 BCX0\"> au Canada de 50 % <\/span><span class=\"NormalTextRun SpellingErrorV2Themed SCXW176086237 BCX0\">d\u2019ici<\/span><span class=\"NormalTextRun SCXW176086237 BCX0\"> 2030.<\/span><\/span><span class=\"EOP SCXW176086237 BCX0\" data-ccp-props=\"{&quot;335559685&quot;:0}\">\u00a0<\/span><\/h2>\n\n      \n      \n    <\/div>\n  <\/div>\n<\/section><\/div>\n<\/div>\n<\/div>\n\n\n\n<hr class=\"wp-block-separator has-alpha-channel-opacity container text-secondary my-5\"\/>\n\n\n\n<div id=\"special-projects\" class=\"wp-block-group container is-layout-constrained wp-block-group-is-layout-constrained\">\n<h2 class=\"wp-block-heading\" id=\"h-a-propos-de-la-fiche-sur-la-pauvrete\">\u00c0 propos de la fiche sur la pauvret\u00e9<\/h2>\n\n\n\n<h4 class=\"wp-block-heading body-title mt-5\" id=\"h-un-niveau-de-pauvrete-beaucoup-plus-eleve-nbsp\"><strong>Un niveau de pauvret\u00e9 beaucoup plus \u00e9lev\u00e9&nbsp;:<\/strong><\/h4>\n\n\n\n<p class=\"mb-3\">Alors que de plus en plus de personnes au Canada sautent des repas et font la file dans les banques alimentaires du pays, une question devient plus urgente&nbsp;: que fait notre gouvernement f\u00e9d\u00e9ral pour aider? La fiche de rendement sur la pauvret\u00e9 met en lumi\u00e8re la performance du gouvernement dans la lutte contre la pauvret\u00e9 au Canada.<\/p>\n\n\n\n<p>La pauvret\u00e9 est un probl\u00e8me complexe qui a de nombreuses causes. L\u2019analyse de Banques alimentaires Canada montre qu\u2019avec des mesures audacieuses de la part du gouvernement f\u00e9d\u00e9ral, il sera possible d\u2019apporter un changement r\u00e9el et durable.<\/p>\n\n\n\n<p class=\"mb-3\">La fiche de rendement sur la pauvret\u00e9 est un outil de responsabilisation et une incitation au changement r\u00e9el, de sorte que personne au Canada n\u2019est laiss\u00e9 pour compte.<\/p>\n\n\n\n<h4 class=\"wp-block-heading body-title mt-5\" id=\"h-pourquoi-avons-nous-cree-la-fiche-de-rendement-sur-la-pauvrete-nbsp\"><strong>Pourquoi avons-nous cr\u00e9\u00e9 la fiche de rendement sur la pauvret\u00e9&nbsp;:<\/strong><\/h4>\n\n\n\n<p class=\"mb-3\">La fiche de rendement sur la pauvret\u00e9 de Banques alimentaires Canada offre un portrait national clair de la pauvret\u00e9 et des mesures prises par le gouvernement. Le rapport suit les progr\u00e8s au fil du temps et propose des recommandations concr\u00e8tes pour aider le gouvernement f\u00e9d\u00e9ral \u00e0 renforcer ses efforts et \u00e0 mieux prioriser la r\u00e9duction de la pauvret\u00e9.<\/p>\n\n\n\n<h4 class=\"wp-block-heading body-title mt-5\" id=\"h-en-quoi-consiste-la-fiche-de-rendement-sur-la-pauvrete-nbsp\"><strong>En quoi consiste la fiche de rendement sur la pauvret\u00e9&nbsp;:<\/strong><\/h4>\n\n\n\n<p class=\"mb-3\">La fiche de rendement sur la pauvret\u00e9 est un outil qui permet de suivre la pauvret\u00e9 \u00e0 l\u2019\u00e9chelle f\u00e9d\u00e9rale. Banques alimentaires Canada \u00e9value le gouvernement du Canada en fonction d\u2019enjeux cl\u00e9s comme le niveau de pauvret\u00e9, le niveau de vie et les mesures gouvernementales. Cela aide les d\u00e9cideurs et les d\u00e9fenseurs \u00e0 voir ce qui fonctionne, quelles am\u00e9liorations sont n\u00e9cessaires, et \u00e0 promouvoir des politiques plus solides.<\/p>\n\n\n\n<h4 class=\"wp-block-heading body-title mt-5\" id=\"h-incidence-de-la-fiche-de-rendement-sur-la-pauvrete-nbsp\"><strong>Incidence de la fiche de rendement sur la pauvret\u00e9&nbsp;:<\/strong><\/h4>\n\n\n\n<p class=\"mb-3\">La fiche de rendement sur la pauvret\u00e9 de 2025 de Banques alimentaires Canada r\u00e9v\u00e8le que la pauvret\u00e9 et l\u2019ins\u00e9curit\u00e9 alimentaire demeurent \u00e9lev\u00e9es, mais qu\u2019il y a des signes de progr\u00e8s. Gr\u00e2ce \u00e0 des mesures coordonn\u00e9es de tous les ordres de gouvernement, nous croyons que le Canada peut r\u00e9duire l\u2019ins\u00e9curit\u00e9 alimentaire de 50&nbsp;% d\u2019ici 2030.<\/p>\n<\/div>\n\n\n\n<hr class=\"wp-block-separator has-alpha-channel-opacity container text-secondary my-5\"\/>\n\n\n\n<div class=\"wp-block-group container is-layout-constrained wp-block-group-is-layout-constrained\">\n<h4 class=\"wp-block-heading\" id=\"PRC-land-acknowledgement\">Reconnaissance territoriale<\/h4>\n\n\n\n<p><strong>En tant qu\u2019organisme qui soutient un r\u00e9seau d\u2019associations d\u2019un bout \u00e0 l\u2019autre du pays, Banques alimentaires Canada reconna\u00eet que ses activit\u00e9s sont exerc\u00e9es sur les territoires traditionnels des peuples autochtones qui ont pris depuis des temps imm\u00e9moriaux soin de ces terres que nous appelons maintenant le Canada.<\/strong><\/p>\n\n\n\n<p>Nous reconnaissons que bon nombre d\u2019entre nous sont des colonisateurs et que ces terres sur lesquelles nous vivons, travaillons, \u00e9changeons et voyageons sont assujetties \u00e0 l\u2019autonomie gouvernementale des Premi\u00e8res Nations en vertu de trait\u00e9s modernes, de territoires non c\u00e9d\u00e9s et non abandonn\u00e9s, ou de territoires traditionnels desquels les membres des Premi\u00e8res Nations, les M\u00e9tis et les Inuits ont \u00e9t\u00e9 d\u00e9plac\u00e9s.<\/p>\n\n\n\n<p>Nous nous engageons \u00e0 d\u00e9coloniser et \u00e0 d\u00e9manteler les syst\u00e8mes d\u2019oppression qui ont d\u00e9poss\u00e9d\u00e9 et continuent de d\u00e9poss\u00e9der les peuples autochtones de leurs terres et de les priver de leurs droits inh\u00e9rents \u00e0 l\u2019autod\u00e9termination. Il s\u2019agit notamment d\u2019\u00e9valuer le r\u00f4le que Banques alimentaires Canada a jou\u00e9 dans la perp\u00e9tuation de ces syst\u00e8mes et de travailler \u00e0 devenir des partenaires actifs dans la voie de la r\u00e9conciliation.<\/p>\n<\/div>\n\n\n\n<hr class=\"wp-block-separator has-alpha-channel-opacity container text-secondary my-5\"\/>\n\n\n\n<div class=\"container mt-5 mb-4\">\n<h4>Remerciements<\/h4>\n<h4>Auteurs ::<\/h4>\n\n<p><strong>Philippe Ozga<\/strong>, responsable du r\u00e9seau et des relations gouvernementales.<\/p>\n<p><strong>Dana Vreeswijk<\/strong>, charg\u00e9e des politiques et du plaidoyer<\/p>\n\n<p>Analyse EDI r\u00e9alis\u00e9e par Empowered EDI<\/strong><\/p>\n<\/div>\n\n\n\n<hr class=\"wp-block-separator has-alpha-channel-opacity container text-secondary my-5\"\/>\n","protected":false},"excerpt":{"rendered":"<p>\u00c0 propos de la fiche sur la pauvret\u00e9 Un niveau de pauvret\u00e9 beaucoup plus \u00e9lev\u00e9&nbsp;: Alors que de plus en plus de personnes au Canada sautent des repas et font la file dans les banques alimentaires du pays, une question devient plus urgente&nbsp;: que fait notre gouvernement f\u00e9d\u00e9ral pour aider? La fiche de rendement sur&#8230;<\/p>\n","protected":false},"author":33,"featured_media":26636,"parent":0,"menu_order":27,"comment_status":"closed","ping_status":"closed","template":"","meta":{"_acf_changed":false,"footnotes":""},"categories":[],"tags":[],"class_list":["post-32505","page","type-page","status-publish","has-post-thumbnail","hentry"],"acf":[],"yoast_head":"<!-- This site is optimized with the Yoast SEO Premium plugin v26.2-RC1 (Yoast SEO v26.2-RC4) - https:\/\/yoast.com\/wordpress\/plugins\/seo\/ -->\n<title>Fiches de Rendement sur la pauvret\u00e9 - Banques alimentaires Canada<\/title>\n<meta name=\"robots\" content=\"index, follow, max-snippet:-1, max-image-preview:large, max-video-preview:-1\" \/>\n<link rel=\"canonical\" href=\"https:\/\/fbc-wp-hidden.azurewebsites.net\/fr\/fiches-de-rendement-sur-la-pauvrete\/\" \/>\n<meta property=\"og:locale\" content=\"fr_CA\" \/>\n<meta property=\"og:type\" content=\"article\" \/>\n<meta property=\"og:title\" content=\"Fiches de Rendement sur la pauvret\u00e9\" \/>\n<meta property=\"og:description\" content=\"\u00c0 propos de la fiche sur la pauvret\u00e9 Un niveau de pauvret\u00e9 beaucoup plus \u00e9lev\u00e9&nbsp;: Alors que de plus en plus de personnes au Canada sautent des repas et font la file dans les banques alimentaires du pays, une question devient plus urgente&nbsp;: que fait notre gouvernement f\u00e9d\u00e9ral pour aider? La fiche de rendement sur...\" \/>\n<meta property=\"og:url\" content=\"https:\/\/fbc-wp-hidden.azurewebsites.net\/fr\/fiches-de-rendement-sur-la-pauvrete\/\" \/>\n<meta property=\"og:site_name\" content=\"Banques alimentaires Canada\" \/>\n<meta property=\"article:modified_time\" content=\"2025-09-16T10:38:29+00:00\" \/>\n<meta property=\"og:image\" content=\"https:\/\/content.foodbankscanada.ca\/wordpress\/2023\/09\/Untitled-design-5.png\" \/>\n\t<meta property=\"og:image:width\" content=\"500\" \/>\n\t<meta property=\"og:image:height\" content=\"500\" \/>\n\t<meta property=\"og:image:type\" content=\"image\/png\" \/>\n<meta name=\"twitter:card\" content=\"summary_large_image\" \/>\n<meta name=\"twitter:label1\" content=\"Est. reading time\" \/>\n\t<meta name=\"twitter:data1\" content=\"3 minutes\" \/>\n<script type=\"application\/ld+json\" class=\"yoast-schema-graph\">{\"@context\":\"https:\/\/schema.org\",\"@graph\":[{\"@type\":\"WebPage\",\"@id\":\"https:\/\/fbc-wp-hidden.azurewebsites.net\/fr\/fiches-de-rendement-sur-la-pauvrete\/\",\"url\":\"https:\/\/fbc-wp-hidden.azurewebsites.net\/fr\/fiches-de-rendement-sur-la-pauvrete\/\",\"name\":\"Fiches de Rendement sur la pauvret\u00e9 - Banques alimentaires Canada\",\"isPartOf\":{\"@id\":\"https:\/\/fbc-wp-hidden.azurewebsites.net\/fr\/#website\"},\"primaryImageOfPage\":{\"@id\":\"https:\/\/fbc-wp-hidden.azurewebsites.net\/fr\/fiches-de-rendement-sur-la-pauvrete\/#primaryimage\"},\"image\":{\"@id\":\"https:\/\/fbc-wp-hidden.azurewebsites.net\/fr\/fiches-de-rendement-sur-la-pauvrete\/#primaryimage\"},\"thumbnailUrl\":\"https:\/\/content.foodbankscanada.ca\/wordpress\/2023\/09\/Untitled-design-5.png\",\"datePublished\":\"2024-05-17T16:19:28+00:00\",\"dateModified\":\"2025-09-16T10:38:29+00:00\",\"breadcrumb\":{\"@id\":\"https:\/\/fbc-wp-hidden.azurewebsites.net\/fr\/fiches-de-rendement-sur-la-pauvrete\/#breadcrumb\"},\"inLanguage\":\"fr-CA\",\"potentialAction\":[{\"@type\":\"ReadAction\",\"target\":[\"https:\/\/fbc-wp-hidden.azurewebsites.net\/fr\/fiches-de-rendement-sur-la-pauvrete\/\"]}]},{\"@type\":\"ImageObject\",\"inLanguage\":\"fr-CA\",\"@id\":\"https:\/\/fbc-wp-hidden.azurewebsites.net\/fr\/fiches-de-rendement-sur-la-pauvrete\/#primaryimage\",\"url\":\"https:\/\/content.foodbankscanada.ca\/wordpress\/2023\/09\/Untitled-design-5.png\",\"contentUrl\":\"https:\/\/content.foodbankscanada.ca\/wordpress\/2023\/09\/Untitled-design-5.png\",\"width\":500,\"height\":500,\"caption\":\"Poverty Report Card logo\"},{\"@type\":\"BreadcrumbList\",\"@id\":\"https:\/\/fbc-wp-hidden.azurewebsites.net\/fr\/fiches-de-rendement-sur-la-pauvrete\/#breadcrumb\",\"itemListElement\":[{\"@type\":\"ListItem\",\"position\":1,\"name\":\"Accueil\",\"item\":\"https:\/\/fbc-wp-hidden.azurewebsites.net\/fr\/\"},{\"@type\":\"ListItem\",\"position\":2,\"name\":\"Fiches de Rendement sur la pauvret\u00e9\"}]},{\"@type\":\"WebSite\",\"@id\":\"https:\/\/fbc-wp-hidden.azurewebsites.net\/fr\/#website\",\"url\":\"https:\/\/fbc-wp-hidden.azurewebsites.net\/fr\/\",\"name\":\"Banques alimentaires Canada\",\"description\":\"\",\"publisher\":{\"@id\":\"https:\/\/fbc-wp-hidden.azurewebsites.net\/fr\/#organization\"},\"potentialAction\":[{\"@type\":\"SearchAction\",\"target\":{\"@type\":\"EntryPoint\",\"urlTemplate\":\"https:\/\/fbc-wp-hidden.azurewebsites.net\/fr\/?s={search_term_string}\"},\"query-input\":{\"@type\":\"PropertyValueSpecification\",\"valueRequired\":true,\"valueName\":\"search_term_string\"}}],\"inLanguage\":\"fr-CA\"},{\"@type\":\"Organization\",\"@id\":\"https:\/\/fbc-wp-hidden.azurewebsites.net\/fr\/#organization\",\"name\":\"Food Banks Canada\",\"url\":\"https:\/\/fbc-wp-hidden.azurewebsites.net\/fr\/\",\"logo\":{\"@type\":\"ImageObject\",\"inLanguage\":\"fr-CA\",\"@id\":\"https:\/\/fbc-wp-hidden.azurewebsites.net\/fr\/#\/schema\/logo\/image\/\",\"url\":\"https:\/\/fbcblobstorage.blob.core.windows.net\/wordpress\/2021\/11\/logo.png\",\"contentUrl\":\"https:\/\/fbcblobstorage.blob.core.windows.net\/wordpress\/2021\/11\/logo.png\",\"width\":377,\"height\":89,\"caption\":\"Food Banks Canada\"},\"image\":{\"@id\":\"https:\/\/fbc-wp-hidden.azurewebsites.net\/fr\/#\/schema\/logo\/image\/\"}}]}<\/script>\n<!-- \/ Yoast SEO Premium plugin. -->","yoast_head_json":{"title":"Fiches de Rendement sur la pauvret\u00e9 - Banques alimentaires Canada","robots":{"index":"index","follow":"follow","max-snippet":"max-snippet:-1","max-image-preview":"max-image-preview:large","max-video-preview":"max-video-preview:-1"},"canonical":"https:\/\/fbc-wp-hidden.azurewebsites.net\/fr\/fiches-de-rendement-sur-la-pauvrete\/","og_locale":"fr_CA","og_type":"article","og_title":"Fiches de Rendement sur la pauvret\u00e9","og_description":"\u00c0 propos de la fiche sur la pauvret\u00e9 Un niveau de pauvret\u00e9 beaucoup plus \u00e9lev\u00e9&nbsp;: Alors que de plus en plus de personnes au Canada sautent des repas et font la file dans les banques alimentaires du pays, une question devient plus urgente&nbsp;: que fait notre gouvernement f\u00e9d\u00e9ral pour aider? La fiche de rendement sur...","og_url":"https:\/\/fbc-wp-hidden.azurewebsites.net\/fr\/fiches-de-rendement-sur-la-pauvrete\/","og_site_name":"Banques alimentaires Canada","article_modified_time":"2025-09-16T10:38:29+00:00","og_image":[{"width":500,"height":500,"url":"https:\/\/content.foodbankscanada.ca\/wordpress\/2023\/09\/Untitled-design-5.png","type":"image\/png"}],"twitter_card":"summary_large_image","twitter_misc":{"Est. reading time":"3 minutes"},"schema":{"@context":"https:\/\/schema.org","@graph":[{"@type":"WebPage","@id":"https:\/\/fbc-wp-hidden.azurewebsites.net\/fr\/fiches-de-rendement-sur-la-pauvrete\/","url":"https:\/\/fbc-wp-hidden.azurewebsites.net\/fr\/fiches-de-rendement-sur-la-pauvrete\/","name":"Fiches de Rendement sur la pauvret\u00e9 - Banques alimentaires Canada","isPartOf":{"@id":"https:\/\/fbc-wp-hidden.azurewebsites.net\/fr\/#website"},"primaryImageOfPage":{"@id":"https:\/\/fbc-wp-hidden.azurewebsites.net\/fr\/fiches-de-rendement-sur-la-pauvrete\/#primaryimage"},"image":{"@id":"https:\/\/fbc-wp-hidden.azurewebsites.net\/fr\/fiches-de-rendement-sur-la-pauvrete\/#primaryimage"},"thumbnailUrl":"https:\/\/content.foodbankscanada.ca\/wordpress\/2023\/09\/Untitled-design-5.png","datePublished":"2024-05-17T16:19:28+00:00","dateModified":"2025-09-16T10:38:29+00:00","breadcrumb":{"@id":"https:\/\/fbc-wp-hidden.azurewebsites.net\/fr\/fiches-de-rendement-sur-la-pauvrete\/#breadcrumb"},"inLanguage":"fr-CA","potentialAction":[{"@type":"ReadAction","target":["https:\/\/fbc-wp-hidden.azurewebsites.net\/fr\/fiches-de-rendement-sur-la-pauvrete\/"]}]},{"@type":"ImageObject","inLanguage":"fr-CA","@id":"https:\/\/fbc-wp-hidden.azurewebsites.net\/fr\/fiches-de-rendement-sur-la-pauvrete\/#primaryimage","url":"https:\/\/content.foodbankscanada.ca\/wordpress\/2023\/09\/Untitled-design-5.png","contentUrl":"https:\/\/content.foodbankscanada.ca\/wordpress\/2023\/09\/Untitled-design-5.png","width":500,"height":500,"caption":"Poverty Report Card logo"},{"@type":"BreadcrumbList","@id":"https:\/\/fbc-wp-hidden.azurewebsites.net\/fr\/fiches-de-rendement-sur-la-pauvrete\/#breadcrumb","itemListElement":[{"@type":"ListItem","position":1,"name":"Accueil","item":"https:\/\/fbc-wp-hidden.azurewebsites.net\/fr\/"},{"@type":"ListItem","position":2,"name":"Fiches de Rendement sur la pauvret\u00e9"}]},{"@type":"WebSite","@id":"https:\/\/fbc-wp-hidden.azurewebsites.net\/fr\/#website","url":"https:\/\/fbc-wp-hidden.azurewebsites.net\/fr\/","name":"Banques alimentaires Canada","description":"","publisher":{"@id":"https:\/\/fbc-wp-hidden.azurewebsites.net\/fr\/#organization"},"potentialAction":[{"@type":"SearchAction","target":{"@type":"EntryPoint","urlTemplate":"https:\/\/fbc-wp-hidden.azurewebsites.net\/fr\/?s={search_term_string}"},"query-input":{"@type":"PropertyValueSpecification","valueRequired":true,"valueName":"search_term_string"}}],"inLanguage":"fr-CA"},{"@type":"Organization","@id":"https:\/\/fbc-wp-hidden.azurewebsites.net\/fr\/#organization","name":"Food Banks Canada","url":"https:\/\/fbc-wp-hidden.azurewebsites.net\/fr\/","logo":{"@type":"ImageObject","inLanguage":"fr-CA","@id":"https:\/\/fbc-wp-hidden.azurewebsites.net\/fr\/#\/schema\/logo\/image\/","url":"https:\/\/fbcblobstorage.blob.core.windows.net\/wordpress\/2021\/11\/logo.png","contentUrl":"https:\/\/fbcblobstorage.blob.core.windows.net\/wordpress\/2021\/11\/logo.png","width":377,"height":89,"caption":"Food Banks Canada"},"image":{"@id":"https:\/\/fbc-wp-hidden.azurewebsites.net\/fr\/#\/schema\/logo\/image\/"}}]}},"_links":{"self":[{"href":"https:\/\/fbc-wp-hidden.azurewebsites.net\/fr\/wp-json\/wp\/v2\/pages\/32505","targetHints":{"allow":["GET"]}}],"collection":[{"href":"https:\/\/fbc-wp-hidden.azurewebsites.net\/fr\/wp-json\/wp\/v2\/pages"}],"about":[{"href":"https:\/\/fbc-wp-hidden.azurewebsites.net\/fr\/wp-json\/wp\/v2\/types\/page"}],"author":[{"embeddable":true,"href":"https:\/\/fbc-wp-hidden.azurewebsites.net\/fr\/wp-json\/wp\/v2\/users\/33"}],"replies":[{"embeddable":true,"href":"https:\/\/fbc-wp-hidden.azurewebsites.net\/fr\/wp-json\/wp\/v2\/comments?post=32505"}],"version-history":[{"count":41,"href":"https:\/\/fbc-wp-hidden.azurewebsites.net\/fr\/wp-json\/wp\/v2\/pages\/32505\/revisions"}],"predecessor-version":[{"id":45517,"href":"https:\/\/fbc-wp-hidden.azurewebsites.net\/fr\/wp-json\/wp\/v2\/pages\/32505\/revisions\/45517"}],"wp:featuredmedia":[{"embeddable":true,"href":"https:\/\/fbc-wp-hidden.azurewebsites.net\/fr\/wp-json\/wp\/v2\/media\/26636"}],"wp:attachment":[{"href":"https:\/\/fbc-wp-hidden.azurewebsites.net\/fr\/wp-json\/wp\/v2\/media?parent=32505"}],"wp:term":[{"taxonomy":"category","embeddable":true,"href":"https:\/\/fbc-wp-hidden.azurewebsites.net\/fr\/wp-json\/wp\/v2\/categories?post=32505"},{"taxonomy":"post_tag","embeddable":true,"href":"https:\/\/fbc-wp-hidden.azurewebsites.net\/fr\/wp-json\/wp\/v2\/tags?post=32505"}],"curies":[{"name":"wp","href":"https:\/\/api.w.org\/{rel}","templated":true}]}}