{"id":41980,"date":"2025-05-31T17:30:48","date_gmt":"2025-05-31T21:30:48","guid":{"rendered":"https:\/\/stg.foodbankscanada.ca\/?page_id=41980"},"modified":"2025-06-27T09:53:09","modified_gmt":"2025-06-27T13:53:09","slug":"la-faim-au-canada","status":"publish","type":"page","link":"https:\/\/fbc-wp-hidden.azurewebsites.net\/fr\/la-faim-au-canada\/","title":{"rendered":"La faim au Canada"},"content":{"rendered":"<section class=\" block block-image-text-button-list image-text-button-list mb-5 alignfull\"\n         style=\"  background-color: rgba(254, 245, 221, 0); \">\n  <div class=\"container-lg px-0 d-flex flex-column flex-lg-row-reverse\">\n    \n    <div class=\"container-lg px-0 px-lg-2 col-12 col-lg-8\">\n      \n      <div class=\"slider-padding-div mb-4\">\n        <div\n          class=\"image-text-button-swiper swiper\"\n          style=\"--swiper-theme-color: #FFBE00; width: 100%;\"\n          data-autoscroll=\"false\"\n          data-delay=\"3000\"\n        >\n          <div class=\"swiper-wrapper\">\n                           \n                <div\n                  class=\"swiper-slide image-banner\"\n                  style=\"background-size: cover; background-position: center; background-repeat: no-repeat;\n                                        aspect-ratio: 1.7010101010101;\n                                              background-image: url('https:\/\/content.foodbankscanada.ca\/wordpress\/2025\/05\/hunger_158-6839d05ec8c47.png');\n                                                              width: 100%;\"\n                  role=\"img\"\n                  aria-label=\"\"\n                ><\/div>\n                                    <\/div>\n\n                  <\/div>\n      <\/div>\n\n      \n              <div class=\"d-none d-lg-block\">\n          <h3>La faim n\u2019est pas r\u00e9serv\u00e9e aux \u00e9trangers ou aux personnes qui sont sans logement.<\/h3>\n<p>L\u2019ins\u00e9curit\u00e9 alimentaire peut toucher vos voisins, vos coll\u00e8gues ou votre famille. Nos recherches aident \u00e0 voir au-del\u00e0 de la stigmatisation afin de comprendre les causes profondes. Gr\u00e2ce au jeu de donn\u00e9es national le plus complet sur l\u2019ins\u00e9curit\u00e9 alimentaire, Banques alimentaires Canada publie des recherches offrant une perspective exclusive et des \u00e9clairages uniques sur l\u2019ins\u00e9curit\u00e9 alimentaire \u00e0 l\u2019\u00e9chelle nationale.<\/p>\n\n        <\/div>\n          <\/div>\n\n    \n    <div class=\"container col-12 col-lg-4 text-break\">\n      <div class=\"breadcrumbs-section    \n   breadcrumbs_normal \">\n  <p id=\"breadcrumbs\" class=\"\"><span><span><a href=\"https:\/\/fbc-wp-hidden.azurewebsites.net\/fr\/\">Accueil<\/a><\/span><\/span><\/p><\/div>              <div class=\"mt-4\">\n          <h1>La faim au Canada<\/h1>\n<ul>\n<li><a href=\"https:\/\/fbc-wp-hidden.azurewebsites.net\/fr\/la-faim-au-canada\/bilan-faim\/\">Bilan-Faim<\/a><\/li>\n<li><a href=\"https:\/\/fbc-wp-hidden.azurewebsites.net\/hunger-in-canada\/poverty-vulnerability-map\/\">Carte de vuln\u00e9rabilit\u00e9 \u00e0 la pauvret\u00e9<\/a><\/li>\n<li><a href=\"https:\/\/content.foodbankscanada.ca\/wordpress\/2024\/06\/FBC_2024PovertyInCanada_FRN_v1.pdf\" target=\"_blank\" rel=\"noopener\">La pauvret\u00e9 au Canada<\/a><\/li>\n<li><a href=\"https:\/\/content.foodbankscanada.ca\/wordpress\/2024\/04\/FBC_2024PAR_Report_Frn_v2.pdf\" target=\"_blank\" rel=\"noopener\">Explorer les obstacles \u00e0 l\u2019acc\u00e8s \u00e0 la nourriture<\/a><\/li>\n<\/ul>\n\n        <\/div>\n      \n              <div class=\"mt-4 d-block d-lg-none\">\n          <h3>La faim n\u2019est pas r\u00e9serv\u00e9e aux \u00e9trangers ou aux personnes qui sont sans logement.<\/h3>\n<p>L\u2019ins\u00e9curit\u00e9 alimentaire peut toucher vos voisins, vos coll\u00e8gues ou votre famille. Nos recherches aident \u00e0 voir au-del\u00e0 de la stigmatisation afin de comprendre les causes profondes. Gr\u00e2ce au jeu de donn\u00e9es national le plus complet sur l\u2019ins\u00e9curit\u00e9 alimentaire, Banques alimentaires Canada publie des recherches offrant une perspective exclusive et des \u00e9clairages uniques sur l\u2019ins\u00e9curit\u00e9 alimentaire \u00e0 l\u2019\u00e9chelle nationale.<\/p>\n\n        <\/div>\n          <\/div>\n  <\/div>\n<\/section>\n\n<section class=\" block block-stat-tile-v2 stat-tile-v2 mt-4 mb-5 my-lg-6 aligndefault \n                 bg-color-light \" \n                style=\"\">\n  <div class=\"container\">\n          <div class=\"mb-3\">\n        <h2>La faim en chiffres<\/h2>\n\n      <\/div>\n    \n    <div class=\"row row-cols-1\">\n               \n          <div class=\"col col-12 col-md-6 col-lg-4 mb-4\">\n            <div class=\" p-4  h-100 \n                         bg-color-red \">\n              \n                              <h2 class='text-secondary'>Pr\u00e8s d\u2019un Canadien sur quatre<\/h2>\n<p class='text-light'>fait partie d\u2019un m\u00e9nage en situation d\u2019ins\u00e9curit\u00e9 alimentaire.<\/p>\n\n                          <\/div>\n          <\/div>\n         \n          <div class=\"col col-12 col-md-6 col-lg-4 mb-4\">\n            <div class=\" p-4  h-100 \n                         bg-color-red \">\n              \n                              <h2 class=\"text-secondary\">28%<\/h2>\n<p class=\"text-light\">des familles avec enfants affirment qu\u2019elles auront probablement besoin d\u2019une banque alimentaire dans les six prochains mois.<\/p>\n\n                          <\/div>\n          <\/div>\n         \n          <div class=\"col col-12 col-md-6 col-lg-4 mb-4\">\n            <div class=\" p-4  h-100 \n                         bg-color-red \">\n              \n                              <h2 class=\"text-secondary\">18%<\/h2>\n<p class=\"text-light\">des personnes qui ont recours aux banques alimentaires occupent un emploi.<\/p>\n\n                          <\/div>\n          <\/div>\n                  <\/div>\n  <\/div>\n<\/section>\n\n\n      \n\n<section class=\" block block-image-text-button image-text-button mt-4 mb-5 my-lg-6 alignfull\"\n         style=\"\n                  background-color: rgba(254, 245, 221, 0); \">\n    <div class=\"container\">\n        <div class=\"d-flex flex-column flex-lg-row row gx-5\n                     \"\n             style=\"\">\n\n            \n            <div class=\"col-12 col-lg-6 mb-4 mb-lg-0\">\n                <div class=\"slider-padding-div\">\n                    <div\n                        class=\"image-text-button-swiper swiper\"\n                        style=\"--swiper-theme-color: #FFBE00; width: 100%;\"\n                        data-autoscroll=\"false\"\n                        data-delay=\"3000\"\n                    >\n                        <div class=\"swiper-wrapper\">\n                                                            <div\n                                    class=\"swiper-slide image-banner\"\n                                    style=\"background-size: cover; background-position: center; background-repeat: no-repeat; \n                                                                                    aspect-ratio: 1.2958333333333; \n                                             \n                                                background-image: url('https:\/\/content.foodbankscanada.ca\/wordpress\/2025\/05\/hunger_159-6839d06c9d159.png');\n                                                                                                                            width: 100%;\"\n                                    role=\"img\"\n                                    aria-label=\"\"\n                                ><\/div>\n                                                    <\/div>\n                                            <\/div>\n                <\/div>\n            <\/div>\n\n            \n            <div class=\"image-text-button-block-body col-12 col-lg-6 mt-lg-4 mt-xl-5 pt-xl-2\"><h2>L\u2019ins\u00e9curit\u00e9 alimentaire surviendra peut\u2011\u00eatre au prochain ch\u00e8que de paie<\/h2>\n<p>Plus de 50\u00a0% des Canadiens n\u2019en sont qu\u2019\u00e0 un ch\u00e8que de paie d\u2019avoir recours \u00e0 une banque alimentaire<span class=\"citation-num\">1<\/span>. Un accident, une maladie ou une perte d\u2019emploi peut \u00eatre tout ce qu\u2019il faut pour les faire basculer dans le gouffre.<\/p>\n<hr class=\"text-brownish-red citation-hr\">\n<p class=\"citation-p text-brownish-red\"><span class=\"text-brownish-red citation-num\">1.<\/span> Source: CTV News. Living paycheque-to-paycheque: \u2018Canadians are under stress,\u2019 warns Equifax<\/p>\n<p><a class=\"btn mt-4\" href=\"https:\/\/fbc-wp-hidden.azurewebsites.net\/hunger-in-canada\/poverty-vulnerability-map\/\">Carte de Vuln\u00e9rabilit\u00e9 \u00e0 la pauvet\u00e9<\/a><\/p>\n<\/div>\n        <\/div>\n    <\/div>\n<\/section>\n\n\n<div id=\"hunger-research\" class=\"wp-block-group is-layout-constrained wp-block-group-is-layout-constrained\"><section class=\" block block-no-bg-image-card-group-v2 no-bg-image-card-group-v2 mt-4 mb-5 my-lg-6 aligndefault bg-color-light \n                \" style=\"\">\n  <div class=\"container\">\n  \n          <h2>Recherche sur la faim<\/h2>\n<h4>Tant qu\u2019il y aura de la faim et de l\u2019ins\u00e9curit\u00e9 alimentaire, nous continuerons notre travail.<\/h4>\n\n    \n    <div class=\"row row-cols-1  gx-3 gy-4 \">\n       \n                  <div class=\"col col-12 col-md-6 col-lg-3 d-flex align-items-stretch\">\n  <div class=\"card w-100 border-0\">\n          <img decoding=\"async\" loading=\"lazy\" src=\"https:\/\/content.foodbankscanada.ca\/wordpress\/2025\/05\/image-160-13.png\" class=\"card-img-top blog-image\" style=\"aspect-ratio:4\/3; object-fit: cover;\">\n    \n    <div class=\"card-body p-0 text-body-color \">\n      \n              <p class=\"fw-semibold mt-4 mb-2 blog-title card-title\">Bilan-Faim\u00a02024<\/p>\n      \n      \n        <div class=\"card-text\">\n                <p>Le recours aux banques alimentaires au Canada continue d\u2019augmenter ann\u00e9e apr\u00e8s ann\u00e9e. Consultez les statistiques, lisez nos recommandations politiques et aidez\u2011nous \u00e0 stimuler le changement.<\/p>\n\n          <\/div>\n\n            <a href=\"\/fr\/hunger-in-canada\/hungercount\/\" class=\"text-body-color text-uppercase h6\" target=\"\" \n          rel=\"\">\n          Consultez la page Bilan\u2011Faim\n        <\/a>\n            <\/div>\n  <\/div>\n<\/div> \n                  <div class=\"col col-12 col-md-6 col-lg-3 d-flex align-items-stretch\">\n  <div class=\"card w-100 border-0\">\n          <img decoding=\"async\" loading=\"lazy\" src=\"https:\/\/content.foodbankscanada.ca\/wordpress\/2025\/05\/home_160-4.webp\" class=\"card-img-top blog-image\" style=\"aspect-ratio:4\/3; object-fit: cover;\">\n    \n    <div class=\"card-body p-0 text-body-color \">\n      \n              <p class=\"fw-semibold mt-4 mb-2 blog-title card-title\">Carte de vuln\u00e9rabilit\u00e9 \u00e0 la pauvret\u00e9<\/p>\n      \n      \n        <div class=\"card-text\">\n                <p>La pauvret\u00e9 peut parfois \u00eatre difficile \u00e0 percevoir, ce qui complique sa prise en charge. Notre carte interactive donne un aper\u00e7u de la g\u00e9ographie de la pauvret\u00e9 et des facteurs sous\u2011jacents.<\/p>\n\n          <\/div>\n\n            <a href=\"\/fr\/hunger-in-canada\/poverty-vulnerability-map\/\" class=\"text-body-color text-uppercase h6\" target=\"\" \n          rel=\"\">\n          Allez \u00e0 la carte\n        <\/a>\n            <\/div>\n  <\/div>\n<\/div> \n                  <div class=\"col col-12 col-md-6 col-lg-3 d-flex align-items-stretch\">\n  <div class=\"card w-100 border-0\">\n          <img decoding=\"async\" loading=\"lazy\" src=\"https:\/\/content.foodbankscanada.ca\/wordpress\/2025\/05\/hunger_160-2-6839d05506367.png\" class=\"card-img-top blog-image\" style=\"aspect-ratio:4\/3; object-fit: cover;\">\n    \n    <div class=\"card-body p-0 text-body-color \">\n      \n              <p class=\"fw-semibold mt-4 mb-2 blog-title card-title\">Exploration des obstacles \u00e0 l\u2019acc\u00e8s aux aliments<\/p>\n      \n      \n        <div class=\"card-text\">\n                <p>T\u00e9l\u00e9chargez notre rapport et d\u00e9couvrez comment nous comblons l\u2019\u00e9cart entre les personnes qui sont en situation d\u2019ins\u00e9curit\u00e9 alimentaire et celles qui tentent d\u2019obtenir de l\u2019aide.<\/p>\n\n          <\/div>\n\n            <a href=\"https:\/\/content.foodbankscanada.ca\/wordpress\/2024\/06\/FBC_2024PovertyInCanada_FRN_v1.pdf\" class=\"text-body-color text-uppercase h6\" target=\"_blank\" \n          rel=\" noopener noreferrer \">\n          T\u00e9l\u00e9charger le rapport\n        <\/a>\n            <\/div>\n  <\/div>\n<\/div> \n                  <div class=\"col col-12 col-md-6 col-lg-3 d-flex align-items-stretch\">\n  <div class=\"card w-100 border-0\">\n          <img decoding=\"async\" loading=\"lazy\" src=\"https:\/\/content.foodbankscanada.ca\/wordpress\/2025\/05\/image-160-16.png\" class=\"card-img-top blog-image\" style=\"aspect-ratio:4\/3; object-fit: cover;\">\n    \n    <div class=\"card-body p-0 text-body-color \">\n      \n              <p class=\"fw-semibold mt-4 mb-2 blog-title card-title\">La pauvret\u00e9 au Canada sous l\u2019angle de la privation<\/p>\n      \n      \n        <div class=\"card-text\">\n                <p>D\u00e9couvrez comment l\u2019indice de privation mat\u00e9rielle aide \u00e0 comprendre les causes de la pauvret\u00e9 et de l\u2019ins\u00e9curit\u00e9 alimentaire. Une collaboration avec l\u2019Environics Institute for Survey Research.<\/p>\n<p><a href=\"https:\/\/content.foodbankscanada.ca\/wordpress\/2024\/06\/FBC_2024_MeasuringPovertywithMDI_v20240327_FR_FINAL-June-17.pdf\" class=\"h6 text-uppercase\" target=\"_blank\" rel=\"noopener noreferrer\">Voir le rapport complet<\/a><\/p>\n\n          <\/div>\n\n            <a href=\"https:\/\/content.foodbankscanada.ca\/wordpress\/2024\/04\/FBC_2024PAR_Report_Frn_v2.pdf\" class=\"text-body-color text-uppercase h6\" target=\"_blank\" \n          rel=\" noopener noreferrer \">\n          T\u00e9l\u00e9charger le rapport\n        <\/a>\n            <\/div>\n  <\/div>\n<\/div> \n                  <\/div>\n  <\/div>\n<\/section><\/div>\n\n\n\n<hr class=\"wp-block-separator has-alpha-channel-opacity container text-secondary\"\/>\n\n\n<section class=\" block block-donation donation mt-4 mb-5 my-lg-6 aligndefault\" style=\"\">\n  <div id=\"donation-container\" class=\"container d-flex flex-column flex-lg-row \n        justify-content-center align-items-center bg-color-beige py-4\">          \n    <div class=\"w-100 p-4 p-lg-6 \">\n      <h2>Aidez \u00e0 \u00e9liminer la faim.<br \/>\nFaites un don d\u00e8s maintenant.<br \/>\n<\/h2>\n<p>Votre g\u00e9n\u00e9reux soutien aidera \u00e0 faire en sorte que les familles, les a\u00een\u00e9s et les enfants qui sont aux prises avec l\u2019ins\u00e9curit\u00e9 alimentaire obtiennent les aliments nutritifs dont ils ont besoin pour atteindre leur plein potentiel.<\/p>\n\n    <\/div>\n    <div class=\"w-100 d-flex justify-content-center\">\n      <a href=\"#XPZQTLKH\" style=\"display: none\"><\/a>\n    <\/div>\n  <\/div>\n<\/section>\n\n\n<p><\/p>\n","protected":false},"excerpt":{"rendered":"","protected":false},"author":1,"featured_media":41703,"parent":0,"menu_order":13,"comment_status":"closed","ping_status":"closed","template":"full-width-page.blade.php","meta":{"_acf_changed":false,"footnotes":""},"categories":[],"tags":[],"class_list":["post-41980","page","type-page","status-publish","has-post-thumbnail","hentry"],"acf":[],"yoast_head":"<!-- This site is optimized with the Yoast SEO Premium plugin v26.2-RC1 (Yoast SEO v26.2-RC4) - https:\/\/yoast.com\/wordpress\/plugins\/seo\/ -->\n<title>La faim au Canada - Banques alimentaires Canada<\/title>\n<meta name=\"robots\" content=\"index, follow, max-snippet:-1, max-image-preview:large, max-video-preview:-1\" \/>\n<link rel=\"canonical\" href=\"https:\/\/fbc-wp-hidden.azurewebsites.net\/fr\/la-faim-au-canada\/\" \/>\n<meta property=\"og:locale\" content=\"fr_CA\" \/>\n<meta property=\"og:type\" content=\"article\" \/>\n<meta property=\"og:title\" content=\"La faim au Canada\" \/>\n<meta property=\"og:url\" content=\"https:\/\/fbc-wp-hidden.azurewebsites.net\/fr\/la-faim-au-canada\/\" \/>\n<meta property=\"og:site_name\" content=\"Banques alimentaires Canada\" \/>\n<meta property=\"article:modified_time\" content=\"2025-06-27T13:53:09+00:00\" \/>\n<meta property=\"og:image\" content=\"https:\/\/content.foodbankscanada.ca\/wordpress\/2025\/05\/hunger_158-6839d05ec8c47-1024x470.png\" \/>\n\t<meta property=\"og:image:width\" content=\"1024\" \/>\n\t<meta property=\"og:image:height\" content=\"470\" \/>\n\t<meta property=\"og:image:type\" content=\"image\/png\" \/>\n<meta name=\"twitter:card\" content=\"summary_large_image\" \/>\n<script type=\"application\/ld+json\" class=\"yoast-schema-graph\">{\"@context\":\"https:\/\/schema.org\",\"@graph\":[{\"@type\":\"WebPage\",\"@id\":\"https:\/\/fbc-wp-hidden.azurewebsites.net\/fr\/la-faim-au-canada\/\",\"url\":\"https:\/\/fbc-wp-hidden.azurewebsites.net\/fr\/la-faim-au-canada\/\",\"name\":\"La faim au Canada - Banques alimentaires Canada\",\"isPartOf\":{\"@id\":\"https:\/\/fbc-wp-hidden.azurewebsites.net\/fr\/#website\"},\"primaryImageOfPage\":{\"@id\":\"https:\/\/fbc-wp-hidden.azurewebsites.net\/fr\/la-faim-au-canada\/#primaryimage\"},\"image\":{\"@id\":\"https:\/\/fbc-wp-hidden.azurewebsites.net\/fr\/la-faim-au-canada\/#primaryimage\"},\"thumbnailUrl\":\"https:\/\/content.foodbankscanada.ca\/wordpress\/2025\/05\/hunger_158-6839d05ec8c47.png\",\"datePublished\":\"2025-05-31T21:30:48+00:00\",\"dateModified\":\"2025-06-27T13:53:09+00:00\",\"breadcrumb\":{\"@id\":\"https:\/\/fbc-wp-hidden.azurewebsites.net\/fr\/la-faim-au-canada\/#breadcrumb\"},\"inLanguage\":\"fr-CA\",\"potentialAction\":[{\"@type\":\"ReadAction\",\"target\":[\"https:\/\/fbc-wp-hidden.azurewebsites.net\/fr\/la-faim-au-canada\/\"]}]},{\"@type\":\"ImageObject\",\"inLanguage\":\"fr-CA\",\"@id\":\"https:\/\/fbc-wp-hidden.azurewebsites.net\/fr\/la-faim-au-canada\/#primaryimage\",\"url\":\"https:\/\/content.foodbankscanada.ca\/wordpress\/2025\/05\/hunger_158-6839d05ec8c47.png\",\"contentUrl\":\"https:\/\/content.foodbankscanada.ca\/wordpress\/2025\/05\/hunger_158-6839d05ec8c47.png\",\"width\":1790,\"height\":822},{\"@type\":\"BreadcrumbList\",\"@id\":\"https:\/\/fbc-wp-hidden.azurewebsites.net\/fr\/la-faim-au-canada\/#breadcrumb\",\"itemListElement\":[{\"@type\":\"ListItem\",\"position\":1,\"name\":\"Accueil\",\"item\":\"https:\/\/fbc-wp-hidden.azurewebsites.net\/fr\/\"},{\"@type\":\"ListItem\",\"position\":2,\"name\":\"La faim au Canada\"}]},{\"@type\":\"WebSite\",\"@id\":\"https:\/\/fbc-wp-hidden.azurewebsites.net\/fr\/#website\",\"url\":\"https:\/\/fbc-wp-hidden.azurewebsites.net\/fr\/\",\"name\":\"Banques alimentaires Canada\",\"description\":\"\",\"publisher\":{\"@id\":\"https:\/\/fbc-wp-hidden.azurewebsites.net\/fr\/#organization\"},\"potentialAction\":[{\"@type\":\"SearchAction\",\"target\":{\"@type\":\"EntryPoint\",\"urlTemplate\":\"https:\/\/fbc-wp-hidden.azurewebsites.net\/fr\/?s={search_term_string}\"},\"query-input\":{\"@type\":\"PropertyValueSpecification\",\"valueRequired\":true,\"valueName\":\"search_term_string\"}}],\"inLanguage\":\"fr-CA\"},{\"@type\":\"Organization\",\"@id\":\"https:\/\/fbc-wp-hidden.azurewebsites.net\/fr\/#organization\",\"name\":\"Food Banks Canada\",\"url\":\"https:\/\/fbc-wp-hidden.azurewebsites.net\/fr\/\",\"logo\":{\"@type\":\"ImageObject\",\"inLanguage\":\"fr-CA\",\"@id\":\"https:\/\/fbc-wp-hidden.azurewebsites.net\/fr\/#\/schema\/logo\/image\/\",\"url\":\"https:\/\/fbcblobstorage.blob.core.windows.net\/wordpress\/2021\/11\/logo.png\",\"contentUrl\":\"https:\/\/fbcblobstorage.blob.core.windows.net\/wordpress\/2021\/11\/logo.png\",\"width\":377,\"height\":89,\"caption\":\"Food Banks Canada\"},\"image\":{\"@id\":\"https:\/\/fbc-wp-hidden.azurewebsites.net\/fr\/#\/schema\/logo\/image\/\"}}]}<\/script>\n<!-- \/ Yoast SEO Premium plugin. -->","yoast_head_json":{"title":"La faim au Canada - Banques alimentaires Canada","robots":{"index":"index","follow":"follow","max-snippet":"max-snippet:-1","max-image-preview":"max-image-preview:large","max-video-preview":"max-video-preview:-1"},"canonical":"https:\/\/fbc-wp-hidden.azurewebsites.net\/fr\/la-faim-au-canada\/","og_locale":"fr_CA","og_type":"article","og_title":"La faim au Canada","og_url":"https:\/\/fbc-wp-hidden.azurewebsites.net\/fr\/la-faim-au-canada\/","og_site_name":"Banques alimentaires Canada","article_modified_time":"2025-06-27T13:53:09+00:00","og_image":[{"width":1024,"height":470,"url":"https:\/\/content.foodbankscanada.ca\/wordpress\/2025\/05\/hunger_158-6839d05ec8c47-1024x470.png","type":"image\/png"}],"twitter_card":"summary_large_image","schema":{"@context":"https:\/\/schema.org","@graph":[{"@type":"WebPage","@id":"https:\/\/fbc-wp-hidden.azurewebsites.net\/fr\/la-faim-au-canada\/","url":"https:\/\/fbc-wp-hidden.azurewebsites.net\/fr\/la-faim-au-canada\/","name":"La faim au Canada - Banques alimentaires Canada","isPartOf":{"@id":"https:\/\/fbc-wp-hidden.azurewebsites.net\/fr\/#website"},"primaryImageOfPage":{"@id":"https:\/\/fbc-wp-hidden.azurewebsites.net\/fr\/la-faim-au-canada\/#primaryimage"},"image":{"@id":"https:\/\/fbc-wp-hidden.azurewebsites.net\/fr\/la-faim-au-canada\/#primaryimage"},"thumbnailUrl":"https:\/\/content.foodbankscanada.ca\/wordpress\/2025\/05\/hunger_158-6839d05ec8c47.png","datePublished":"2025-05-31T21:30:48+00:00","dateModified":"2025-06-27T13:53:09+00:00","breadcrumb":{"@id":"https:\/\/fbc-wp-hidden.azurewebsites.net\/fr\/la-faim-au-canada\/#breadcrumb"},"inLanguage":"fr-CA","potentialAction":[{"@type":"ReadAction","target":["https:\/\/fbc-wp-hidden.azurewebsites.net\/fr\/la-faim-au-canada\/"]}]},{"@type":"ImageObject","inLanguage":"fr-CA","@id":"https:\/\/fbc-wp-hidden.azurewebsites.net\/fr\/la-faim-au-canada\/#primaryimage","url":"https:\/\/content.foodbankscanada.ca\/wordpress\/2025\/05\/hunger_158-6839d05ec8c47.png","contentUrl":"https:\/\/content.foodbankscanada.ca\/wordpress\/2025\/05\/hunger_158-6839d05ec8c47.png","width":1790,"height":822},{"@type":"BreadcrumbList","@id":"https:\/\/fbc-wp-hidden.azurewebsites.net\/fr\/la-faim-au-canada\/#breadcrumb","itemListElement":[{"@type":"ListItem","position":1,"name":"Accueil","item":"https:\/\/fbc-wp-hidden.azurewebsites.net\/fr\/"},{"@type":"ListItem","position":2,"name":"La faim au Canada"}]},{"@type":"WebSite","@id":"https:\/\/fbc-wp-hidden.azurewebsites.net\/fr\/#website","url":"https:\/\/fbc-wp-hidden.azurewebsites.net\/fr\/","name":"Banques alimentaires Canada","description":"","publisher":{"@id":"https:\/\/fbc-wp-hidden.azurewebsites.net\/fr\/#organization"},"potentialAction":[{"@type":"SearchAction","target":{"@type":"EntryPoint","urlTemplate":"https:\/\/fbc-wp-hidden.azurewebsites.net\/fr\/?s={search_term_string}"},"query-input":{"@type":"PropertyValueSpecification","valueRequired":true,"valueName":"search_term_string"}}],"inLanguage":"fr-CA"},{"@type":"Organization","@id":"https:\/\/fbc-wp-hidden.azurewebsites.net\/fr\/#organization","name":"Food Banks Canada","url":"https:\/\/fbc-wp-hidden.azurewebsites.net\/fr\/","logo":{"@type":"ImageObject","inLanguage":"fr-CA","@id":"https:\/\/fbc-wp-hidden.azurewebsites.net\/fr\/#\/schema\/logo\/image\/","url":"https:\/\/fbcblobstorage.blob.core.windows.net\/wordpress\/2021\/11\/logo.png","contentUrl":"https:\/\/fbcblobstorage.blob.core.windows.net\/wordpress\/2021\/11\/logo.png","width":377,"height":89,"caption":"Food Banks Canada"},"image":{"@id":"https:\/\/fbc-wp-hidden.azurewebsites.net\/fr\/#\/schema\/logo\/image\/"}}]}},"_links":{"self":[{"href":"https:\/\/fbc-wp-hidden.azurewebsites.net\/fr\/wp-json\/wp\/v2\/pages\/41980","targetHints":{"allow":["GET"]}}],"collection":[{"href":"https:\/\/fbc-wp-hidden.azurewebsites.net\/fr\/wp-json\/wp\/v2\/pages"}],"about":[{"href":"https:\/\/fbc-wp-hidden.azurewebsites.net\/fr\/wp-json\/wp\/v2\/types\/page"}],"author":[{"embeddable":true,"href":"https:\/\/fbc-wp-hidden.azurewebsites.net\/fr\/wp-json\/wp\/v2\/users\/1"}],"replies":[{"embeddable":true,"href":"https:\/\/fbc-wp-hidden.azurewebsites.net\/fr\/wp-json\/wp\/v2\/comments?post=41980"}],"version-history":[{"count":18,"href":"https:\/\/fbc-wp-hidden.azurewebsites.net\/fr\/wp-json\/wp\/v2\/pages\/41980\/revisions"}],"predecessor-version":[{"id":44139,"href":"https:\/\/fbc-wp-hidden.azurewebsites.net\/fr\/wp-json\/wp\/v2\/pages\/41980\/revisions\/44139"}],"wp:featuredmedia":[{"embeddable":true,"href":"https:\/\/fbc-wp-hidden.azurewebsites.net\/fr\/wp-json\/wp\/v2\/media\/41703"}],"wp:attachment":[{"href":"https:\/\/fbc-wp-hidden.azurewebsites.net\/fr\/wp-json\/wp\/v2\/media?parent=41980"}],"wp:term":[{"taxonomy":"category","embeddable":true,"href":"https:\/\/fbc-wp-hidden.azurewebsites.net\/fr\/wp-json\/wp\/v2\/categories?post=41980"},{"taxonomy":"post_tag","embeddable":true,"href":"https:\/\/fbc-wp-hidden.azurewebsites.net\/fr\/wp-json\/wp\/v2\/tags?post=41980"}],"curies":[{"name":"wp","href":"https:\/\/api.w.org\/{rel}","templated":true}]}}