{"id":42181,"date":"2025-06-01T22:51:09","date_gmt":"2025-06-02T02:51:09","guid":{"rendered":"https:\/\/stg.foodbankscanada.ca\/?page_id=42181"},"modified":"2025-07-08T15:34:59","modified_gmt":"2025-07-08T19:34:59","slug":"comment-aider","status":"publish","type":"page","link":"https:\/\/fbc-wp-hidden.azurewebsites.net\/fr\/comment-aider\/","title":{"rendered":"Comment aider"},"content":{"rendered":"\n<div id=\"how-to-help\" class=\"wp-block-group is-layout-constrained wp-block-group-is-layout-constrained\"><section class=\" block block-image-text-button-list image-text-button-list mb-5 alignfull\"\n         style=\"  background-color: rgba(254, 245, 221, 0); \">\n  <div class=\"container-lg px-0 d-flex flex-column flex-lg-row-reverse\">\n    \n    <div class=\"container-lg px-0 px-lg-2 col-12 col-lg-7\">\n      \n      <div class=\"slider-padding-div mb-4\">\n        <div\n          class=\"image-text-button-swiper swiper\"\n          style=\"--swiper-theme-color: #FFBE00; width: 100%;\"\n          data-autoscroll=\"false\"\n          data-delay=\"3000\"\n        >\n          <div class=\"swiper-wrapper\">\n                           \n                <div\n                  class=\"swiper-slide image-banner\"\n                  style=\"background-size: cover; background-position: center; background-repeat: no-repeat;\n                                        aspect-ratio: 1.7010101010101;\n                                              background-image: url('https:\/\/content.foodbankscanada.ca\/wordpress\/2025\/05\/woman-preparing-food-fr.png');\n                                                              width: 100%;\"\n                  role=\"img\"\n                  aria-label=\"\"\n                ><\/div>\n                                    <\/div>\n\n                  <\/div>\n      <\/div>\n\n      \n              <div class=\"d-none d-lg-block\">\n          <h3>Contribuer \u00e0 l\u2019atteinte de notre objectif\u00a0: r\u00e9duire de 50\u00a0% l\u2019ins\u00e9curit\u00e9 alimentaire au Canada d\u2019ici\u00a02030<\/h3>\n<p>Lorsque nos voisins souffrent de la faim, le potentiel de chacun passe entre les mailles du filet. Les banques alimentaires ouvrent les portes vers un meilleur avenir pour tous. Joignez\u2011vous \u00e0 nous pour \u00e9liminer la faim et faire en sorte que chaque enfant, famille et personne au Canada ait la chance de s\u2019\u00e9panouir.<\/p>\n\n        <\/div>\n          <\/div>\n\n    \n    <div class=\"container col-12 col-lg-5 text-break\">\n      <div class=\"breadcrumbs-section    \n   breadcrumbs_normal \">\n  <p id=\"breadcrumbs\" class=\"\"><span><span><a href=\"https:\/\/fbc-wp-hidden.azurewebsites.net\/fr\/\">Accueil<\/a><\/span><\/span><\/p><\/div>              <div class=\"mt-4\">\n          <h1>Le potentiel humain est trop pr\u00e9cieux pour ne pas \u00eatre nourri<\/h1>\n<ul>\n<li><a href=\"https:\/\/fbc-wp-hidden.azurewebsites.net\/fr\/comment-aider\/moyens-de-soutien\/\">Fa\u00e7ons d\u2019aider<\/a><\/li>\n<li><a href=\"#commandites-dentreprises\">Commandites d\u2019entreprises<\/a><\/li>\n<li><a href=\"#reconnaissance-des-donateurs\">Reconnaissance des partenaires<\/a><\/li>\n<\/ul>\n\n        <\/div>\n      \n              <div class=\"mt-4 d-block d-lg-none\">\n          <h3>Contribuer \u00e0 l\u2019atteinte de notre objectif\u00a0: r\u00e9duire de 50\u00a0% l\u2019ins\u00e9curit\u00e9 alimentaire au Canada d\u2019ici\u00a02030<\/h3>\n<p>Lorsque nos voisins souffrent de la faim, le potentiel de chacun passe entre les mailles du filet. Les banques alimentaires ouvrent les portes vers un meilleur avenir pour tous. Joignez\u2011vous \u00e0 nous pour \u00e9liminer la faim et faire en sorte que chaque enfant, famille et personne au Canada ait la chance de s\u2019\u00e9panouir.<\/p>\n\n        <\/div>\n          <\/div>\n  <\/div>\n<\/section><\/div>\n\n\n\n<div id=\"facons-daider\" class=\"wp-block-group is-layout-constrained wp-block-group-is-layout-constrained\">\n<div class=\"wp-block-columns container-lg px-0 mt-4 mb-6 my-lg-6 d-flex flex-column flex-lg-row is-layout-flex wp-container-core-columns-is-layout-9d6595d7 wp-block-columns-is-layout-flex\">\n<div class=\"wp-block-column is-layout-flow wp-block-column-is-layout-flow\" style=\"flex-basis:66.66%\"><section class=\" block block-no-bg-image-card-group-v2 no-bg-image-card-group-v2  aligndefault bg-color-light \n                \" style=\"\">\n  <div class=\"container\">\n  \n          <h2>Fa\u00e7ons d\u2019aider<\/h2>\n\n    \n    <div class=\"row row-cols-1  gx-3 gy-4 \">\n       \n                  <div class=\"col col-12 col-md-6 col-lg-6 d-flex align-items-stretch\">\n  <div class=\"card w-100 border-0\">\n          <img decoding=\"async\" loading=\"lazy\" src=\"https:\/\/content.foodbankscanada.ca\/wordpress\/2025\/05\/man-hugging-child-fr.png\" class=\"card-img-top blog-image\" style=\"aspect-ratio:484\/329; object-fit: cover;\">\n    \n    <div class=\"card-body p-0 text-body-color \">\n      \n              <p class=\"fw-semibold mt-4 mb-2 blog-title card-title\">Faites un don<\/p>\n      \n      \n        <div class=\"card-text\">\n                <p class=\"mb-lg-4 pb-lg-2\">Notre vision est simple\u00a0: un Canada o\u00f9 personne ne souffre de la faim. Vous pouvez nous aider en faisant un don unique ou un don mensuel<\/p>\n\n          <\/div>\n\n            <a href=\"#donation\" class=\"text-body-color text-uppercase h6\" target=\"\" \n          rel=\"\">\n          En savoir plus\n        <\/a>\n            <\/div>\n  <\/div>\n<\/div> \n                  <div class=\"col col-12 col-md-6 col-lg-6 d-flex align-items-stretch\">\n  <div class=\"card w-100 border-0\">\n          <img decoding=\"async\" loading=\"lazy\" src=\"https:\/\/content.foodbankscanada.ca\/wordpress\/2025\/05\/workers-carrying-boxes-fr.png\" class=\"card-img-top blog-image\" style=\"aspect-ratio:484\/329; object-fit: cover;\">\n    \n    <div class=\"card-body p-0 text-body-color \">\n      \n              <p class=\"fw-semibold mt-4 mb-2 blog-title card-title\">Offrez une subvention marquante <\/p>\n      \n      \n        <div class=\"card-text\">\n                <p class=\"mb-lg-4 pb-lg-2\">Notre personnel d\u00e9vou\u00e9 collaborera avec vous pour veiller \u00e0 ce que votre investissement atteigne vos objectifs en mati\u00e8re de retomb\u00e9es, apportant une vaste exp\u00e9rience et une planification<br \/>\nstrat\u00e9gique \u00e0 chaque initiative.<\/p>\n\n          <\/div>\n\n            <a href=\"mailto:nasiha.musarrat@foodbankscanada.ca\" class=\"text-body-color text-uppercase h6\" target=\"\" \n          rel=\"\">\n          En savoir plus\n        <\/a>\n            <\/div>\n  <\/div>\n<\/div> \n                  <\/div>\n  <\/div>\n<\/section><\/div>\n\n\n\n<div class=\"wp-block-column d-flex flex-column align-content-center is-layout-flow wp-block-column-is-layout-flow\" style=\"flex-basis:33.33%\" id=\"commandites-dentreprises\"><section class=\" block block-image-text-button-vertical image-text-button-vertical py-4 mb-4 bg-color-red aligndefault h-100\" style=\"\">\n  <div class=\"vertical-container col col-12\n               py-5 p-md-4 p-xl-5\n               bg-color-red h-100\">\n    <div class=\"container px-md-0 w-100\">\n            \n              <h3 class=\"text-secondary text-uppercase fw-bold mt-lg-5\">Commandites d\u2019entreprises<\/h3>\n<h5 class=\"text-secondary\">Faites correspondre votre marque \u00e0 celle de Banques alimentaires Canada et contribuez \u00e0 distribuer des aliments nutritifs partout au pays.<\/h5>\n<p><a class=\"btn\" href=\"https:\/\/fbc-wp-hidden.azurewebsites.net\/how-to-help\/corporate-partnerships\/\">En savoir plus<\/a><\/p>\n\n      \n      \n    <\/div>\n  <\/div>\n<\/section><\/div>\n<\/div>\n<\/div>\n\n\n\n<div id=\"reconnaissance-des-donateurs\" class=\"wp-block-group is-layout-constrained wp-block-group-is-layout-constrained\"><section class=\" block block-image-text-button image-text-button my-5 my-lg-6 alignfull\"\n         style=\"\n                  background-color: rgba(254, 245, 221, 0); \">\n    <div class=\"container\">\n        <div class=\"d-flex flex-column flex-lg-row row gx-5\n                     \"\n             style=\"\">\n\n            \n            <div class=\"col-12 col-lg-6 mb-4 mb-lg-0\">\n                <div class=\"slider-padding-div\">\n                    <div\n                        class=\"image-text-button-swiper swiper\"\n                        style=\"--swiper-theme-color: #FFBE00; width: 100%;\"\n                        data-autoscroll=\"false\"\n                        data-delay=\"3000\"\n                    >\n                        <div class=\"swiper-wrapper\">\n                                                            <div\n                                    class=\"swiper-slide image-banner\"\n                                    style=\"background-size: cover; background-position: center; background-repeat: no-repeat; \n                                                                                    aspect-ratio: 1.2958333333333; \n                                             \n                                                background-image: url('https:\/\/content.foodbankscanada.ca\/wordpress\/2025\/05\/family-enjoying-food-fr.png');\n                                                                                                                            width: 100%;\"\n                                    role=\"img\"\n                                    aria-label=\"\"\n                                ><\/div>\n                                                    <\/div>\n                                            <\/div>\n                <\/div>\n            <\/div>\n\n            \n            <div class=\"image-text-button-block-body col-12 col-lg-6 mt-lg-4 mt-xl-5 pt-xl-2\"><h2 class=\"mt-lg-3\">Reconnaissance des donateurs<\/h2>\n<p class=\"mb-2 mb-lg-4 scaling\">Gr\u00e2ce aux donateurs individuels, aux fondations et aux entreprises partenaires, Banques alimentaires Canada contribue \u00e0 r\u00e9duire l\u2019ins\u00e9curit\u00e9 alimentaire et pr\u00e9conise un changement syst\u00e9mique.<\/p>\n<p><a class=\"btn\" href=\"https:\/\/fbc-wp-hidden.azurewebsites.net\/how-to-help\/partner-recognition\/\">Voir nos donateurs<\/a><\/p>\n<\/div>\n        <\/div>\n    <\/div>\n<\/section><\/div>\n\n\n\n<hr class=\"wp-block-separator has-alpha-channel-opacity text-secondary\"\/>\n\n\n<section class=\" block block-donation donation mt-4 mb-5 my-lg-6 aligndefault\" style=\"\">\n  <div id=\"donation-container\" class=\"container d-flex flex-column flex-lg-row \n        justify-content-center align-items-center bg-color-beige py-4\">          \n    <div class=\"w-100 p-4 p-lg-6 \">\n      <h2>Aidez \u00e0 \u00e9liminer la faim.<br \/>\nFaites un don d\u00e8s maintenant.<br \/>\n<\/h2>\n<p>Votre g\u00e9n\u00e9reux soutien aidera \u00e0 faire en sorte que les familles, les a\u00een\u00e9s et les enfants qui sont aux prises avec l\u2019ins\u00e9curit\u00e9 alimentaire obtiennent les aliments nutritifs dont ils ont besoin pour atteindre leur plein potentiel.<\/p>\n\n    <\/div>\n    <div class=\"w-100 d-flex justify-content-center\">\n      <a href=\"#XPZQTLKH\" style=\"display: none\"><\/a>\n    <\/div>\n  <\/div>\n<\/section>","protected":false},"excerpt":{"rendered":"","protected":false},"author":45,"featured_media":41256,"parent":0,"menu_order":18,"comment_status":"closed","ping_status":"closed","template":"full-width-page.blade.php","meta":{"_acf_changed":false,"footnotes":""},"categories":[],"tags":[],"class_list":["post-42181","page","type-page","status-publish","has-post-thumbnail","hentry"],"acf":[],"yoast_head":"<!-- This site is optimized with the Yoast SEO Premium plugin v26.2-RC1 (Yoast SEO v26.2-RC4) - https:\/\/yoast.com\/wordpress\/plugins\/seo\/ -->\n<title>Comment aider - Banques alimentaires Canada<\/title>\n<meta name=\"robots\" content=\"index, follow, max-snippet:-1, max-image-preview:large, max-video-preview:-1\" \/>\n<link rel=\"canonical\" href=\"https:\/\/fbc-wp-hidden.azurewebsites.net\/fr\/comment-aider\/\" \/>\n<meta property=\"og:locale\" content=\"fr_CA\" \/>\n<meta property=\"og:type\" content=\"article\" \/>\n<meta property=\"og:title\" content=\"Comment aider\" \/>\n<meta property=\"og:url\" content=\"https:\/\/fbc-wp-hidden.azurewebsites.net\/fr\/comment-aider\/\" \/>\n<meta property=\"og:site_name\" content=\"Banques alimentaires Canada\" \/>\n<meta property=\"article:modified_time\" content=\"2025-07-08T19:34:59+00:00\" \/>\n<meta property=\"og:image\" content=\"https:\/\/content.foodbankscanada.ca\/wordpress\/2025\/05\/woman-preparing-food-fr.png\" \/>\n\t<meta property=\"og:image:width\" content=\"1790\" \/>\n\t<meta property=\"og:image:height\" content=\"822\" \/>\n\t<meta property=\"og:image:type\" content=\"image\/png\" \/>\n<meta name=\"twitter:card\" content=\"summary_large_image\" \/>\n<script type=\"application\/ld+json\" class=\"yoast-schema-graph\">{\"@context\":\"https:\/\/schema.org\",\"@graph\":[{\"@type\":\"WebPage\",\"@id\":\"https:\/\/fbc-wp-hidden.azurewebsites.net\/fr\/comment-aider\/\",\"url\":\"https:\/\/fbc-wp-hidden.azurewebsites.net\/fr\/comment-aider\/\",\"name\":\"Comment aider - Banques alimentaires Canada\",\"isPartOf\":{\"@id\":\"https:\/\/fbc-wp-hidden.azurewebsites.net\/fr\/#website\"},\"primaryImageOfPage\":{\"@id\":\"https:\/\/fbc-wp-hidden.azurewebsites.net\/fr\/comment-aider\/#primaryimage\"},\"image\":{\"@id\":\"https:\/\/fbc-wp-hidden.azurewebsites.net\/fr\/comment-aider\/#primaryimage\"},\"thumbnailUrl\":\"https:\/\/content.foodbankscanada.ca\/wordpress\/2025\/05\/woman-preparing-food-fr.png\",\"datePublished\":\"2025-06-02T02:51:09+00:00\",\"dateModified\":\"2025-07-08T19:34:59+00:00\",\"breadcrumb\":{\"@id\":\"https:\/\/fbc-wp-hidden.azurewebsites.net\/fr\/comment-aider\/#breadcrumb\"},\"inLanguage\":\"fr-CA\",\"potentialAction\":[{\"@type\":\"ReadAction\",\"target\":[\"https:\/\/fbc-wp-hidden.azurewebsites.net\/fr\/comment-aider\/\"]}]},{\"@type\":\"ImageObject\",\"inLanguage\":\"fr-CA\",\"@id\":\"https:\/\/fbc-wp-hidden.azurewebsites.net\/fr\/comment-aider\/#primaryimage\",\"url\":\"https:\/\/content.foodbankscanada.ca\/wordpress\/2025\/05\/woman-preparing-food-fr.png\",\"contentUrl\":\"https:\/\/content.foodbankscanada.ca\/wordpress\/2025\/05\/woman-preparing-food-fr.png\",\"width\":1790,\"height\":822},{\"@type\":\"BreadcrumbList\",\"@id\":\"https:\/\/fbc-wp-hidden.azurewebsites.net\/fr\/comment-aider\/#breadcrumb\",\"itemListElement\":[{\"@type\":\"ListItem\",\"position\":1,\"name\":\"Accueil\",\"item\":\"https:\/\/fbc-wp-hidden.azurewebsites.net\/fr\/\"},{\"@type\":\"ListItem\",\"position\":2,\"name\":\"Comment aider\"}]},{\"@type\":\"WebSite\",\"@id\":\"https:\/\/fbc-wp-hidden.azurewebsites.net\/fr\/#website\",\"url\":\"https:\/\/fbc-wp-hidden.azurewebsites.net\/fr\/\",\"name\":\"Banques alimentaires Canada\",\"description\":\"\",\"publisher\":{\"@id\":\"https:\/\/fbc-wp-hidden.azurewebsites.net\/fr\/#organization\"},\"potentialAction\":[{\"@type\":\"SearchAction\",\"target\":{\"@type\":\"EntryPoint\",\"urlTemplate\":\"https:\/\/fbc-wp-hidden.azurewebsites.net\/fr\/?s={search_term_string}\"},\"query-input\":{\"@type\":\"PropertyValueSpecification\",\"valueRequired\":true,\"valueName\":\"search_term_string\"}}],\"inLanguage\":\"fr-CA\"},{\"@type\":\"Organization\",\"@id\":\"https:\/\/fbc-wp-hidden.azurewebsites.net\/fr\/#organization\",\"name\":\"Food Banks Canada\",\"url\":\"https:\/\/fbc-wp-hidden.azurewebsites.net\/fr\/\",\"logo\":{\"@type\":\"ImageObject\",\"inLanguage\":\"fr-CA\",\"@id\":\"https:\/\/fbc-wp-hidden.azurewebsites.net\/fr\/#\/schema\/logo\/image\/\",\"url\":\"https:\/\/fbcblobstorage.blob.core.windows.net\/wordpress\/2021\/11\/logo.png\",\"contentUrl\":\"https:\/\/fbcblobstorage.blob.core.windows.net\/wordpress\/2021\/11\/logo.png\",\"width\":377,\"height\":89,\"caption\":\"Food Banks Canada\"},\"image\":{\"@id\":\"https:\/\/fbc-wp-hidden.azurewebsites.net\/fr\/#\/schema\/logo\/image\/\"}}]}<\/script>\n<!-- \/ Yoast SEO Premium plugin. -->","yoast_head_json":{"title":"Comment aider - Banques alimentaires Canada","robots":{"index":"index","follow":"follow","max-snippet":"max-snippet:-1","max-image-preview":"max-image-preview:large","max-video-preview":"max-video-preview:-1"},"canonical":"https:\/\/fbc-wp-hidden.azurewebsites.net\/fr\/comment-aider\/","og_locale":"fr_CA","og_type":"article","og_title":"Comment aider","og_url":"https:\/\/fbc-wp-hidden.azurewebsites.net\/fr\/comment-aider\/","og_site_name":"Banques alimentaires Canada","article_modified_time":"2025-07-08T19:34:59+00:00","og_image":[{"width":1790,"height":822,"url":"https:\/\/content.foodbankscanada.ca\/wordpress\/2025\/05\/woman-preparing-food-fr.png","type":"image\/png"}],"twitter_card":"summary_large_image","schema":{"@context":"https:\/\/schema.org","@graph":[{"@type":"WebPage","@id":"https:\/\/fbc-wp-hidden.azurewebsites.net\/fr\/comment-aider\/","url":"https:\/\/fbc-wp-hidden.azurewebsites.net\/fr\/comment-aider\/","name":"Comment aider - Banques alimentaires Canada","isPartOf":{"@id":"https:\/\/fbc-wp-hidden.azurewebsites.net\/fr\/#website"},"primaryImageOfPage":{"@id":"https:\/\/fbc-wp-hidden.azurewebsites.net\/fr\/comment-aider\/#primaryimage"},"image":{"@id":"https:\/\/fbc-wp-hidden.azurewebsites.net\/fr\/comment-aider\/#primaryimage"},"thumbnailUrl":"https:\/\/content.foodbankscanada.ca\/wordpress\/2025\/05\/woman-preparing-food-fr.png","datePublished":"2025-06-02T02:51:09+00:00","dateModified":"2025-07-08T19:34:59+00:00","breadcrumb":{"@id":"https:\/\/fbc-wp-hidden.azurewebsites.net\/fr\/comment-aider\/#breadcrumb"},"inLanguage":"fr-CA","potentialAction":[{"@type":"ReadAction","target":["https:\/\/fbc-wp-hidden.azurewebsites.net\/fr\/comment-aider\/"]}]},{"@type":"ImageObject","inLanguage":"fr-CA","@id":"https:\/\/fbc-wp-hidden.azurewebsites.net\/fr\/comment-aider\/#primaryimage","url":"https:\/\/content.foodbankscanada.ca\/wordpress\/2025\/05\/woman-preparing-food-fr.png","contentUrl":"https:\/\/content.foodbankscanada.ca\/wordpress\/2025\/05\/woman-preparing-food-fr.png","width":1790,"height":822},{"@type":"BreadcrumbList","@id":"https:\/\/fbc-wp-hidden.azurewebsites.net\/fr\/comment-aider\/#breadcrumb","itemListElement":[{"@type":"ListItem","position":1,"name":"Accueil","item":"https:\/\/fbc-wp-hidden.azurewebsites.net\/fr\/"},{"@type":"ListItem","position":2,"name":"Comment aider"}]},{"@type":"WebSite","@id":"https:\/\/fbc-wp-hidden.azurewebsites.net\/fr\/#website","url":"https:\/\/fbc-wp-hidden.azurewebsites.net\/fr\/","name":"Banques alimentaires Canada","description":"","publisher":{"@id":"https:\/\/fbc-wp-hidden.azurewebsites.net\/fr\/#organization"},"potentialAction":[{"@type":"SearchAction","target":{"@type":"EntryPoint","urlTemplate":"https:\/\/fbc-wp-hidden.azurewebsites.net\/fr\/?s={search_term_string}"},"query-input":{"@type":"PropertyValueSpecification","valueRequired":true,"valueName":"search_term_string"}}],"inLanguage":"fr-CA"},{"@type":"Organization","@id":"https:\/\/fbc-wp-hidden.azurewebsites.net\/fr\/#organization","name":"Food Banks Canada","url":"https:\/\/fbc-wp-hidden.azurewebsites.net\/fr\/","logo":{"@type":"ImageObject","inLanguage":"fr-CA","@id":"https:\/\/fbc-wp-hidden.azurewebsites.net\/fr\/#\/schema\/logo\/image\/","url":"https:\/\/fbcblobstorage.blob.core.windows.net\/wordpress\/2021\/11\/logo.png","contentUrl":"https:\/\/fbcblobstorage.blob.core.windows.net\/wordpress\/2021\/11\/logo.png","width":377,"height":89,"caption":"Food Banks Canada"},"image":{"@id":"https:\/\/fbc-wp-hidden.azurewebsites.net\/fr\/#\/schema\/logo\/image\/"}}]}},"_links":{"self":[{"href":"https:\/\/fbc-wp-hidden.azurewebsites.net\/fr\/wp-json\/wp\/v2\/pages\/42181","targetHints":{"allow":["GET"]}}],"collection":[{"href":"https:\/\/fbc-wp-hidden.azurewebsites.net\/fr\/wp-json\/wp\/v2\/pages"}],"about":[{"href":"https:\/\/fbc-wp-hidden.azurewebsites.net\/fr\/wp-json\/wp\/v2\/types\/page"}],"author":[{"embeddable":true,"href":"https:\/\/fbc-wp-hidden.azurewebsites.net\/fr\/wp-json\/wp\/v2\/users\/45"}],"replies":[{"embeddable":true,"href":"https:\/\/fbc-wp-hidden.azurewebsites.net\/fr\/wp-json\/wp\/v2\/comments?post=42181"}],"version-history":[{"count":19,"href":"https:\/\/fbc-wp-hidden.azurewebsites.net\/fr\/wp-json\/wp\/v2\/pages\/42181\/revisions"}],"predecessor-version":[{"id":44347,"href":"https:\/\/fbc-wp-hidden.azurewebsites.net\/fr\/wp-json\/wp\/v2\/pages\/42181\/revisions\/44347"}],"wp:featuredmedia":[{"embeddable":true,"href":"https:\/\/fbc-wp-hidden.azurewebsites.net\/fr\/wp-json\/wp\/v2\/media\/41256"}],"wp:attachment":[{"href":"https:\/\/fbc-wp-hidden.azurewebsites.net\/fr\/wp-json\/wp\/v2\/media?parent=42181"}],"wp:term":[{"taxonomy":"category","embeddable":true,"href":"https:\/\/fbc-wp-hidden.azurewebsites.net\/fr\/wp-json\/wp\/v2\/categories?post=42181"},{"taxonomy":"post_tag","embeddable":true,"href":"https:\/\/fbc-wp-hidden.azurewebsites.net\/fr\/wp-json\/wp\/v2\/tags?post=42181"}],"curies":[{"name":"wp","href":"https:\/\/api.w.org\/{rel}","templated":true}]}}