{"id":42255,"date":"2025-06-01T23:54:09","date_gmt":"2025-06-02T03:54:09","guid":{"rendered":"https:\/\/stg.foodbankscanada.ca\/?page_id=42255"},"modified":"2025-06-05T09:39:26","modified_gmt":"2025-06-05T13:39:26","slug":"conclusions-generales","status":"publish","type":"page","link":"https:\/\/fbc-wp-hidden.azurewebsites.net\/fr\/la-faim-au-canada\/bilan-faim\/conclusions-generales\/","title":{"rendered":"Conclusions g\u00e9n\u00e9rales"},"content":{"rendered":"<section class=\" block block-masonry masonry mt-5 mt-md-6 aligndefault container\" style=\"\">\n    <div class=\"grid\">\n                                    <div class=\"grid-item mb-5 col-12 col-lg-6 col-xl-6\">\n                    <div class=\"d-flex\">\n                                              <div class=\"col-2 col-md-3 d-flex justify-content-md-center\">\n                            <div class=\"circle d-flex justify-content-center align-items-center fw-bold\">\n                                01                            <\/div>\n                        <\/div>\n                        <div class=\"col-10 col-md-9\">\n                            <p><strong>En mars 2024, les banques alimentaires canadiennes ont enregistr\u00e9 plus de 2 millions de visites, soit le chiffre le plus haut de toute l\u2019histoire.<\/strong><\/p>\n<p>Le nombre de visites aux banques alimentaires en mars 2024 a atteint un niveau sans pr\u00e9c\u00e9dent, d\u00e9passant m\u00eame le chiffre record de l\u2019an dernier. Ce taux record de recours aux banques alimentaires est coh\u00e9rent avec les taux record d\u2019ins\u00e9curit\u00e9 alimentaire et les conclusions d\u2019autres \u00e9tudes r\u00e9centes qui montrent qu\u2019un nombre croissant de personnes rencontrent des difficult\u00e9s \u00e9conomiques.<\/p>\n<p><img loading=\"lazy\" decoding=\"async\" src=\"https:\/\/content.foodbankscanada.ca\/wordpress\/2024\/10\/total-visits_fr-300x113.png\" alt=\"\" width=\"300\" height=\"113\" class=\"alignnone size-medium wp-image-34943\" \/><\/p>\n                        <\/div>\n                                          <\/div>\n                <\/div>\n                            <div class=\"grid-item mb-5 col-12 col-lg-6 col-xl-6\">\n                    <div class=\"d-flex\">\n                                              <div class=\"col-2 col-md-3 d-flex justify-content-md-center\">\n                            <div class=\"circle d-flex justify-content-center align-items-center fw-bold\">\n                                02                            <\/div>\n                        <\/div>\n                        <div class=\"col-10 col-md-9\">\n                            <p><strong>Le recours aux banques alimentaires cette ann\u00e9e a augment\u00e9 de 90 % par rapport \u00e0 mars 2019, et certains signes montrent que le syst\u00e8me des banques alimentaires atteint ses limites absolues.<\/strong><\/p>\n<p>Le taux de croissance des cinq derni\u00e8res ann\u00e9es a de loin d\u00e9pass\u00e9 tout ce que le r\u00e9seau a connu \u00e0 l\u2019\u00e9chelle nationale. La hausse du taux de changement du recours aux banques alimentaires s\u2019est poursuivie l\u2019an dernier pour atteindre un peu plus de 6 % et les banques alimentaires peinent \u00e0 r\u00e9pondre \u00e0 la demande continuellement \u00e9lev\u00e9e. La hausse de cette ann\u00e9e survient dans le contexte de la crise du logement abordable qui s\u00e9vit actuellement et d\u2019une l\u00e9g\u00e8re hausse du taux de ch\u00f4mage, y compris une hausse consid\u00e9rable des taux de ch\u00f4mage chez les nouveaux arrivants par rapport aux ann\u00e9es pr\u00e9c\u00e9dentes.<\/p>\n<p><img loading=\"lazy\" decoding=\"async\" src=\"https:\/\/content.foodbankscanada.ca\/wordpress\/2024\/10\/change-since-2019_fr-300x113.png\" alt=\"\" width=\"300\" height=\"113\" class=\"alignnone size-medium wp-image-34946\" \/><\/p>\n                        <\/div>\n                                          <\/div>\n                <\/div>\n                            <div class=\"grid-item mb-5 col-12 col-lg-6 col-xl-6\">\n                    <div class=\"d-flex\">\n                                              <div class=\"col-2 col-md-3 d-flex justify-content-md-center\">\n                            <div class=\"circle d-flex justify-content-center align-items-center fw-bold\">\n                                03                            <\/div>\n                        <\/div>\n                        <div class=\"col-10 col-md-9\">\n                            <p><strong>Le double effet de l\u2019inflation des prix des aliments et du logement surtout touch\u00e9 les personnes \u00e0 faible revenu<\/strong>.<\/p>\n<p>Bien que les effets de l\u2019inflation des prix des aliments rendent particuli\u00e8rement difficile le magasinage hebdomadaire \u00e0 l\u2019\u00e9picerie, la force in\u00e9luctable et non n\u00e9gociable de l\u2019inflation du secteur immobilier amplifie la crise du logement abordable pour les m\u00e9nages des quintiles de revenu les plus bas. Ces personnes, dont les prestataires de l\u2019aide sociale provinciale, d\u00e9pensent plus de 80\u00a0% de leur revenu disponible dans la nourriture et le logement seulement. Alors que les co\u00fbts non n\u00e9gociables, comme le loyer, repr\u00e9sentent une part toujours plus important du revenu disponible des personnes de ce groupe, la nourriture passe apr\u00e8s et la probabilit\u00e9 que ces personnes aient besoin d\u2019une banque alimentaire augmente.<\/p>\n<p><img loading=\"lazy\" decoding=\"async\" src=\"https:\/\/content.foodbankscanada.ca\/wordpress\/2024\/10\/one-two-punch_fr-1-300x113.png\" alt=\"\" width=\"300\" height=\"113\" class=\"alignnone size-medium wp-image-35152\" \/><\/p>\n                        <\/div>\n                                          <\/div>\n                <\/div>\n                            <div class=\"grid-item mb-5 col-12 col-lg-6 col-xl-6\">\n                    <div class=\"d-flex\">\n                                              <div class=\"col-2 col-md-3 d-flex justify-content-md-center\">\n                            <div class=\"circle d-flex justify-content-center align-items-center fw-bold\">\n                                04                            <\/div>\n                        <\/div>\n                        <div class=\"col-10 col-md-9\">\n                            <p><strong>Les enfants repr\u00e9sentent le tiers des usagers des banques alimentaires.<\/strong><\/p>\n<p>Le pourcentage d\u2019enfants de moins de 18\u00a0ans qui ont recours aux banques alimentaires est demeur\u00e9 stable \u00e0 33\u00a0%; toutefois, compte tenu de la hausse du recours aux banques alimentaires depuis la p\u00e9riode avant la pand\u00e9mie, ces 33\u00a0% repr\u00e9sentent maintenant pr\u00e8s de 700\u00a0000\u00a0visites, soit une hausse de plus de 300\u00a0000\u00a0visites par mois par rapport \u00e0 il y a cinq ans. De plus, le nombre de m\u00e9nages biparentaux avec enfants de moins de 18\u00a0ans qui ont recours aux banques alimentaires a \u00e9galement augment\u00e9; ils repr\u00e9sentaient 18,8\u00a0% en 2019 et ils repr\u00e9sentent pr\u00e8s de 23\u00a0% en 2024. Les familles biparentales qui ont recours aux banques alimentaires sont plus susceptibles de vivre dans de grands centres urbains de 100\u00a0000\u00a0habitants ou plus, contribuant ainsi au nombre sup\u00e9rieur de visites dans ces r\u00e9gions.<\/p>\n<p><img loading=\"lazy\" decoding=\"async\" src=\"https:\/\/content.foodbankscanada.ca\/wordpress\/2024\/10\/visits-by-children_fr-300x113.png\" alt=\"\" width=\"300\" height=\"113\" class=\"alignnone size-medium wp-image-34948\" \/><\/p>\n                        <\/div>\n                                          <\/div>\n                <\/div>\n                            <div class=\"grid-item mb-5 col-12 col-lg-6 col-xl-6\">\n                    <div class=\"d-flex\">\n                                              <div class=\"col-2 col-md-3 d-flex justify-content-md-center\">\n                            <div class=\"circle d-flex justify-content-center align-items-center fw-bold\">\n                                05                            <\/div>\n                        <\/div>\n                        <div class=\"col-10 col-md-9\">\n                            <p><strong>Pour 18\u00a0% des clients des banques alimentaires, l\u2019emploi constitue leur principale source de revenu, comparativement \u00e0 12\u00a0% en 2019.<\/strong><\/p>\n<p>Le pourcentage de la client\u00e8le des banques alimentaires dont la source de revenu principale d\u00e9coule de l\u2019emploi a maintenant atteint un taux record de 18,1\u00a0%, d\u00e9passant les 16,7\u00a0% de l\u2019an dernier. Par le pass\u00e9, le chiffre pour ce groupe se situait entre 10\u00a0% et 12\u00a0%, mais il a commenc\u00e9 \u00e0 augmenter en 2022, lorsque les r\u00e9percussions de l\u2019inflation rapide se sont fait ressentir. Cette ann\u00e9e, l\u2019incidence cumulative de l\u2019inflation a encore r\u00e9duit le pouvoir d\u2019achat des personnes actives, y compris pour un grand nombre dont les revenus sont au-dessus du seuil de pauvret\u00e9.<\/p>\n<p><img loading=\"lazy\" decoding=\"async\" src=\"https:\/\/content.foodbankscanada.ca\/wordpress\/2024\/10\/percent-employed_fr-300x113.png\" alt=\"\" width=\"300\" height=\"113\" class=\"alignnone size-medium wp-image-34950\" \/><\/p>\n                        <\/div>\n                                          <\/div>\n                <\/div>\n                            <div class=\"grid-item mb-5 col-12 col-lg-6 col-xl-6\">\n                    <div class=\"d-flex\">\n                                              <div class=\"col-2 col-md-3 d-flex justify-content-md-center\">\n                            <div class=\"circle d-flex justify-content-center align-items-center fw-bold\">\n                                06                            <\/div>\n                        <\/div>\n                        <div class=\"col-10 col-md-9\">\n                            <p><strong>Pr\u00e8s de 70\u00a0% des clients des banques alimentaires vivent dans des logements locatifs.<\/strong><\/p>\n<p>Les logements locatifs au prix du march\u00e9 sont le type de logement le plus courant chez les m\u00e9nages qui ont recours aux banques alimentaires, repr\u00e9sentant 69,5\u00a0% de tous les types de modalit\u00e9s de logement. La proportion d\u2019utilisateurs des banques alimentaires vivant dans un logement locatif a augment\u00e9 chez les personnes de moins de 45\u00a0ans, les groupes racis\u00e9s et les personnes qui vivent au Canada depuis moins de 10\u00a0ans. Les utilisateurs qui vivent dans des logements locatifs au prix du march\u00e9 sont aussi plus susceptibles de vivre dans de grands centres urbains de 100\u00a0000\u00a0habitants ou plus.<\/p>\n<p><img loading=\"lazy\" decoding=\"async\" class=\"alignnone size-medium wp-image-35229\" src=\"https:\/\/content.foodbankscanada.ca\/wordpress\/2024\/10\/percent-in-market-rent_fr-1-300x113.png\" alt=\"\" width=\"300\" height=\"113\" \/><\/p>\n                        <\/div>\n                                          <\/div>\n                <\/div>\n                            <div class=\"grid-item mb-5 col-12 col-lg-6 col-xl-6\">\n                    <div class=\"d-flex\">\n                                              <div class=\"col-2 col-md-3 d-flex justify-content-md-center\">\n                            <div class=\"circle d-flex justify-content-center align-items-center fw-bold\">\n                                07                            <\/div>\n                        <\/div>\n                        <div class=\"col-10 col-md-9\">\n                            <p><strong>L\u2019aide sociale provinciale, franchement inad\u00e9quate, reste la source de revenu la plus courante pour les clients des banques alimentaires.<\/strong><\/p>\n<p>L\u2019aide sociale provinciale, qui comprend \u00e0 la fois l\u2019aide sociale g\u00e9n\u00e9rale et les prestations d\u2019invalidit\u00e9 provinciales, est la principale source de revenu pour pr\u00e8s de 40\u00a0% des utilisateurs des banques alimentaires. Malgr\u00e9 le fait que certaines provinces aient mis en place des initiatives visant \u00e0 augmenter les revenus des personnes qui b\u00e9n\u00e9ficient de l\u2019aide sociale (par exemple, octroi de paiements ponctuels compensatoires relatifs au co\u00fbt de la vie et indexation des taux \u00e0 l\u2019inflation), les revenus issus de l\u2019aide sociale restent si bas que tous les types de m\u00e9nages qui re\u00e7oivent l\u2019aide sociale vivent sous le seuil de pauvret\u00e9 dans presque toutes les provinces et tous les territoires.<\/p>\n<p><img loading=\"lazy\" decoding=\"async\" src=\"https:\/\/content.foodbankscanada.ca\/wordpress\/2024\/10\/social-assistance_fr-300x113.png\" alt=\"\" width=\"300\" height=\"113\" class=\"alignnone size-medium wp-image-35155\" \/><\/p>\n                        <\/div>\n                                          <\/div>\n                <\/div>\n                            <div class=\"grid-item mb-5 col-12 col-lg-6 col-xl-6\">\n                    <div class=\"d-flex\">\n                                              <div class=\"col-2 col-md-3 d-flex justify-content-md-center\">\n                            <div class=\"circle d-flex justify-content-center align-items-center fw-bold\">\n                                08                            <\/div>\n                        <\/div>\n                        <div class=\"col-10 col-md-9\">\n                            <p><strong>32\u00a0% des clients des banques alimentaires sont des nouveaux arrivants au Canada qui sont au pays depuis 10\u00a0ans ou moins.<\/strong><\/p>\n<p>Au total, 32\u00a0% des clients des banques alimentaires sont des nouveaux arrivants au Canada qui sont au pays depuis 10\u00a0ans ou moins. Cela repr\u00e9sente une hausse consid\u00e9rable par rapport \u00e0 l\u2019an dernier. La plupart des clients de cette cat\u00e9gorie sont arriv\u00e9s au cours des deux derni\u00e8res ann\u00e9es. Les nouveaux arrivants au Canada qui perdent leur emploi sont moins susceptibles de b\u00e9n\u00e9ficier des deux soutiens du revenu de dernier recours (assurance-emploi ou aide sociale provinciale) en raison des crit\u00e8res d\u2019admissibilit\u00e9 restrictifs. De plus, les r\u00e9cents nouveaux arrivants qui occupent un emploi ont des contrats plus souvent pr\u00e9caires ou touchent des salaires plus bas, ces deux facteurs contribuent \u00e0 d\u2019importants niveaux d\u2019ins\u00e9curit\u00e9 alimentaire. La hausse du besoin parmi les nouveaux arrivants met en \u00e9vidence les lacunes importantes de notre filet de s\u00e9curit\u00e9 sociale et renforce la n\u00e9cessite d\u2019une r\u00e9forme urgente.<\/p>\n<p><img loading=\"lazy\" decoding=\"async\" class=\"alignnone size-medium wp-image-35157\" src=\"https:\/\/content.foodbankscanada.ca\/wordpress\/2024\/10\/newcomers_fr-300x113.png\" alt=\"\" width=\"300\" height=\"113\" \/><\/p>\n                        <\/div>\n                                          <\/div>\n                <\/div>\n                    <!--         \n        <div class=\"grid-item\">\n            <div style=\"width:100%; word-wrap: break-word;\">\n                <p>test1fffffffffffffffffffffffffffffffffffffffffffffffffffffffffffffffffffffffffffffffffffffffffffffffffffffffffffffffffffffffffffffffffffffffffffffffffffffffffffffffffff<p>\n                <img decoding=\"async\" src=\"https:\/\/fbcblobstorage.blob.core.windows.net\/wordpress\/2022\/02\/GettyImages-658443062_HIGH_RES.webp\" \/>\n                <p>test1fffffffffffffffffffffffffffffffffffffffffffffffffffffffffffffffffffffffffffffffffffffffffffffffffffffffffffffffffffffffffffffffffffffffffffffffffffffffffffffffffff<p>\n            <\/div>\n        <\/div>\n        <div class=\"grid-item\">test2<\/div>\n        <div class=\"grid-item\">\n            <div style=\"width:100%; word-wrap: break-word;\">\n                testfffffffffffffffffffffffffffffffffffffffffffffffffffffffffffffffffffffffffffffffffffffffffffffffffffffffffffffffffffffffffffffffffffffffffffffffffffffffffffffffffff\n            <\/div>\n        <\/div> -->\n    <\/div>\n<\/section>","protected":false},"excerpt":{"rendered":"","protected":false},"author":45,"featured_media":0,"parent":42004,"menu_order":0,"comment_status":"closed","ping_status":"closed","template":"","meta":{"_acf_changed":false,"footnotes":""},"categories":[],"tags":[],"class_list":["post-42255","page","type-page","status-publish","hentry"],"acf":[],"yoast_head":"<!-- This site is optimized with the Yoast SEO Premium plugin v26.2-RC1 (Yoast SEO v26.2-RC4) - https:\/\/yoast.com\/wordpress\/plugins\/seo\/ -->\n<title>Conclusions g\u00e9n\u00e9rales - Banques alimentaires Canada<\/title>\n<meta name=\"robots\" content=\"index, follow, max-snippet:-1, max-image-preview:large, max-video-preview:-1\" \/>\n<link rel=\"canonical\" href=\"https:\/\/fbc-wp-hidden.azurewebsites.net\/fr\/la-faim-au-canada\/bilan-faim\/conclusions-generales\/\" \/>\n<meta property=\"og:locale\" content=\"fr_CA\" \/>\n<meta property=\"og:type\" content=\"article\" \/>\n<meta property=\"og:title\" content=\"Conclusions g\u00e9n\u00e9rales\" \/>\n<meta property=\"og:url\" content=\"https:\/\/fbc-wp-hidden.azurewebsites.net\/fr\/la-faim-au-canada\/bilan-faim\/conclusions-generales\/\" \/>\n<meta property=\"og:site_name\" content=\"Banques alimentaires Canada\" \/>\n<meta property=\"article:modified_time\" content=\"2025-06-05T13:39:26+00:00\" \/>\n<meta name=\"twitter:card\" content=\"summary_large_image\" \/>\n<script type=\"application\/ld+json\" class=\"yoast-schema-graph\">{\"@context\":\"https:\/\/schema.org\",\"@graph\":[{\"@type\":\"WebPage\",\"@id\":\"https:\/\/fbc-wp-hidden.azurewebsites.net\/fr\/la-faim-au-canada\/bilan-faim\/conclusions-generales\/\",\"url\":\"https:\/\/fbc-wp-hidden.azurewebsites.net\/fr\/la-faim-au-canada\/bilan-faim\/conclusions-generales\/\",\"name\":\"Conclusions g\u00e9n\u00e9rales - Banques alimentaires Canada\",\"isPartOf\":{\"@id\":\"https:\/\/fbc-wp-hidden.azurewebsites.net\/fr\/#website\"},\"datePublished\":\"2025-06-02T03:54:09+00:00\",\"dateModified\":\"2025-06-05T13:39:26+00:00\",\"breadcrumb\":{\"@id\":\"https:\/\/fbc-wp-hidden.azurewebsites.net\/fr\/la-faim-au-canada\/bilan-faim\/conclusions-generales\/#breadcrumb\"},\"inLanguage\":\"fr-CA\",\"potentialAction\":[{\"@type\":\"ReadAction\",\"target\":[\"https:\/\/fbc-wp-hidden.azurewebsites.net\/fr\/la-faim-au-canada\/bilan-faim\/conclusions-generales\/\"]}]},{\"@type\":\"BreadcrumbList\",\"@id\":\"https:\/\/fbc-wp-hidden.azurewebsites.net\/fr\/la-faim-au-canada\/bilan-faim\/conclusions-generales\/#breadcrumb\",\"itemListElement\":[{\"@type\":\"ListItem\",\"position\":1,\"name\":\"Accueil\",\"item\":\"https:\/\/fbc-wp-hidden.azurewebsites.net\/fr\/\"},{\"@type\":\"ListItem\",\"position\":2,\"name\":\"La faim au Canada\",\"item\":\"https:\/\/fbc-wp-hidden.azurewebsites.net\/fr\/la-faim-au-canada\/\"},{\"@type\":\"ListItem\",\"position\":3,\"name\":\"Bilan-Faim\",\"item\":\"https:\/\/fbc-wp-hidden.azurewebsites.net\/fr\/la-faim-au-canada\/bilan-faim\/\"},{\"@type\":\"ListItem\",\"position\":4,\"name\":\"Conclusions g\u00e9n\u00e9rales\"}]},{\"@type\":\"WebSite\",\"@id\":\"https:\/\/fbc-wp-hidden.azurewebsites.net\/fr\/#website\",\"url\":\"https:\/\/fbc-wp-hidden.azurewebsites.net\/fr\/\",\"name\":\"Banques alimentaires Canada\",\"description\":\"\",\"publisher\":{\"@id\":\"https:\/\/fbc-wp-hidden.azurewebsites.net\/fr\/#organization\"},\"potentialAction\":[{\"@type\":\"SearchAction\",\"target\":{\"@type\":\"EntryPoint\",\"urlTemplate\":\"https:\/\/fbc-wp-hidden.azurewebsites.net\/fr\/?s={search_term_string}\"},\"query-input\":{\"@type\":\"PropertyValueSpecification\",\"valueRequired\":true,\"valueName\":\"search_term_string\"}}],\"inLanguage\":\"fr-CA\"},{\"@type\":\"Organization\",\"@id\":\"https:\/\/fbc-wp-hidden.azurewebsites.net\/fr\/#organization\",\"name\":\"Food Banks Canada\",\"url\":\"https:\/\/fbc-wp-hidden.azurewebsites.net\/fr\/\",\"logo\":{\"@type\":\"ImageObject\",\"inLanguage\":\"fr-CA\",\"@id\":\"https:\/\/fbc-wp-hidden.azurewebsites.net\/fr\/#\/schema\/logo\/image\/\",\"url\":\"https:\/\/fbcblobstorage.blob.core.windows.net\/wordpress\/2021\/11\/logo.png\",\"contentUrl\":\"https:\/\/fbcblobstorage.blob.core.windows.net\/wordpress\/2021\/11\/logo.png\",\"width\":377,\"height\":89,\"caption\":\"Food Banks Canada\"},\"image\":{\"@id\":\"https:\/\/fbc-wp-hidden.azurewebsites.net\/fr\/#\/schema\/logo\/image\/\"}}]}<\/script>\n<!-- \/ Yoast SEO Premium plugin. -->","yoast_head_json":{"title":"Conclusions g\u00e9n\u00e9rales - Banques alimentaires Canada","robots":{"index":"index","follow":"follow","max-snippet":"max-snippet:-1","max-image-preview":"max-image-preview:large","max-video-preview":"max-video-preview:-1"},"canonical":"https:\/\/fbc-wp-hidden.azurewebsites.net\/fr\/la-faim-au-canada\/bilan-faim\/conclusions-generales\/","og_locale":"fr_CA","og_type":"article","og_title":"Conclusions g\u00e9n\u00e9rales","og_url":"https:\/\/fbc-wp-hidden.azurewebsites.net\/fr\/la-faim-au-canada\/bilan-faim\/conclusions-generales\/","og_site_name":"Banques alimentaires Canada","article_modified_time":"2025-06-05T13:39:26+00:00","twitter_card":"summary_large_image","schema":{"@context":"https:\/\/schema.org","@graph":[{"@type":"WebPage","@id":"https:\/\/fbc-wp-hidden.azurewebsites.net\/fr\/la-faim-au-canada\/bilan-faim\/conclusions-generales\/","url":"https:\/\/fbc-wp-hidden.azurewebsites.net\/fr\/la-faim-au-canada\/bilan-faim\/conclusions-generales\/","name":"Conclusions g\u00e9n\u00e9rales - Banques alimentaires Canada","isPartOf":{"@id":"https:\/\/fbc-wp-hidden.azurewebsites.net\/fr\/#website"},"datePublished":"2025-06-02T03:54:09+00:00","dateModified":"2025-06-05T13:39:26+00:00","breadcrumb":{"@id":"https:\/\/fbc-wp-hidden.azurewebsites.net\/fr\/la-faim-au-canada\/bilan-faim\/conclusions-generales\/#breadcrumb"},"inLanguage":"fr-CA","potentialAction":[{"@type":"ReadAction","target":["https:\/\/fbc-wp-hidden.azurewebsites.net\/fr\/la-faim-au-canada\/bilan-faim\/conclusions-generales\/"]}]},{"@type":"BreadcrumbList","@id":"https:\/\/fbc-wp-hidden.azurewebsites.net\/fr\/la-faim-au-canada\/bilan-faim\/conclusions-generales\/#breadcrumb","itemListElement":[{"@type":"ListItem","position":1,"name":"Accueil","item":"https:\/\/fbc-wp-hidden.azurewebsites.net\/fr\/"},{"@type":"ListItem","position":2,"name":"La faim au Canada","item":"https:\/\/fbc-wp-hidden.azurewebsites.net\/fr\/la-faim-au-canada\/"},{"@type":"ListItem","position":3,"name":"Bilan-Faim","item":"https:\/\/fbc-wp-hidden.azurewebsites.net\/fr\/la-faim-au-canada\/bilan-faim\/"},{"@type":"ListItem","position":4,"name":"Conclusions g\u00e9n\u00e9rales"}]},{"@type":"WebSite","@id":"https:\/\/fbc-wp-hidden.azurewebsites.net\/fr\/#website","url":"https:\/\/fbc-wp-hidden.azurewebsites.net\/fr\/","name":"Banques alimentaires Canada","description":"","publisher":{"@id":"https:\/\/fbc-wp-hidden.azurewebsites.net\/fr\/#organization"},"potentialAction":[{"@type":"SearchAction","target":{"@type":"EntryPoint","urlTemplate":"https:\/\/fbc-wp-hidden.azurewebsites.net\/fr\/?s={search_term_string}"},"query-input":{"@type":"PropertyValueSpecification","valueRequired":true,"valueName":"search_term_string"}}],"inLanguage":"fr-CA"},{"@type":"Organization","@id":"https:\/\/fbc-wp-hidden.azurewebsites.net\/fr\/#organization","name":"Food Banks Canada","url":"https:\/\/fbc-wp-hidden.azurewebsites.net\/fr\/","logo":{"@type":"ImageObject","inLanguage":"fr-CA","@id":"https:\/\/fbc-wp-hidden.azurewebsites.net\/fr\/#\/schema\/logo\/image\/","url":"https:\/\/fbcblobstorage.blob.core.windows.net\/wordpress\/2021\/11\/logo.png","contentUrl":"https:\/\/fbcblobstorage.blob.core.windows.net\/wordpress\/2021\/11\/logo.png","width":377,"height":89,"caption":"Food Banks Canada"},"image":{"@id":"https:\/\/fbc-wp-hidden.azurewebsites.net\/fr\/#\/schema\/logo\/image\/"}}]}},"_links":{"self":[{"href":"https:\/\/fbc-wp-hidden.azurewebsites.net\/fr\/wp-json\/wp\/v2\/pages\/42255","targetHints":{"allow":["GET"]}}],"collection":[{"href":"https:\/\/fbc-wp-hidden.azurewebsites.net\/fr\/wp-json\/wp\/v2\/pages"}],"about":[{"href":"https:\/\/fbc-wp-hidden.azurewebsites.net\/fr\/wp-json\/wp\/v2\/types\/page"}],"author":[{"embeddable":true,"href":"https:\/\/fbc-wp-hidden.azurewebsites.net\/fr\/wp-json\/wp\/v2\/users\/45"}],"replies":[{"embeddable":true,"href":"https:\/\/fbc-wp-hidden.azurewebsites.net\/fr\/wp-json\/wp\/v2\/comments?post=42255"}],"version-history":[{"count":3,"href":"https:\/\/fbc-wp-hidden.azurewebsites.net\/fr\/wp-json\/wp\/v2\/pages\/42255\/revisions"}],"predecessor-version":[{"id":42262,"href":"https:\/\/fbc-wp-hidden.azurewebsites.net\/fr\/wp-json\/wp\/v2\/pages\/42255\/revisions\/42262"}],"up":[{"embeddable":true,"href":"https:\/\/fbc-wp-hidden.azurewebsites.net\/fr\/wp-json\/wp\/v2\/pages\/42004"}],"wp:attachment":[{"href":"https:\/\/fbc-wp-hidden.azurewebsites.net\/fr\/wp-json\/wp\/v2\/media?parent=42255"}],"wp:term":[{"taxonomy":"category","embeddable":true,"href":"https:\/\/fbc-wp-hidden.azurewebsites.net\/fr\/wp-json\/wp\/v2\/categories?post=42255"},{"taxonomy":"post_tag","embeddable":true,"href":"https:\/\/fbc-wp-hidden.azurewebsites.net\/fr\/wp-json\/wp\/v2\/tags?post=42255"}],"curies":[{"name":"wp","href":"https:\/\/api.w.org\/{rel}","templated":true}]}}