{"id":43079,"date":"2025-06-19T15:59:08","date_gmt":"2025-06-19T19:59:08","guid":{"rendered":"https:\/\/stg.foodbankscanada.ca\/advocacy-awareness\/"},"modified":"2025-09-15T12:23:45","modified_gmt":"2025-09-15T16:23:45","slug":"defense-des-interets-et-sensibilisation","status":"publish","type":"page","link":"https:\/\/fbc-wp-hidden.azurewebsites.net\/fr\/ce-que-nous-faisons\/defense-des-interets-et-sensibilisation\/","title":{"rendered":"D\u00e9fense des int\u00e9r\u00eats et sensibilisation"},"content":{"rendered":"<section class=\" block block-image-text-button-list image-text-button-list mb-5 mb-lg-6 aligndefault\"\n         style=\"  background-color: rgba(254, 245, 221, 0); \">\n  <div class=\"container-lg px-0 d-flex flex-column flex-lg-row-reverse\">\n    \n    <div class=\"container-lg px-0 px-lg-2 col-12 col-lg-5\">\n      \n      <div class=\"slider-padding-div mb-4\">\n        <div\n          class=\"image-text-button-swiper swiper\"\n          style=\"--swiper-theme-color: #FFBE00; width: 100%;\"\n          data-autoscroll=\"false\"\n          data-delay=\"3000\"\n        >\n          <div class=\"swiper-wrapper\">\n                           \n                <div\n                  class=\"swiper-slide image-banner\"\n                  style=\"background-size: cover; background-position: center; background-repeat: no-repeat;\n                                        aspect-ratio: 1.3430656934307;\n                                              background-image: url('https:\/\/content.foodbankscanada.ca\/wordpress\/2025\/05\/smiling-woman-holding-her-child.png');\n                                                              width: 100%;\"\n                  role=\"img\"\n                  aria-label=\"\"\n                ><\/div>\n                                    <\/div>\n\n                  <\/div>\n      <\/div>\n\n      \n              <div class=\"d-none d-lg-block\">\n          \n        <\/div>\n          <\/div>\n\n    \n    <div class=\"container col-12 col-lg-7 text-break\">\n      <div class=\"breadcrumbs-section    \n   breadcrumbs_normal \">\n  <p id=\"breadcrumbs\" class=\"\"><span><span><a href=\"https:\/\/fbc-wp-hidden.azurewebsites.net\/fr\/\">Accueil<\/a><\/span><\/span><\/p><\/div>              <div class=\"mt-4\">\n          <h1>D\u00e9fense des int\u00e9r\u00eats et sensibilisation<\/h1>\n<p>Gr\u00e2ce \u00e0 la base de donn\u00e9es nationale la plus compl\u00e8te sur le recours aux banques alimentaires, Banques alimentaires Canada publie des recherches offrant une perspective exclusive et des \u00e9clairages uniques sur l\u2019ins\u00e9curit\u00e9 alimentaire \u00e0 l\u2019\u00e9chelle nationale.<\/p>\n<p>Nos constatations constituent un point de d\u00e9part fond\u00e9 sur des donn\u00e9es probantes pour notre travail et peuvent \u00eatre utilis\u00e9es par les membres du r\u00e9seau des banques alimentaires et le grand public pour pr\u00e9senter une p\u00e9tition au gouvernement. Ensemble, nous pouvons militer des politiques fond\u00e9es sur des donn\u00e9es probantes qui s\u2019attaquent aux causes profondes de l\u2019ins\u00e9curit\u00e9 alimentaire et favorisent un changement syst\u00e9mique.<\/p>\n\n        <\/div>\n      \n              <div class=\"mt-4 d-block d-lg-none\">\n          \n        <\/div>\n          <\/div>\n  <\/div>\n<\/section>\n\n<section class=\" block block-no-bg-image-card-group-v2 no-bg-image-card-group-v2 my-5 my-lg-6 aligndefault bg-color-beige \n                 py-5 \" style=\"\">\n  <div class=\"container\">\n  \n          <h2>Volets du programme<\/h2>\n\n    \n    <div class=\"row row-cols-1  g-5 \">\n       \n                  <div class=\"col col-12 col-md-6 col-lg-6 d-flex align-items-stretch\">\n  <div class=\"card w-100 border-0\">\n          <img decoding=\"async\" loading=\"lazy\" src=\"https:\/\/content.foodbankscanada.ca\/wordpress\/2025\/06\/image-160.png\" class=\"card-img-top blog-image\" style=\"aspect-ratio:4\/3; object-fit: cover;\">\n    \n    <div class=\"card-body p-0 text-body-color \">\n      \n              <p class=\"fw-semibold mt-4 mb-2 blog-title card-title\"><\/p>\n      \n      \n        <div class=\"card-text\">\n                <h2 class=\"fs-3\">Gouvernement (d\u00e9fense des int\u00e9r\u00eats)<\/h2>\n<p>Nous d\u00e9marchons \u00e0 l\u2019\u00e9chelle nationale et nous outillons et activons le r\u00e9seau des banques alimentaires pour la d\u00e9fense des int\u00e9r\u00eats aux \u00e9chelles locale et provinciale.<\/p>\n\n          <\/div>\n\n            <\/div>\n  <\/div>\n<\/div> \n                  <div class=\"col col-12 col-md-6 col-lg-6 d-flex align-items-stretch\">\n  <div class=\"card w-100 border-0\">\n          <img decoding=\"async\" loading=\"lazy\" src=\"https:\/\/content.foodbankscanada.ca\/wordpress\/2025\/05\/home_160-6.webp\" class=\"card-img-top blog-image\" style=\"aspect-ratio:4\/3; object-fit: cover;\">\n    \n    <div class=\"card-body p-0 text-body-color \">\n      \n              <p class=\"fw-semibold mt-4 mb-2 blog-title card-title\"><\/p>\n      \n      \n        <div class=\"card-text\">\n                <h2 class=\"fs-3\">Mobilisation du public<\/h2>\n<p>Notre travail sensibilise le public et mobilise l\u2019action individuelle et communautaire.<\/p>\n\n          <\/div>\n\n            <\/div>\n  <\/div>\n<\/div> \n                  <\/div>\n  <\/div>\n<\/section>\n\n<section class=\" block block-no-bg-image-card-group-v2 no-bg-image-card-group-v2 my-5 my-lg-6 aligndefault bg-color-light \n                \" style=\"\">\n  <div class=\"container\">\n  \n          <h2>Initiatives de programme<\/h2>\n<p>Les diverses initiatives mises en \u0153uvre dans le cadre de nos programmes sont con\u00e7ues pour influencer positivement la perception du public \u00e0 l\u2019\u00e9gard des banques alimentaires et \u00e9clairer les d\u00e9cisions strat\u00e9giques. Voici quelques exemples :<\/p>\n\n    \n    <div class=\"row row-cols-1  gx-3 gy-4 \">\n       \n                  <div class=\"col col-12 col-md-6 col-lg-4 d-flex align-items-stretch\">\n  <div class=\"card w-100 border-0\">\n          <img decoding=\"async\" loading=\"lazy\" src=\"https:\/\/content.foodbankscanada.ca\/wordpress\/2025\/09\/thumbnail_FBC_2025PRC_664x500_WebImage_FR02-68c079af7a795.png\" class=\"card-img-top blog-image\" style=\"aspect-ratio:4\/3; object-fit: cover;\">\n    \n    <div class=\"card-body p-0 text-body-color \">\n      \n              <p class=\"fw-semibold mt-4 mb-2 blog-title card-title\">Fiche de rendement sur la pauvret\u00e9<\/p>\n      \n      \n        <div class=\"card-text\">\n                <p><span data-olk-copy-source=\"MailCompose\">Aper\u00e7u de ce que fait le Canada pour att\u00e9nuer les causes profondes de l\u2019ins\u00e9curit\u00e9 alimentaire<\/span><\/p>\n\n          <\/div>\n\n            <a href=\"\/fr\/fiches-de-rendement-sur-la-pauvrete\/fiche-de-rendement\/?y=2025&amp;p=canada\" class=\"text-body-color text-uppercase h6\" target=\"\" \n          rel=\"\">\n          Consulter la fiche de rendement\n        <\/a>\n            <\/div>\n  <\/div>\n<\/div> \n                  <div class=\"col col-12 col-md-6 col-lg-4 d-flex align-items-stretch\">\n  <div class=\"card w-100 border-0\">\n          <img decoding=\"async\" loading=\"lazy\" src=\"https:\/\/content.foodbankscanada.ca\/wordpress\/2025\/05\/hunger_160.png\" class=\"card-img-top blog-image\" style=\"aspect-ratio:4\/3; object-fit: cover;\">\n    \n    <div class=\"card-body p-0 text-body-color \">\n      \n              <p class=\"fw-semibold mt-4 mb-2 blog-title card-title\">Bilan-Faim<\/p>\n      \n      \n        <div class=\"card-text\">\n                <p>L\u2019instantan\u00e9 de type recensement le plus complet de l\u2019utilisation des banques alimentaires au Canada. Bilan-Faim aide \u00e0 voir au-del\u00e0 des stigmates soci\u00e9taux pour comprendre les causes profondes de la faim.<\/p>\n\n          <\/div>\n\n            <a href=\"\/fr\/hunger-in-canada\/hungercount\" class=\"text-body-color text-uppercase h6\" target=\"\" \n          rel=\"\">\n          Pour en savoir plus\n        <\/a>\n            <\/div>\n  <\/div>\n<\/div> \n                  <div class=\"col col-12 col-md-6 col-lg-4 d-flex align-items-stretch\">\n  <div class=\"card w-100 border-0\">\n          <img decoding=\"async\" loading=\"lazy\" src=\"https:\/\/content.foodbankscanada.ca\/wordpress\/2025\/05\/home_161.webp\" class=\"card-img-top blog-image\" style=\"aspect-ratio:4\/3; object-fit: cover;\">\n    \n    <div class=\"card-body p-0 text-body-color \">\n      \n              <p class=\"fw-semibold mt-4 mb-2 blog-title card-title\">Sommet sur la lutte contre l\u2019ins\u00e9curit\u00e9 alimentaire <\/p>\n      \n      \n        <div class=\"card-text\">\n                <p>Cet \u00e9v\u00e9nement d\u2019une journ\u00e9e r\u00e9unit des dirigeants, des experts et des acteurs de changement dans le domaine de l\u2019ins\u00e9curit\u00e9 alimentaire au Canada. <\/p>\n\n          <\/div>\n\n            <a href=\"https:\/\/site.pheedloop.com\/event\/foodbankssummit2025\/home\" class=\"text-body-color text-uppercase h6\" target=\"\" \n          rel=\"\">\n          Pour en savoir plus sur le sommet de cette ann\u00e9e\n        <\/a>\n            <\/div>\n  <\/div>\n<\/div> \n                  <div class=\"col col-12 col-md-6 col-lg-4 d-flex align-items-stretch\">\n  <div class=\"card w-100 border-0\">\n          <img decoding=\"async\" loading=\"lazy\" src=\"https:\/\/content.foodbankscanada.ca\/wordpress\/2025\/05\/hunger_158.png\" class=\"card-img-top blog-image\" style=\"aspect-ratio:4\/3; object-fit: cover;\">\n    \n    <div class=\"card-body p-0 text-body-color \">\n      \n              <p class=\"fw-semibold mt-4 mb-2 blog-title card-title\">Carte de vuln\u00e9rabilit\u00e9 \u00e0 la pauvret\u00e9<\/p>\n      \n      \n        <div class=\"card-text\">\n                <p>La pauvret\u00e9 peut parfois \u00eatre difficile \u00e0 percevoir, ce qui complique sa prise en charge. Notre carte interactive donne un aper\u00e7u de la g\u00e9ographie de la pauvret\u00e9 et des facteurs sous\u2011jacents.<\/p>\n\n          <\/div>\n\n            <a href=\"\/hunger-in-canada\/poverty-vulnerability-map\/\" class=\"text-body-color text-uppercase h6\" target=\"\" \n          rel=\"\">\n          Allez \u00e0 la carte\n        <\/a>\n            <\/div>\n  <\/div>\n<\/div> \n                  <\/div>\n  <\/div>\n<\/section>\n\n\n<hr class=\"wp-block-separator has-alpha-channel-opacity container text-secondary\"\/>\n\n\n<section class=\" block block-donation donation mt-4 mb-5 my-lg-6 aligndefault\" style=\"\">\n  <div id=\"donation-container\" class=\"container d-flex flex-column flex-lg-row \n        justify-content-center align-items-center bg-color-beige py-4\">          \n    <div class=\"w-100 p-4 p-lg-6 \">\n      <h2>Aidez \u00e0 \u00e9liminer la faim.<br \/>\nFaites un don d\u00e8s maintenant.<br \/>\n<\/h2>\n<p>Votre g\u00e9n\u00e9reux soutien aidera \u00e0 faire en sorte que les familles, les a\u00een\u00e9s et les enfants qui sont aux prises avec l\u2019ins\u00e9curit\u00e9 alimentaire obtiennent les aliments nutritifs dont ils ont besoin pour atteindre leur plein potentiel.<\/p>\n\n    <\/div>\n    <div class=\"w-100 d-flex justify-content-center\">\n      <a href=\"#XPZQTLKH\" style=\"display: none\"><\/a>\n    <\/div>\n  <\/div>\n<\/section>\n\n\n<p><\/p>\n","protected":false},"excerpt":{"rendered":"","protected":false},"author":44,"featured_media":0,"parent":41555,"menu_order":0,"comment_status":"closed","ping_status":"closed","template":"full-width-page.blade.php","meta":{"_acf_changed":false,"footnotes":""},"categories":[],"tags":[],"class_list":["post-43079","page","type-page","status-publish","hentry"],"acf":[],"yoast_head":"<!-- This site is optimized with the Yoast SEO Premium plugin v26.2-RC1 (Yoast SEO v26.2-RC4) - https:\/\/yoast.com\/wordpress\/plugins\/seo\/ -->\n<title>D\u00e9fense des int\u00e9r\u00eats et sensibilisation - Banques alimentaires Canada<\/title>\n<meta name=\"robots\" content=\"index, follow, max-snippet:-1, max-image-preview:large, max-video-preview:-1\" \/>\n<link rel=\"canonical\" href=\"https:\/\/fbc-wp-hidden.azurewebsites.net\/fr\/ce-que-nous-faisons\/defense-des-interets-et-sensibilisation\/\" \/>\n<meta property=\"og:locale\" content=\"fr_CA\" \/>\n<meta property=\"og:type\" content=\"article\" \/>\n<meta property=\"og:title\" content=\"D\u00e9fense des int\u00e9r\u00eats et sensibilisation\" \/>\n<meta property=\"og:url\" content=\"https:\/\/fbc-wp-hidden.azurewebsites.net\/fr\/ce-que-nous-faisons\/defense-des-interets-et-sensibilisation\/\" \/>\n<meta property=\"og:site_name\" content=\"Banques alimentaires Canada\" \/>\n<meta property=\"article:modified_time\" content=\"2025-09-15T16:23:45+00:00\" \/>\n<meta name=\"twitter:card\" content=\"summary_large_image\" \/>\n<script type=\"application\/ld+json\" class=\"yoast-schema-graph\">{\"@context\":\"https:\/\/schema.org\",\"@graph\":[{\"@type\":\"WebPage\",\"@id\":\"https:\/\/fbc-wp-hidden.azurewebsites.net\/fr\/ce-que-nous-faisons\/defense-des-interets-et-sensibilisation\/\",\"url\":\"https:\/\/fbc-wp-hidden.azurewebsites.net\/fr\/ce-que-nous-faisons\/defense-des-interets-et-sensibilisation\/\",\"name\":\"D\u00e9fense des int\u00e9r\u00eats et sensibilisation - Banques alimentaires Canada\",\"isPartOf\":{\"@id\":\"https:\/\/fbc-wp-hidden.azurewebsites.net\/fr\/#website\"},\"datePublished\":\"2025-06-19T19:59:08+00:00\",\"dateModified\":\"2025-09-15T16:23:45+00:00\",\"breadcrumb\":{\"@id\":\"https:\/\/fbc-wp-hidden.azurewebsites.net\/fr\/ce-que-nous-faisons\/defense-des-interets-et-sensibilisation\/#breadcrumb\"},\"inLanguage\":\"fr-CA\",\"potentialAction\":[{\"@type\":\"ReadAction\",\"target\":[\"https:\/\/fbc-wp-hidden.azurewebsites.net\/fr\/ce-que-nous-faisons\/defense-des-interets-et-sensibilisation\/\"]}]},{\"@type\":\"BreadcrumbList\",\"@id\":\"https:\/\/fbc-wp-hidden.azurewebsites.net\/fr\/ce-que-nous-faisons\/defense-des-interets-et-sensibilisation\/#breadcrumb\",\"itemListElement\":[{\"@type\":\"ListItem\",\"position\":1,\"name\":\"Accueil\",\"item\":\"https:\/\/fbc-wp-hidden.azurewebsites.net\/fr\/\"},{\"@type\":\"ListItem\",\"position\":2,\"name\":\"Ce que nous faisons\",\"item\":\"https:\/\/fbc-wp-hidden.azurewebsites.net\/fr\/ce-que-nous-faisons\/\"},{\"@type\":\"ListItem\",\"position\":3,\"name\":\"D\u00e9fense des int\u00e9r\u00eats et sensibilisation\"}]},{\"@type\":\"WebSite\",\"@id\":\"https:\/\/fbc-wp-hidden.azurewebsites.net\/fr\/#website\",\"url\":\"https:\/\/fbc-wp-hidden.azurewebsites.net\/fr\/\",\"name\":\"Banques alimentaires Canada\",\"description\":\"\",\"publisher\":{\"@id\":\"https:\/\/fbc-wp-hidden.azurewebsites.net\/fr\/#organization\"},\"potentialAction\":[{\"@type\":\"SearchAction\",\"target\":{\"@type\":\"EntryPoint\",\"urlTemplate\":\"https:\/\/fbc-wp-hidden.azurewebsites.net\/fr\/?s={search_term_string}\"},\"query-input\":{\"@type\":\"PropertyValueSpecification\",\"valueRequired\":true,\"valueName\":\"search_term_string\"}}],\"inLanguage\":\"fr-CA\"},{\"@type\":\"Organization\",\"@id\":\"https:\/\/fbc-wp-hidden.azurewebsites.net\/fr\/#organization\",\"name\":\"Food Banks Canada\",\"url\":\"https:\/\/fbc-wp-hidden.azurewebsites.net\/fr\/\",\"logo\":{\"@type\":\"ImageObject\",\"inLanguage\":\"fr-CA\",\"@id\":\"https:\/\/fbc-wp-hidden.azurewebsites.net\/fr\/#\/schema\/logo\/image\/\",\"url\":\"https:\/\/fbcblobstorage.blob.core.windows.net\/wordpress\/2021\/11\/logo.png\",\"contentUrl\":\"https:\/\/fbcblobstorage.blob.core.windows.net\/wordpress\/2021\/11\/logo.png\",\"width\":377,\"height\":89,\"caption\":\"Food Banks Canada\"},\"image\":{\"@id\":\"https:\/\/fbc-wp-hidden.azurewebsites.net\/fr\/#\/schema\/logo\/image\/\"}}]}<\/script>\n<!-- \/ Yoast SEO Premium plugin. -->","yoast_head_json":{"title":"D\u00e9fense des int\u00e9r\u00eats et sensibilisation - Banques alimentaires Canada","robots":{"index":"index","follow":"follow","max-snippet":"max-snippet:-1","max-image-preview":"max-image-preview:large","max-video-preview":"max-video-preview:-1"},"canonical":"https:\/\/fbc-wp-hidden.azurewebsites.net\/fr\/ce-que-nous-faisons\/defense-des-interets-et-sensibilisation\/","og_locale":"fr_CA","og_type":"article","og_title":"D\u00e9fense des int\u00e9r\u00eats et sensibilisation","og_url":"https:\/\/fbc-wp-hidden.azurewebsites.net\/fr\/ce-que-nous-faisons\/defense-des-interets-et-sensibilisation\/","og_site_name":"Banques alimentaires Canada","article_modified_time":"2025-09-15T16:23:45+00:00","twitter_card":"summary_large_image","schema":{"@context":"https:\/\/schema.org","@graph":[{"@type":"WebPage","@id":"https:\/\/fbc-wp-hidden.azurewebsites.net\/fr\/ce-que-nous-faisons\/defense-des-interets-et-sensibilisation\/","url":"https:\/\/fbc-wp-hidden.azurewebsites.net\/fr\/ce-que-nous-faisons\/defense-des-interets-et-sensibilisation\/","name":"D\u00e9fense des int\u00e9r\u00eats et sensibilisation - Banques alimentaires Canada","isPartOf":{"@id":"https:\/\/fbc-wp-hidden.azurewebsites.net\/fr\/#website"},"datePublished":"2025-06-19T19:59:08+00:00","dateModified":"2025-09-15T16:23:45+00:00","breadcrumb":{"@id":"https:\/\/fbc-wp-hidden.azurewebsites.net\/fr\/ce-que-nous-faisons\/defense-des-interets-et-sensibilisation\/#breadcrumb"},"inLanguage":"fr-CA","potentialAction":[{"@type":"ReadAction","target":["https:\/\/fbc-wp-hidden.azurewebsites.net\/fr\/ce-que-nous-faisons\/defense-des-interets-et-sensibilisation\/"]}]},{"@type":"BreadcrumbList","@id":"https:\/\/fbc-wp-hidden.azurewebsites.net\/fr\/ce-que-nous-faisons\/defense-des-interets-et-sensibilisation\/#breadcrumb","itemListElement":[{"@type":"ListItem","position":1,"name":"Accueil","item":"https:\/\/fbc-wp-hidden.azurewebsites.net\/fr\/"},{"@type":"ListItem","position":2,"name":"Ce que nous faisons","item":"https:\/\/fbc-wp-hidden.azurewebsites.net\/fr\/ce-que-nous-faisons\/"},{"@type":"ListItem","position":3,"name":"D\u00e9fense des int\u00e9r\u00eats et sensibilisation"}]},{"@type":"WebSite","@id":"https:\/\/fbc-wp-hidden.azurewebsites.net\/fr\/#website","url":"https:\/\/fbc-wp-hidden.azurewebsites.net\/fr\/","name":"Banques alimentaires Canada","description":"","publisher":{"@id":"https:\/\/fbc-wp-hidden.azurewebsites.net\/fr\/#organization"},"potentialAction":[{"@type":"SearchAction","target":{"@type":"EntryPoint","urlTemplate":"https:\/\/fbc-wp-hidden.azurewebsites.net\/fr\/?s={search_term_string}"},"query-input":{"@type":"PropertyValueSpecification","valueRequired":true,"valueName":"search_term_string"}}],"inLanguage":"fr-CA"},{"@type":"Organization","@id":"https:\/\/fbc-wp-hidden.azurewebsites.net\/fr\/#organization","name":"Food Banks Canada","url":"https:\/\/fbc-wp-hidden.azurewebsites.net\/fr\/","logo":{"@type":"ImageObject","inLanguage":"fr-CA","@id":"https:\/\/fbc-wp-hidden.azurewebsites.net\/fr\/#\/schema\/logo\/image\/","url":"https:\/\/fbcblobstorage.blob.core.windows.net\/wordpress\/2021\/11\/logo.png","contentUrl":"https:\/\/fbcblobstorage.blob.core.windows.net\/wordpress\/2021\/11\/logo.png","width":377,"height":89,"caption":"Food Banks Canada"},"image":{"@id":"https:\/\/fbc-wp-hidden.azurewebsites.net\/fr\/#\/schema\/logo\/image\/"}}]}},"_links":{"self":[{"href":"https:\/\/fbc-wp-hidden.azurewebsites.net\/fr\/wp-json\/wp\/v2\/pages\/43079","targetHints":{"allow":["GET"]}}],"collection":[{"href":"https:\/\/fbc-wp-hidden.azurewebsites.net\/fr\/wp-json\/wp\/v2\/pages"}],"about":[{"href":"https:\/\/fbc-wp-hidden.azurewebsites.net\/fr\/wp-json\/wp\/v2\/types\/page"}],"author":[{"embeddable":true,"href":"https:\/\/fbc-wp-hidden.azurewebsites.net\/fr\/wp-json\/wp\/v2\/users\/44"}],"replies":[{"embeddable":true,"href":"https:\/\/fbc-wp-hidden.azurewebsites.net\/fr\/wp-json\/wp\/v2\/comments?post=43079"}],"version-history":[{"count":11,"href":"https:\/\/fbc-wp-hidden.azurewebsites.net\/fr\/wp-json\/wp\/v2\/pages\/43079\/revisions"}],"predecessor-version":[{"id":45450,"href":"https:\/\/fbc-wp-hidden.azurewebsites.net\/fr\/wp-json\/wp\/v2\/pages\/43079\/revisions\/45450"}],"up":[{"embeddable":true,"href":"https:\/\/fbc-wp-hidden.azurewebsites.net\/fr\/wp-json\/wp\/v2\/pages\/41555"}],"wp:attachment":[{"href":"https:\/\/fbc-wp-hidden.azurewebsites.net\/fr\/wp-json\/wp\/v2\/media?parent=43079"}],"wp:term":[{"taxonomy":"category","embeddable":true,"href":"https:\/\/fbc-wp-hidden.azurewebsites.net\/fr\/wp-json\/wp\/v2\/categories?post=43079"},{"taxonomy":"post_tag","embeddable":true,"href":"https:\/\/fbc-wp-hidden.azurewebsites.net\/fr\/wp-json\/wp\/v2\/tags?post=43079"}],"curies":[{"name":"wp","href":"https:\/\/api.w.org\/{rel}","templated":true}]}}