{"id":43128,"date":"2025-06-19T17:31:36","date_gmt":"2025-06-19T21:31:36","guid":{"rendered":"https:\/\/stg.foodbankscanada.ca\/ce-que-nous-faisons\/food-bank-support-enhancement\/"},"modified":"2025-06-25T09:39:07","modified_gmt":"2025-06-25T13:39:07","slug":"soutien-et-amelioration-du-reseau-de-banques-alimentaires","status":"publish","type":"page","link":"https:\/\/fbc-wp-hidden.azurewebsites.net\/fr\/ce-que-nous-faisons\/soutien-et-amelioration-du-reseau-de-banques-alimentaires\/","title":{"rendered":"Soutien et am\u00e9lioration du r\u00e9seau de banques alimentaires"},"content":{"rendered":"<section class=\" block block-image-text-button-list image-text-button-list mb-5 mb-lg-6 aligndefault\"\n         style=\"  background-color: rgba(254, 245, 221, 0); \">\n  <div class=\"container-lg px-0 d-flex flex-column flex-lg-row-reverse\">\n    \n    <div class=\"container-lg px-0 px-lg-2 col-12 col-lg-6\">\n      \n      <div class=\"slider-padding-div mb-4\">\n        <div\n          class=\"image-text-button-swiper swiper\"\n          style=\"--swiper-theme-color: #FFBE00; width: 100%;\"\n          data-autoscroll=\"false\"\n          data-delay=\"3000\"\n        >\n          <div class=\"swiper-wrapper\">\n                           \n                <div\n                  class=\"swiper-slide image-banner\"\n                  style=\"background-size: cover; background-position: center; background-repeat: no-repeat;\n                                        aspect-ratio: 1.3463414634146;\n                                              background-image: url('https:\/\/content.foodbankscanada.ca\/wordpress\/2025\/05\/community-and-bonding.png');\n                                                              width: 100%;\"\n                  role=\"img\"\n                  aria-label=\"\"\n                ><\/div>\n                                    <\/div>\n\n                  <\/div>\n      <\/div>\n\n      \n              <div class=\"d-none d-lg-block\">\n          \n        <\/div>\n          <\/div>\n\n    \n    <div class=\"container col-12 col-lg-6 text-break\">\n      <div class=\"breadcrumbs-section    \n  \">\n  <p id=\"breadcrumbs\" class=\"\"><span><span><a href=\"https:\/\/fbc-wp-hidden.azurewebsites.net\/fr\/\">Accueil<\/a><\/span><\/span><\/p><\/div>              <div class=\"mt-4\">\n          <h1>Soutien et am\u00e9lioration du r\u00e9seau de banques alimentaires<\/h1>\n<p>Afin de nous assurer que toutes les personnes dans le besoin puissent avoir acc\u00e8s \u00e0 des aliments nutritifs, nous collaborons avec le r\u00e9seau des banques alimentaires afin de renforcer leurs capacit\u00e9s et de soutenir la prestation de services. Par le financement, la promotion des pratiques exemplaires, l\u2019analyse des donn\u00e9es et la promotion des normes, nous sommes d\u00e9termin\u00e9s \u00e0 faire en sorte que personne au Canada ne souffre de la faim.<\/p>\n\n        <\/div>\n      \n              <div class=\"mt-4 d-block d-lg-none\">\n          \n        <\/div>\n          <\/div>\n  <\/div>\n<\/section>\n\n<section class=\" block block-no-bg-image-card-group-v2 no-bg-image-card-group-v2 my-5 my-lg-6 p-5 aligndefault bg-color-beige \n                 py-5 \" style=\"\">\n  <div class=\"container\">\n  \n          <h2>Volets du programme<\/h2>\n\n    \n    <div class=\"row row-cols-1  g-5 \">\n       \n                  <div class=\"col col-12 col-md-6 col-lg-4 d-flex align-items-stretch\">\n  <div class=\"card w-100 border-0\">\n          <img decoding=\"async\" loading=\"lazy\" src=\"https:\/\/content.foodbankscanada.ca\/wordpress\/2025\/05\/image-160-21.png\" class=\"card-img-top blog-image\" style=\"aspect-ratio:4\/3; object-fit: cover;\">\n    \n    <div class=\"card-body p-0 text-body-color \">\n      \n              <p class=\"fw-semibold mt-4 mb-2 blog-title card-title\">Acc\u00e8s<\/p>\n      \n      \n        <div class=\"card-text\">\n                <p>Nous effectuons des investissements strat\u00e9giques pour \u00e9liminer les obstacles \u2013 g\u00e9ographiques, physiques, culturels et syst\u00e9miques \u2013 afin que tous les habitants du Canada puissent avoir acc\u00e8s \u00e0 de l\u2019aide alimentaire.<\/p>\n\n          <\/div>\n\n            <\/div>\n  <\/div>\n<\/div> \n                  <div class=\"col col-12 col-md-6 col-lg-4 d-flex align-items-stretch\">\n  <div class=\"card w-100 border-0\">\n          <img decoding=\"async\" loading=\"lazy\" src=\"https:\/\/content.foodbankscanada.ca\/wordpress\/2025\/06\/image-161-1.png\" class=\"card-img-top blog-image\" style=\"aspect-ratio:4\/3; object-fit: cover;\">\n    \n    <div class=\"card-body p-0 text-body-color \">\n      \n              <p class=\"fw-semibold mt-4 mb-2 blog-title card-title\">Renforcement des capacit\u00e9s du r\u00e9seau<\/p>\n      \n      \n        <div class=\"card-text\">\n                <p>Nous soutenons l\u2019\u00e9volution du r\u00e9seau des banques alimentaires en investissant dans les capacit\u00e9s, les syst\u00e8mes et l\u2019infrastructure organisationnels.<\/p>\n\n          <\/div>\n\n            <\/div>\n  <\/div>\n<\/div> \n                  <div class=\"col col-12 col-md-6 col-lg-4 d-flex align-items-stretch\">\n  <div class=\"card w-100 border-0\">\n          <img decoding=\"async\" loading=\"lazy\" src=\"https:\/\/content.foodbankscanada.ca\/wordpress\/2025\/06\/image-159-20.png\" class=\"card-img-top blog-image\" style=\"aspect-ratio:4\/3; object-fit: cover;\">\n    \n    <div class=\"card-body p-0 text-body-color \">\n      \n              <p class=\"fw-semibold mt-4 mb-2 blog-title card-title\">Nord<\/p>\n      \n      \n        <div class=\"card-text\">\n                <p>Nous appuyons les solutions alimentaires communautaires et le d\u00e9veloppement de r\u00e9seaux dans le Nord, ainsi que dans d\u2019autres r\u00e9gions mal desservies.<\/p>\n\n          <\/div>\n\n            <\/div>\n  <\/div>\n<\/div> \n                  <div class=\"col col-12 col-md-6 col-lg-4 d-flex align-items-stretch\">\n  <div class=\"card w-100 border-0\">\n          <img decoding=\"async\" loading=\"lazy\" src=\"https:\/\/content.foodbankscanada.ca\/wordpress\/2025\/06\/image-160-1.png\" class=\"card-img-top blog-image\" style=\"aspect-ratio:4\/3; object-fit: cover;\">\n    \n    <div class=\"card-body p-0 text-body-color \">\n      \n              <p class=\"fw-semibold mt-4 mb-2 blog-title card-title\">Innovation et partage des connaissances<\/p>\n      \n      \n        <div class=\"card-text\">\n                <p>Nous favorisons l\u2019innovation, la collaboration et l\u2019apprentissage au sein du r\u00e9seau national.<\/p>\n\n          <\/div>\n\n            <\/div>\n  <\/div>\n<\/div> \n                  <div class=\"col col-12 col-md-6 col-lg-4 d-flex align-items-stretch\">\n  <div class=\"card w-100 border-0\">\n          <img decoding=\"async\" loading=\"lazy\" src=\"https:\/\/content.foodbankscanada.ca\/wordpress\/2025\/06\/image-161-2.png\" class=\"card-img-top blog-image\" style=\"aspect-ratio:4\/3; object-fit: cover;\">\n    \n    <div class=\"card-body p-0 text-body-color \">\n      \n              <p class=\"fw-semibold mt-4 mb-2 blog-title card-title\">Normes d\u2019excellence<\/p>\n      \n      \n        <div class=\"card-text\">\n                <p>Nous accr\u00e9ditons et appuyons les banques alimentaires afin de promouvoir le service, la qualit\u00e9 et l\u2019uniformit\u00e9.<\/p>\n\n          <\/div>\n\n            <\/div>\n  <\/div>\n<\/div> \n                  <\/div>\n  <\/div>\n<\/section>\n\n<section class=\" block block-no-bg-image-card-group-v2 no-bg-image-card-group-v2 my-5 my-lg-6 aligndefault bg-color-light \n                \" style=\"\">\n  <div class=\"container\">\n  \n          <h2>Initiatives de programme<\/h2>\n<h4>Nous faisons notre part pour r\u00e9pondre aux besoins imm\u00e9diats, promouvoir l\u2019excellence des banques<br \/>\nalimentaires et veiller \u00e0 ce que personne au Canada ne souffre de la faim. Voici quelques-unes de nos<br \/>\ninitiatives\u00a0:<\/h4>\n\n    \n    <div class=\"row row-cols-1  gx-3 gy-4 \">\n       \n                  <div class=\"col col-12 col-md-6 col-lg-4 d-flex align-items-stretch\">\n  <div class=\"card w-100 border-0\">\n          <img decoding=\"async\" loading=\"lazy\" src=\"https:\/\/content.foodbankscanada.ca\/wordpress\/2025\/05\/helping-distribute-wild-food.png\" class=\"card-img-top blog-image\" style=\"aspect-ratio:4\/3; object-fit: cover;\">\n    \n    <div class=\"card-body p-0 text-body-color \">\n      \n              <p class=\"fw-semibold mt-4 mb-2 blog-title card-title\">Combattre l\u2019ins\u00e9curit\u00e9 alimentaire dans le Nord<\/p>\n      \n      \n        <div class=\"card-text\">\n                <p>Les r\u00e9sidents du Nord canadien font face depuis longtemps au co\u00fbt \u00e9lev\u00e9 des aliments. Voici comment<br \/>\nnous aidons \u00e0 att\u00e9nuer le probl\u00e8me.<\/p>\n\n          <\/div>\n\n            <a href=\"\/fr\/blog-addressing-the-continued-need-for-food-security-in-the-north\/\" class=\"text-body-color text-uppercase h6\" target=\"\" \n          rel=\"\">\n          Lire l&#039;article.\n        <\/a>\n            <\/div>\n  <\/div>\n<\/div> \n                  <div class=\"col col-12 col-md-6 col-lg-4 d-flex align-items-stretch\">\n  <div class=\"card w-100 border-0\">\n          <img decoding=\"async\" loading=\"lazy\" src=\"https:\/\/content.foodbankscanada.ca\/wordpress\/2025\/06\/image-161-3.png\" class=\"card-img-top blog-image\" style=\"aspect-ratio:4\/3; object-fit: cover;\">\n    \n    <div class=\"card-body p-0 text-body-color \">\n      \n              <p class=\"fw-semibold mt-4 mb-2 blog-title card-title\"> Aider les chasseurs et les p\u00eacheurs du Nunavut \u00e0 distribuer leurs r\u00e9coltes<\/p>\n      \n      \n        <div class=\"card-text\">\n                <p>Renseignez-vous sur le programme foncier Angunasuktiit que nous avons contribu\u00e9 \u00e0 financer \u00e0 Ittaq, \u00e0 Clyde River, au Nunavut.<\/p>\n\n          <\/div>\n\n            <a href=\"https:\/\/www.youtube.com\/watch?v=m3bt1sPQiYI\" class=\"text-body-color text-uppercase h6\" target=\"\" \n          rel=\"\">\n          Regarde maintenant\n        <\/a>\n            <\/div>\n  <\/div>\n<\/div> \n                  <div class=\"col col-12 col-md-6 col-lg-4 d-flex align-items-stretch\">\n  <div class=\"card w-100 border-0\">\n          <img decoding=\"async\" loading=\"lazy\" src=\"https:\/\/content.foodbankscanada.ca\/wordpress\/2025\/06\/image-162-1.png\" class=\"card-img-top blog-image\" style=\"aspect-ratio:4\/3; object-fit: cover;\">\n    \n    <div class=\"card-body p-0 text-body-color \">\n      \n              <p class=\"fw-semibold mt-4 mb-2 blog-title card-title\">Normes d\u2019excellence<\/p>\n      \n      \n        <div class=\"card-text\">\n                <p>Nos normes d\u2019excellence \u00e9tablissent la norme en mati\u00e8re de s\u00e9curit\u00e9 et de dignit\u00e9 dans les<br \/>\nbanques alimentaires partout au Canada.<\/p>\n\n          <\/div>\n\n            <a href=\"\/fr\/voici-les-normes-dexcellence-de-banques-alimentaires-canada\/\" class=\"text-body-color text-uppercase h6\" target=\"\" \n          rel=\"\">\n          Pour en savoir plus\n        <\/a>\n            <\/div>\n  <\/div>\n<\/div> \n                  <div class=\"col col-12 col-md-6 col-lg-4 d-flex align-items-stretch\">\n  <div class=\"card w-100 border-0\">\n          <img decoding=\"async\" loading=\"lazy\" src=\"https:\/\/content.foodbankscanada.ca\/wordpress\/2025\/06\/image-160-2.png\" class=\"card-img-top blog-image\" style=\"aspect-ratio:4\/3; object-fit: cover;\">\n    \n    <div class=\"card-body p-0 text-body-color \">\n      \n              <p class=\"fw-semibold mt-4 mb-2 blog-title card-title\">Accro\u00eetre la capacit\u00e9 des banques alimentaires<\/p>\n      \n      \n        <div class=\"card-text\">\n                <p>Apprenez-en davantage sur nos investissements dans le r\u00e9seau national pour accro\u00eetre la distribution<br \/>\nd\u2019aliments nutritifs partout au pays.<\/p>\n\n          <\/div>\n\n            <a href=\"\/fr\/accroitre-la-capacite-des-banques-alimentaires-a-offrir-des-denrees-fraiches-aux-personnes-dans-le-besoin\/\" class=\"text-body-color text-uppercase h6\" target=\"\" \n          rel=\"\">\n          Lire l\u2019article.\n        <\/a>\n            <\/div>\n  <\/div>\n<\/div> \n                  <div class=\"col col-12 col-md-6 col-lg-4 d-flex align-items-stretch\">\n  <div class=\"card w-100 border-0\">\n          <img decoding=\"async\" loading=\"lazy\" src=\"https:\/\/content.foodbankscanada.ca\/wordpress\/2025\/05\/image-160-21.png\" class=\"card-img-top blog-image\" style=\"aspect-ratio:4\/3; object-fit: cover;\">\n    \n    <div class=\"card-body p-0 text-body-color \">\n      \n              <p class=\"fw-semibold mt-4 mb-2 blog-title card-title\">Guide sur l\u2019accessibilit\u00e9 et l\u2019\u00e9quit\u00e9<\/p>\n      \n      \n        <div class=\"card-text\">\n                <p>D\u00e9couvrez comment des pairs chercheurs mettent \u00e0 contribution une exp\u00e9rience v\u00e9cue \u00e0 notre<br \/>\npremier guide sur l\u2019accessibilit\u00e9 et l\u2019\u00e9quit\u00e9.<\/p>\n\n          <\/div>\n\n            <a href=\"\/fr\/le-pair-chercheur-dan-hillyer-aborde-son-experience-vecue-dans-le-premier-guide-de-banques-alimentaires-canada-sur-laccessibilite-et-lequite-destine-aux-banques-alimentaires\/\" class=\"text-body-color text-uppercase h6\" target=\"\" \n          rel=\"\">\n          Lire l&#039;article\n        <\/a>\n            <\/div>\n  <\/div>\n<\/div> \n                  <\/div>\n  <\/div>\n<\/section>\n\n\n<hr class=\"wp-block-separator has-alpha-channel-opacity container text-secondary\"\/>\n\n\n<section class=\" block block-donation donation mt-4 mb-5 my-lg-6 aligndefault\" style=\"\">\n  <div id=\"donation-container\" class=\"container d-flex flex-column flex-lg-row \n        justify-content-center align-items-center bg-color-beige py-4\">          \n    <div class=\"w-100 p-4 p-lg-6 \">\n      <h2>Aidez \u00e0 \u00e9liminer la faim.<br \/>\nFaites un don d\u00e8s maintenant.<br \/>\n<\/h2>\n<p>Votre g\u00e9n\u00e9reux soutien aidera \u00e0 faire en sorte que les familles, les a\u00een\u00e9s et les enfants qui sont aux prises avec l\u2019ins\u00e9curit\u00e9 alimentaire obtiennent les aliments nutritifs dont ils ont besoin pour atteindre leur plein potentiel.<\/p>\n\n    <\/div>\n    <div class=\"w-100 d-flex justify-content-center\">\n      <a href=\"#XPZQTLKH\" style=\"display: none\"><\/a>\n    <\/div>\n  <\/div>\n<\/section>\n\n\n<p><\/p>\n","protected":false},"excerpt":{"rendered":"","protected":false},"author":44,"featured_media":0,"parent":41555,"menu_order":1,"comment_status":"closed","ping_status":"closed","template":"full-width-page.blade.php","meta":{"_acf_changed":false,"footnotes":""},"categories":[],"tags":[],"class_list":["post-43128","page","type-page","status-publish","hentry"],"acf":[],"yoast_head":"<!-- This site is optimized with the Yoast SEO Premium plugin v26.2-RC1 (Yoast SEO v26.2-RC4) - https:\/\/yoast.com\/wordpress\/plugins\/seo\/ -->\n<title>Soutien et am\u00e9lioration du r\u00e9seau de banques alimentaires - Banques alimentaires Canada<\/title>\n<meta name=\"robots\" content=\"index, follow, max-snippet:-1, max-image-preview:large, max-video-preview:-1\" \/>\n<link rel=\"canonical\" href=\"https:\/\/fbc-wp-hidden.azurewebsites.net\/fr\/ce-que-nous-faisons\/soutien-et-amelioration-du-reseau-de-banques-alimentaires\/\" \/>\n<meta property=\"og:locale\" content=\"fr_CA\" \/>\n<meta property=\"og:type\" content=\"article\" \/>\n<meta property=\"og:title\" content=\"Soutien et am\u00e9lioration du r\u00e9seau de banques alimentaires\" \/>\n<meta property=\"og:url\" content=\"https:\/\/fbc-wp-hidden.azurewebsites.net\/fr\/ce-que-nous-faisons\/soutien-et-amelioration-du-reseau-de-banques-alimentaires\/\" \/>\n<meta property=\"og:site_name\" content=\"Banques alimentaires Canada\" \/>\n<meta property=\"article:modified_time\" content=\"2025-06-25T13:39:07+00:00\" \/>\n<meta name=\"twitter:card\" content=\"summary_large_image\" \/>\n<script type=\"application\/ld+json\" class=\"yoast-schema-graph\">{\"@context\":\"https:\/\/schema.org\",\"@graph\":[{\"@type\":\"WebPage\",\"@id\":\"https:\/\/fbc-wp-hidden.azurewebsites.net\/fr\/ce-que-nous-faisons\/soutien-et-amelioration-du-reseau-de-banques-alimentaires\/\",\"url\":\"https:\/\/fbc-wp-hidden.azurewebsites.net\/fr\/ce-que-nous-faisons\/soutien-et-amelioration-du-reseau-de-banques-alimentaires\/\",\"name\":\"Soutien et am\u00e9lioration du r\u00e9seau de banques alimentaires - Banques alimentaires Canada\",\"isPartOf\":{\"@id\":\"https:\/\/fbc-wp-hidden.azurewebsites.net\/fr\/#website\"},\"datePublished\":\"2025-06-19T21:31:36+00:00\",\"dateModified\":\"2025-06-25T13:39:07+00:00\",\"breadcrumb\":{\"@id\":\"https:\/\/fbc-wp-hidden.azurewebsites.net\/fr\/ce-que-nous-faisons\/soutien-et-amelioration-du-reseau-de-banques-alimentaires\/#breadcrumb\"},\"inLanguage\":\"fr-CA\",\"potentialAction\":[{\"@type\":\"ReadAction\",\"target\":[\"https:\/\/fbc-wp-hidden.azurewebsites.net\/fr\/ce-que-nous-faisons\/soutien-et-amelioration-du-reseau-de-banques-alimentaires\/\"]}]},{\"@type\":\"BreadcrumbList\",\"@id\":\"https:\/\/fbc-wp-hidden.azurewebsites.net\/fr\/ce-que-nous-faisons\/soutien-et-amelioration-du-reseau-de-banques-alimentaires\/#breadcrumb\",\"itemListElement\":[{\"@type\":\"ListItem\",\"position\":1,\"name\":\"Accueil\",\"item\":\"https:\/\/fbc-wp-hidden.azurewebsites.net\/fr\/\"},{\"@type\":\"ListItem\",\"position\":2,\"name\":\"Ce que nous faisons\",\"item\":\"https:\/\/fbc-wp-hidden.azurewebsites.net\/fr\/ce-que-nous-faisons\/\"},{\"@type\":\"ListItem\",\"position\":3,\"name\":\"Soutien et am\u00e9lioration du r\u00e9seau de banques alimentaires\"}]},{\"@type\":\"WebSite\",\"@id\":\"https:\/\/fbc-wp-hidden.azurewebsites.net\/fr\/#website\",\"url\":\"https:\/\/fbc-wp-hidden.azurewebsites.net\/fr\/\",\"name\":\"Banques alimentaires Canada\",\"description\":\"\",\"publisher\":{\"@id\":\"https:\/\/fbc-wp-hidden.azurewebsites.net\/fr\/#organization\"},\"potentialAction\":[{\"@type\":\"SearchAction\",\"target\":{\"@type\":\"EntryPoint\",\"urlTemplate\":\"https:\/\/fbc-wp-hidden.azurewebsites.net\/fr\/?s={search_term_string}\"},\"query-input\":{\"@type\":\"PropertyValueSpecification\",\"valueRequired\":true,\"valueName\":\"search_term_string\"}}],\"inLanguage\":\"fr-CA\"},{\"@type\":\"Organization\",\"@id\":\"https:\/\/fbc-wp-hidden.azurewebsites.net\/fr\/#organization\",\"name\":\"Food Banks Canada\",\"url\":\"https:\/\/fbc-wp-hidden.azurewebsites.net\/fr\/\",\"logo\":{\"@type\":\"ImageObject\",\"inLanguage\":\"fr-CA\",\"@id\":\"https:\/\/fbc-wp-hidden.azurewebsites.net\/fr\/#\/schema\/logo\/image\/\",\"url\":\"https:\/\/fbcblobstorage.blob.core.windows.net\/wordpress\/2021\/11\/logo.png\",\"contentUrl\":\"https:\/\/fbcblobstorage.blob.core.windows.net\/wordpress\/2021\/11\/logo.png\",\"width\":377,\"height\":89,\"caption\":\"Food Banks Canada\"},\"image\":{\"@id\":\"https:\/\/fbc-wp-hidden.azurewebsites.net\/fr\/#\/schema\/logo\/image\/\"}}]}<\/script>\n<!-- \/ Yoast SEO Premium plugin. -->","yoast_head_json":{"title":"Soutien et am\u00e9lioration du r\u00e9seau de banques alimentaires - Banques alimentaires Canada","robots":{"index":"index","follow":"follow","max-snippet":"max-snippet:-1","max-image-preview":"max-image-preview:large","max-video-preview":"max-video-preview:-1"},"canonical":"https:\/\/fbc-wp-hidden.azurewebsites.net\/fr\/ce-que-nous-faisons\/soutien-et-amelioration-du-reseau-de-banques-alimentaires\/","og_locale":"fr_CA","og_type":"article","og_title":"Soutien et am\u00e9lioration du r\u00e9seau de banques alimentaires","og_url":"https:\/\/fbc-wp-hidden.azurewebsites.net\/fr\/ce-que-nous-faisons\/soutien-et-amelioration-du-reseau-de-banques-alimentaires\/","og_site_name":"Banques alimentaires Canada","article_modified_time":"2025-06-25T13:39:07+00:00","twitter_card":"summary_large_image","schema":{"@context":"https:\/\/schema.org","@graph":[{"@type":"WebPage","@id":"https:\/\/fbc-wp-hidden.azurewebsites.net\/fr\/ce-que-nous-faisons\/soutien-et-amelioration-du-reseau-de-banques-alimentaires\/","url":"https:\/\/fbc-wp-hidden.azurewebsites.net\/fr\/ce-que-nous-faisons\/soutien-et-amelioration-du-reseau-de-banques-alimentaires\/","name":"Soutien et am\u00e9lioration du r\u00e9seau de banques alimentaires - Banques alimentaires Canada","isPartOf":{"@id":"https:\/\/fbc-wp-hidden.azurewebsites.net\/fr\/#website"},"datePublished":"2025-06-19T21:31:36+00:00","dateModified":"2025-06-25T13:39:07+00:00","breadcrumb":{"@id":"https:\/\/fbc-wp-hidden.azurewebsites.net\/fr\/ce-que-nous-faisons\/soutien-et-amelioration-du-reseau-de-banques-alimentaires\/#breadcrumb"},"inLanguage":"fr-CA","potentialAction":[{"@type":"ReadAction","target":["https:\/\/fbc-wp-hidden.azurewebsites.net\/fr\/ce-que-nous-faisons\/soutien-et-amelioration-du-reseau-de-banques-alimentaires\/"]}]},{"@type":"BreadcrumbList","@id":"https:\/\/fbc-wp-hidden.azurewebsites.net\/fr\/ce-que-nous-faisons\/soutien-et-amelioration-du-reseau-de-banques-alimentaires\/#breadcrumb","itemListElement":[{"@type":"ListItem","position":1,"name":"Accueil","item":"https:\/\/fbc-wp-hidden.azurewebsites.net\/fr\/"},{"@type":"ListItem","position":2,"name":"Ce que nous faisons","item":"https:\/\/fbc-wp-hidden.azurewebsites.net\/fr\/ce-que-nous-faisons\/"},{"@type":"ListItem","position":3,"name":"Soutien et am\u00e9lioration du r\u00e9seau de banques alimentaires"}]},{"@type":"WebSite","@id":"https:\/\/fbc-wp-hidden.azurewebsites.net\/fr\/#website","url":"https:\/\/fbc-wp-hidden.azurewebsites.net\/fr\/","name":"Banques alimentaires Canada","description":"","publisher":{"@id":"https:\/\/fbc-wp-hidden.azurewebsites.net\/fr\/#organization"},"potentialAction":[{"@type":"SearchAction","target":{"@type":"EntryPoint","urlTemplate":"https:\/\/fbc-wp-hidden.azurewebsites.net\/fr\/?s={search_term_string}"},"query-input":{"@type":"PropertyValueSpecification","valueRequired":true,"valueName":"search_term_string"}}],"inLanguage":"fr-CA"},{"@type":"Organization","@id":"https:\/\/fbc-wp-hidden.azurewebsites.net\/fr\/#organization","name":"Food Banks Canada","url":"https:\/\/fbc-wp-hidden.azurewebsites.net\/fr\/","logo":{"@type":"ImageObject","inLanguage":"fr-CA","@id":"https:\/\/fbc-wp-hidden.azurewebsites.net\/fr\/#\/schema\/logo\/image\/","url":"https:\/\/fbcblobstorage.blob.core.windows.net\/wordpress\/2021\/11\/logo.png","contentUrl":"https:\/\/fbcblobstorage.blob.core.windows.net\/wordpress\/2021\/11\/logo.png","width":377,"height":89,"caption":"Food Banks Canada"},"image":{"@id":"https:\/\/fbc-wp-hidden.azurewebsites.net\/fr\/#\/schema\/logo\/image\/"}}]}},"_links":{"self":[{"href":"https:\/\/fbc-wp-hidden.azurewebsites.net\/fr\/wp-json\/wp\/v2\/pages\/43128","targetHints":{"allow":["GET"]}}],"collection":[{"href":"https:\/\/fbc-wp-hidden.azurewebsites.net\/fr\/wp-json\/wp\/v2\/pages"}],"about":[{"href":"https:\/\/fbc-wp-hidden.azurewebsites.net\/fr\/wp-json\/wp\/v2\/types\/page"}],"author":[{"embeddable":true,"href":"https:\/\/fbc-wp-hidden.azurewebsites.net\/fr\/wp-json\/wp\/v2\/users\/44"}],"replies":[{"embeddable":true,"href":"https:\/\/fbc-wp-hidden.azurewebsites.net\/fr\/wp-json\/wp\/v2\/comments?post=43128"}],"version-history":[{"count":11,"href":"https:\/\/fbc-wp-hidden.azurewebsites.net\/fr\/wp-json\/wp\/v2\/pages\/43128\/revisions"}],"predecessor-version":[{"id":43486,"href":"https:\/\/fbc-wp-hidden.azurewebsites.net\/fr\/wp-json\/wp\/v2\/pages\/43128\/revisions\/43486"}],"up":[{"embeddable":true,"href":"https:\/\/fbc-wp-hidden.azurewebsites.net\/fr\/wp-json\/wp\/v2\/pages\/41555"}],"wp:attachment":[{"href":"https:\/\/fbc-wp-hidden.azurewebsites.net\/fr\/wp-json\/wp\/v2\/media?parent=43128"}],"wp:term":[{"taxonomy":"category","embeddable":true,"href":"https:\/\/fbc-wp-hidden.azurewebsites.net\/fr\/wp-json\/wp\/v2\/categories?post=43128"},{"taxonomy":"post_tag","embeddable":true,"href":"https:\/\/fbc-wp-hidden.azurewebsites.net\/fr\/wp-json\/wp\/v2\/tags?post=43128"}],"curies":[{"name":"wp","href":"https:\/\/api.w.org\/{rel}","templated":true}]}}