{"id":43133,"date":"2025-06-19T18:06:08","date_gmt":"2025-06-19T22:06:08","guid":{"rendered":"https:\/\/stg.foodbankscanada.ca\/ce-que-nous-faisons\/increasing-food-supply\/"},"modified":"2025-07-15T15:39:32","modified_gmt":"2025-07-15T19:39:32","slug":"augmentation-de-lapprovisionnement-alimentaire","status":"publish","type":"page","link":"https:\/\/fbc-wp-hidden.azurewebsites.net\/fr\/ce-que-nous-faisons\/augmentation-de-lapprovisionnement-alimentaire\/","title":{"rendered":"Augmentation de l\u2019approvisionnement alimentaire"},"content":{"rendered":"<section class=\" block block-image-text-button-list image-text-button-list mb-5 mb-lg-6 aligndefault\"\n         style=\"  background-color: rgba(254, 245, 221, 0); \">\n  <div class=\"container-lg px-0 d-flex flex-column flex-lg-row-reverse\">\n    \n    <div class=\"container-lg px-0 px-lg-2 col-12 col-lg-6\">\n      \n      <div class=\"slider-padding-div mb-4\">\n        <div\n          class=\"image-text-button-swiper swiper\"\n          style=\"--swiper-theme-color: #FFBE00; width: 100%;\"\n          data-autoscroll=\"false\"\n          data-delay=\"3000\"\n        >\n          <div class=\"swiper-wrapper\">\n                           \n                <div\n                  class=\"swiper-slide image-banner\"\n                  style=\"background-size: cover; background-position: center; background-repeat: no-repeat;\n                                        aspect-ratio: 1.3463414634146;\n                                              background-image: url('https:\/\/content.foodbankscanada.ca\/wordpress\/2025\/06\/individuals-moving-food.webp');\n                                                              width: 100%;\"\n                  role=\"img\"\n                  aria-label=\"\"\n                ><\/div>\n                                    <\/div>\n\n                  <\/div>\n      <\/div>\n\n      \n              <div class=\"d-none d-lg-block\">\n          \n        <\/div>\n          <\/div>\n\n    \n    <div class=\"container col-12 col-lg-6 text-break\">\n      <div class=\"breadcrumbs-section    \n   breadcrumbs_normal \">\n  <p id=\"breadcrumbs\" class=\"\"><span><span><a href=\"https:\/\/fbc-wp-hidden.azurewebsites.net\/fr\/\">Accueil<\/a><\/span><\/span><\/p><\/div>              <div class=\"mt-4\">\n          <h1>Augmentation de l\u2019approvisionnement alimentaire<\/h1>\n<p>Personne au Canada ne devrait jamais souffrir de la faim. C\u2019est pourquoi nous d\u00e9ployons tous les efforts n\u00e9cessaires pour acqu\u00e9rir et distribuer des aliments, faciliter l\u2019approvisionnement rentable et fournir un soutien en cas d\u2019urgence lorsque cela est n\u00e9cessaire.<\/p>\n\n        <\/div>\n      \n              <div class=\"mt-4 d-block d-lg-none\">\n          \n        <\/div>\n          <\/div>\n  <\/div>\n<\/section>\n\n<section class=\" block block-no-bg-image-card-group-v2 no-bg-image-card-group-v2 my-5 my-lg-6 p-5 aligndefault bg-color-beige \n                 py-5 \" style=\"\">\n  <div class=\"container\">\n  \n          <h2>Volets du programme<\/h2>\n\n    \n    <div class=\"row row-cols-1  g-5 \">\n       \n                  <div class=\"col col-12 col-md-6 col-lg-4 d-flex align-items-stretch\">\n  <div class=\"card w-100 border-0\">\n          <img decoding=\"async\" loading=\"lazy\" src=\"https:\/\/content.foodbankscanada.ca\/wordpress\/2025\/06\/image-160b.webp\" class=\"card-img-top blog-image\" style=\"aspect-ratio:4\/3; object-fit: cover;\">\n    \n    <div class=\"card-body p-0 text-body-color \">\n      \n              <p class=\"fw-semibold mt-4 mb-2 blog-title card-title\">Approvisionnement, transformation et distribution alimentaires<\/p>\n      \n      \n        <div class=\"card-text\">\n                <p>Nous acqu\u00e9rons des aliments de qualit\u00e9, les transformons au besoin pour prolonger la dur\u00e9e de<br \/>\nconservation et le rendement, et les distribuons dans l\u2019ensemble du r\u00e9seau par l\u2019entremise du Syst\u00e8me<br \/>\nnational du partage des aliments. Ce travail permet de s\u2019assurer que le soutien est partag\u00e9 en fonction<br \/>\ndes niveaux d\u2019ins\u00e9curit\u00e9 alimentaire \u00e0 l\u2019\u00e9chelle du pays.<\/p>\n\n          <\/div>\n\n            <\/div>\n  <\/div>\n<\/div> \n                  <div class=\"col col-12 col-md-6 col-lg-4 d-flex align-items-stretch\">\n  <div class=\"card w-100 border-0\">\n          <img decoding=\"async\" loading=\"lazy\" src=\"https:\/\/content.foodbankscanada.ca\/wordpress\/2025\/06\/image-161111.webp\" class=\"card-img-top blog-image\" style=\"aspect-ratio:4\/3; object-fit: cover;\">\n    \n    <div class=\"card-body p-0 text-body-color \">\n      \n              <p class=\"fw-semibold mt-4 mb-2 blog-title card-title\">Facilitation des achats<\/p>\n      \n      \n        <div class=\"card-text\">\n                <p>Nous tirons parti de nos partenariats nationaux et de nos plateformes num\u00e9riques pour faciliter l\u2019acc\u00e8s \u00e0<br \/>\ndes aliments, \u00e0 des fournitures et \u00e0 des services rentables.<\/p>\n\n          <\/div>\n\n            <\/div>\n  <\/div>\n<\/div> \n                  <div class=\"col col-12 col-md-6 col-lg-4 d-flex align-items-stretch\">\n  <div class=\"card w-100 border-0\">\n          <img decoding=\"async\" loading=\"lazy\" src=\"https:\/\/content.foodbankscanada.ca\/wordpress\/2025\/06\/image-162-2.png\" class=\"card-img-top blog-image\" style=\"aspect-ratio:4\/3; object-fit: cover;\">\n    \n    <div class=\"card-body p-0 text-body-color \">\n      \n              <p class=\"fw-semibold mt-4 mb-2 blog-title card-title\">Intervention d\u2019urgence<\/p>\n      \n      \n        <div class=\"card-text\">\n                <p>Nous coordonnons les efforts d\u2019intervention en cas d\u2019urgence afin de fournir un soutien alimentaire aux<br \/>\ncollectivit\u00e9s touch\u00e9es par des catastrophes.<\/p>\n\n          <\/div>\n\n            <\/div>\n  <\/div>\n<\/div> \n                  <\/div>\n  <\/div>\n<\/section>\n\n<section class=\" block block-no-bg-image-card-group-v2 no-bg-image-card-group-v2 my-5 my-lg-6 aligndefault bg-color-light \n                \" style=\"\">\n  <div class=\"container\">\n  \n          <h2>Initiatives de programmes<\/h2>\n<h4>Nous cherchons toujours des fa\u00e7ons novatrices de r\u00e9agir \u00e0 la crise de l\u2019ins\u00e9curit\u00e9 alimentaire au Canada,<br \/>\npour nous assurer que toutes les personnes qui franchissent les portes d\u2019une banque alimentaire<br \/>\nobtiennent les aliments nutritifs dont elles ont besoin.<\/h4>\n\n    \n    <div class=\"row row-cols-1  gx-3 gy-4 \">\n       \n                  <div class=\"col col-12 col-md-6 col-lg-4 d-flex align-items-stretch\">\n  <div class=\"card w-100 border-0\">\n          <img decoding=\"async\" loading=\"lazy\" src=\"https:\/\/content.foodbankscanada.ca\/wordpress\/2025\/06\/image-160-24.png\" class=\"card-img-top blog-image\" style=\"aspect-ratio:4\/3; object-fit: cover;\">\n    \n    <div class=\"card-body p-0 text-body-color \">\n      \n              <p class=\"fw-semibold mt-4 mb-2 blog-title card-title\">Programme de collecte d\u2019aliments aupr\u00e8s des d\u00e9taillants<\/p>\n      \n      \n        <div class=\"card-text\">\n                <p>Notre Programme de collecte d\u2019aliments aupr\u00e8s des d\u00e9taillants met les \u00e9piceries de d\u00e9tail en contact<br \/>\navec les banques alimentaires locales pour s\u2019assurer que les aliments qui ne sont pas vendus peuvent<br \/>\n\u00eatre distribu\u00e9s aux personnes dans le besoin.<\/p>\n\n          <\/div>\n\n            <a href=\"\/fr\/recueillir-des-denrees-alimentaires-partout-au-pays-grace-au-programme-de-collecte-daliments-aupres-des-detaillants\/\" class=\"text-body-color text-uppercase h6\" target=\"\" \n          rel=\"\">\n          Pour en Savoir Plus\n        <\/a>\n            <\/div>\n  <\/div>\n<\/div> \n                  <div class=\"col col-12 col-md-6 col-lg-4 d-flex align-items-stretch\">\n  <div class=\"card w-100 border-0\">\n          <img decoding=\"async\" loading=\"lazy\" src=\"https:\/\/content.foodbankscanada.ca\/wordpress\/2025\/06\/image-161-5.png\" class=\"card-img-top blog-image\" style=\"aspect-ratio:4\/3; object-fit: cover;\">\n    \n    <div class=\"card-body p-0 text-body-color \">\n      \n              <p class=\"fw-semibold mt-4 mb-2 blog-title card-title\">Apr\u00e8s la cloche<\/p>\n      \n      \n        <div class=\"card-text\">\n                <p>Le programme Apr\u00e8s la cloche fournit des sacs de denr\u00e9es nutritives et adapt\u00e9es aux enfants tout au<br \/>\nlong de l\u2019\u00e9t\u00e9, lorsque le soutien dans les \u00e9coles n\u2019est pas accessible.<\/p>\n\n          <\/div>\n\n            <a href=\"\/fr\/apres-la-cloche\/\" class=\"text-body-color text-uppercase h6\" target=\"\" \n          rel=\"\">\n          Pour en savoir plus\n        <\/a>\n            <\/div>\n  <\/div>\n<\/div> \n                  <div class=\"col col-12 col-md-6 col-lg-4 d-flex align-items-stretch\">\n  <div class=\"card w-100 border-0\">\n          <img decoding=\"async\" loading=\"lazy\" src=\"https:\/\/content.foodbankscanada.ca\/wordpress\/2025\/07\/Emergency-Response-Program-scaled.png\" class=\"card-img-top blog-image\" style=\"aspect-ratio:4\/3; object-fit: cover;\">\n    \n    <div class=\"card-body p-0 text-body-color \">\n      \n              <p class=\"fw-semibold mt-4 mb-2 blog-title card-title\">Intervention d\u2019urgence<\/p>\n      \n      \n        <div class=\"card-text\">\n                <p>Nos initiatives d\u2019intervention d\u2019urgence fournissent une r\u00e9ponse imm\u00e9diate \u00e0 la crise de l\u2019ins\u00e9curit\u00e9<br \/>\nalimentaire et offrent un r\u00e9pit aux communaut\u00e9s qui en ont d\u00e9sesp\u00e9r\u00e9ment besoin.<\/p>\n\n          <\/div>\n\n            <a href=\"https:\/\/foodbankscanada.ca\/fr\/le-programme-dintervention-durgence-un-filet-de-securite-pour-les-banques-alimentaires-en-periode-de-catastrophe\/\" class=\"text-body-color text-uppercase h6\" target=\"\" \n          rel=\"\">\n          Le programme d\u2019intervention d\u2019urgence : Un filet de s\u00e9curit\u00e9 pour les banques alimentaires en p\u00e9riode de catastrophe\n        <\/a>\n            <\/div>\n  <\/div>\n<\/div> \n                  <div class=\"col col-12 col-md-6 col-lg-4 d-flex align-items-stretch\">\n  <div class=\"card w-100 border-0\">\n          <img decoding=\"async\" loading=\"lazy\" src=\"https:\/\/content.foodbankscanada.ca\/wordpress\/2025\/06\/image-160-3.png\" class=\"card-img-top blog-image\" style=\"aspect-ratio:4\/3; object-fit: cover;\">\n    \n    <div class=\"card-body p-0 text-body-color \">\n      \n              <p class=\"fw-semibold mt-4 mb-2 blog-title card-title\">Le March\u00e9<\/p>\n      \n      \n        <div class=\"card-text\">\n                <p>Notre plateforme num\u00e9rique, Le March\u00e9, tire parti du pouvoir d\u2019achat du r\u00e9seau national pour<br \/>\nn\u00e9gocier des r\u00e9ductions allant jusqu\u2019\u00e0 25\u00a0% \u00e0 50\u00a0% aupr\u00e8s de fournisseurs r\u00e9put\u00e9s. Ces<br \/>\n\u00e9conomies sont ensuite refil\u00e9es aux banques alimentaires.<\/p>\n\n          <\/div>\n\n            <\/div>\n  <\/div>\n<\/div> \n                  <\/div>\n  <\/div>\n<\/section>\n\n\n<hr class=\"wp-block-separator has-alpha-channel-opacity container text-secondary\"\/>\n\n\n<section class=\" block block-donation donation mt-4 mb-5 my-lg-6 aligndefault\" style=\"\">\n  <div id=\"donation-container\" class=\"container d-flex flex-column flex-lg-row \n        justify-content-center align-items-center bg-color-beige py-4\">          \n    <div class=\"w-100 p-4 p-lg-6 \">\n      <h2>Aidez \u00e0 \u00e9liminer la faim.<br \/>\nFaites un don d\u00e8s maintenant.<br \/>\n<\/h2>\n<p>Votre g\u00e9n\u00e9reux soutien aidera \u00e0 faire en sorte que les familles, les a\u00een\u00e9s et les enfants qui sont aux prises avec l\u2019ins\u00e9curit\u00e9 alimentaire obtiennent les aliments nutritifs dont ils ont besoin pour atteindre leur plein potentiel.<\/p>\n\n    <\/div>\n    <div class=\"w-100 d-flex justify-content-center\">\n      <a href=\"#XPZQTLKH\" style=\"display: none\"><\/a>\n    <\/div>\n  <\/div>\n<\/section>\n\n\n<p><\/p>\n","protected":false},"excerpt":{"rendered":"","protected":false},"author":44,"featured_media":0,"parent":41555,"menu_order":2,"comment_status":"closed","ping_status":"closed","template":"full-width-page.blade.php","meta":{"_acf_changed":false,"footnotes":""},"categories":[],"tags":[],"class_list":["post-43133","page","type-page","status-publish","hentry"],"acf":[],"yoast_head":"<!-- This site is optimized with the Yoast SEO Premium plugin v26.2-RC1 (Yoast SEO v26.2-RC4) - https:\/\/yoast.com\/wordpress\/plugins\/seo\/ -->\n<title>Augmentation de l\u2019approvisionnement alimentaire - Banques alimentaires Canada<\/title>\n<meta name=\"robots\" content=\"index, follow, max-snippet:-1, max-image-preview:large, max-video-preview:-1\" \/>\n<link rel=\"canonical\" href=\"https:\/\/fbc-wp-hidden.azurewebsites.net\/fr\/ce-que-nous-faisons\/augmentation-de-lapprovisionnement-alimentaire\/\" \/>\n<meta property=\"og:locale\" content=\"fr_CA\" \/>\n<meta property=\"og:type\" content=\"article\" \/>\n<meta property=\"og:title\" content=\"Augmentation de l\u2019approvisionnement alimentaire\" \/>\n<meta property=\"og:url\" content=\"https:\/\/fbc-wp-hidden.azurewebsites.net\/fr\/ce-que-nous-faisons\/augmentation-de-lapprovisionnement-alimentaire\/\" \/>\n<meta property=\"og:site_name\" content=\"Banques alimentaires Canada\" \/>\n<meta property=\"article:modified_time\" content=\"2025-07-15T19:39:32+00:00\" \/>\n<meta name=\"twitter:card\" content=\"summary_large_image\" \/>\n<script type=\"application\/ld+json\" class=\"yoast-schema-graph\">{\"@context\":\"https:\/\/schema.org\",\"@graph\":[{\"@type\":\"WebPage\",\"@id\":\"https:\/\/fbc-wp-hidden.azurewebsites.net\/fr\/ce-que-nous-faisons\/augmentation-de-lapprovisionnement-alimentaire\/\",\"url\":\"https:\/\/fbc-wp-hidden.azurewebsites.net\/fr\/ce-que-nous-faisons\/augmentation-de-lapprovisionnement-alimentaire\/\",\"name\":\"Augmentation de l\u2019approvisionnement alimentaire - Banques alimentaires Canada\",\"isPartOf\":{\"@id\":\"https:\/\/fbc-wp-hidden.azurewebsites.net\/fr\/#website\"},\"datePublished\":\"2025-06-19T22:06:08+00:00\",\"dateModified\":\"2025-07-15T19:39:32+00:00\",\"breadcrumb\":{\"@id\":\"https:\/\/fbc-wp-hidden.azurewebsites.net\/fr\/ce-que-nous-faisons\/augmentation-de-lapprovisionnement-alimentaire\/#breadcrumb\"},\"inLanguage\":\"fr-CA\",\"potentialAction\":[{\"@type\":\"ReadAction\",\"target\":[\"https:\/\/fbc-wp-hidden.azurewebsites.net\/fr\/ce-que-nous-faisons\/augmentation-de-lapprovisionnement-alimentaire\/\"]}]},{\"@type\":\"BreadcrumbList\",\"@id\":\"https:\/\/fbc-wp-hidden.azurewebsites.net\/fr\/ce-que-nous-faisons\/augmentation-de-lapprovisionnement-alimentaire\/#breadcrumb\",\"itemListElement\":[{\"@type\":\"ListItem\",\"position\":1,\"name\":\"Accueil\",\"item\":\"https:\/\/fbc-wp-hidden.azurewebsites.net\/fr\/\"},{\"@type\":\"ListItem\",\"position\":2,\"name\":\"Ce que nous faisons\",\"item\":\"https:\/\/fbc-wp-hidden.azurewebsites.net\/fr\/ce-que-nous-faisons\/\"},{\"@type\":\"ListItem\",\"position\":3,\"name\":\"Augmentation de l\u2019approvisionnement alimentaire\"}]},{\"@type\":\"WebSite\",\"@id\":\"https:\/\/fbc-wp-hidden.azurewebsites.net\/fr\/#website\",\"url\":\"https:\/\/fbc-wp-hidden.azurewebsites.net\/fr\/\",\"name\":\"Banques alimentaires Canada\",\"description\":\"\",\"publisher\":{\"@id\":\"https:\/\/fbc-wp-hidden.azurewebsites.net\/fr\/#organization\"},\"potentialAction\":[{\"@type\":\"SearchAction\",\"target\":{\"@type\":\"EntryPoint\",\"urlTemplate\":\"https:\/\/fbc-wp-hidden.azurewebsites.net\/fr\/?s={search_term_string}\"},\"query-input\":{\"@type\":\"PropertyValueSpecification\",\"valueRequired\":true,\"valueName\":\"search_term_string\"}}],\"inLanguage\":\"fr-CA\"},{\"@type\":\"Organization\",\"@id\":\"https:\/\/fbc-wp-hidden.azurewebsites.net\/fr\/#organization\",\"name\":\"Food Banks Canada\",\"url\":\"https:\/\/fbc-wp-hidden.azurewebsites.net\/fr\/\",\"logo\":{\"@type\":\"ImageObject\",\"inLanguage\":\"fr-CA\",\"@id\":\"https:\/\/fbc-wp-hidden.azurewebsites.net\/fr\/#\/schema\/logo\/image\/\",\"url\":\"https:\/\/fbcblobstorage.blob.core.windows.net\/wordpress\/2021\/11\/logo.png\",\"contentUrl\":\"https:\/\/fbcblobstorage.blob.core.windows.net\/wordpress\/2021\/11\/logo.png\",\"width\":377,\"height\":89,\"caption\":\"Food Banks Canada\"},\"image\":{\"@id\":\"https:\/\/fbc-wp-hidden.azurewebsites.net\/fr\/#\/schema\/logo\/image\/\"}}]}<\/script>\n<!-- \/ Yoast SEO Premium plugin. -->","yoast_head_json":{"title":"Augmentation de l\u2019approvisionnement alimentaire - Banques alimentaires Canada","robots":{"index":"index","follow":"follow","max-snippet":"max-snippet:-1","max-image-preview":"max-image-preview:large","max-video-preview":"max-video-preview:-1"},"canonical":"https:\/\/fbc-wp-hidden.azurewebsites.net\/fr\/ce-que-nous-faisons\/augmentation-de-lapprovisionnement-alimentaire\/","og_locale":"fr_CA","og_type":"article","og_title":"Augmentation de l\u2019approvisionnement alimentaire","og_url":"https:\/\/fbc-wp-hidden.azurewebsites.net\/fr\/ce-que-nous-faisons\/augmentation-de-lapprovisionnement-alimentaire\/","og_site_name":"Banques alimentaires Canada","article_modified_time":"2025-07-15T19:39:32+00:00","twitter_card":"summary_large_image","schema":{"@context":"https:\/\/schema.org","@graph":[{"@type":"WebPage","@id":"https:\/\/fbc-wp-hidden.azurewebsites.net\/fr\/ce-que-nous-faisons\/augmentation-de-lapprovisionnement-alimentaire\/","url":"https:\/\/fbc-wp-hidden.azurewebsites.net\/fr\/ce-que-nous-faisons\/augmentation-de-lapprovisionnement-alimentaire\/","name":"Augmentation de l\u2019approvisionnement alimentaire - Banques alimentaires Canada","isPartOf":{"@id":"https:\/\/fbc-wp-hidden.azurewebsites.net\/fr\/#website"},"datePublished":"2025-06-19T22:06:08+00:00","dateModified":"2025-07-15T19:39:32+00:00","breadcrumb":{"@id":"https:\/\/fbc-wp-hidden.azurewebsites.net\/fr\/ce-que-nous-faisons\/augmentation-de-lapprovisionnement-alimentaire\/#breadcrumb"},"inLanguage":"fr-CA","potentialAction":[{"@type":"ReadAction","target":["https:\/\/fbc-wp-hidden.azurewebsites.net\/fr\/ce-que-nous-faisons\/augmentation-de-lapprovisionnement-alimentaire\/"]}]},{"@type":"BreadcrumbList","@id":"https:\/\/fbc-wp-hidden.azurewebsites.net\/fr\/ce-que-nous-faisons\/augmentation-de-lapprovisionnement-alimentaire\/#breadcrumb","itemListElement":[{"@type":"ListItem","position":1,"name":"Accueil","item":"https:\/\/fbc-wp-hidden.azurewebsites.net\/fr\/"},{"@type":"ListItem","position":2,"name":"Ce que nous faisons","item":"https:\/\/fbc-wp-hidden.azurewebsites.net\/fr\/ce-que-nous-faisons\/"},{"@type":"ListItem","position":3,"name":"Augmentation de l\u2019approvisionnement alimentaire"}]},{"@type":"WebSite","@id":"https:\/\/fbc-wp-hidden.azurewebsites.net\/fr\/#website","url":"https:\/\/fbc-wp-hidden.azurewebsites.net\/fr\/","name":"Banques alimentaires Canada","description":"","publisher":{"@id":"https:\/\/fbc-wp-hidden.azurewebsites.net\/fr\/#organization"},"potentialAction":[{"@type":"SearchAction","target":{"@type":"EntryPoint","urlTemplate":"https:\/\/fbc-wp-hidden.azurewebsites.net\/fr\/?s={search_term_string}"},"query-input":{"@type":"PropertyValueSpecification","valueRequired":true,"valueName":"search_term_string"}}],"inLanguage":"fr-CA"},{"@type":"Organization","@id":"https:\/\/fbc-wp-hidden.azurewebsites.net\/fr\/#organization","name":"Food Banks Canada","url":"https:\/\/fbc-wp-hidden.azurewebsites.net\/fr\/","logo":{"@type":"ImageObject","inLanguage":"fr-CA","@id":"https:\/\/fbc-wp-hidden.azurewebsites.net\/fr\/#\/schema\/logo\/image\/","url":"https:\/\/fbcblobstorage.blob.core.windows.net\/wordpress\/2021\/11\/logo.png","contentUrl":"https:\/\/fbcblobstorage.blob.core.windows.net\/wordpress\/2021\/11\/logo.png","width":377,"height":89,"caption":"Food Banks Canada"},"image":{"@id":"https:\/\/fbc-wp-hidden.azurewebsites.net\/fr\/#\/schema\/logo\/image\/"}}]}},"_links":{"self":[{"href":"https:\/\/fbc-wp-hidden.azurewebsites.net\/fr\/wp-json\/wp\/v2\/pages\/43133","targetHints":{"allow":["GET"]}}],"collection":[{"href":"https:\/\/fbc-wp-hidden.azurewebsites.net\/fr\/wp-json\/wp\/v2\/pages"}],"about":[{"href":"https:\/\/fbc-wp-hidden.azurewebsites.net\/fr\/wp-json\/wp\/v2\/types\/page"}],"author":[{"embeddable":true,"href":"https:\/\/fbc-wp-hidden.azurewebsites.net\/fr\/wp-json\/wp\/v2\/users\/44"}],"replies":[{"embeddable":true,"href":"https:\/\/fbc-wp-hidden.azurewebsites.net\/fr\/wp-json\/wp\/v2\/comments?post=43133"}],"version-history":[{"count":9,"href":"https:\/\/fbc-wp-hidden.azurewebsites.net\/fr\/wp-json\/wp\/v2\/pages\/43133\/revisions"}],"predecessor-version":[{"id":44504,"href":"https:\/\/fbc-wp-hidden.azurewebsites.net\/fr\/wp-json\/wp\/v2\/pages\/43133\/revisions\/44504"}],"up":[{"embeddable":true,"href":"https:\/\/fbc-wp-hidden.azurewebsites.net\/fr\/wp-json\/wp\/v2\/pages\/41555"}],"wp:attachment":[{"href":"https:\/\/fbc-wp-hidden.azurewebsites.net\/fr\/wp-json\/wp\/v2\/media?parent=43133"}],"wp:term":[{"taxonomy":"category","embeddable":true,"href":"https:\/\/fbc-wp-hidden.azurewebsites.net\/fr\/wp-json\/wp\/v2\/categories?post=43133"},{"taxonomy":"post_tag","embeddable":true,"href":"https:\/\/fbc-wp-hidden.azurewebsites.net\/fr\/wp-json\/wp\/v2\/tags?post=43133"}],"curies":[{"name":"wp","href":"https:\/\/api.w.org\/{rel}","templated":true}]}}