{"id":43388,"date":"2025-06-24T13:01:36","date_gmt":"2025-06-24T17:01:36","guid":{"rendered":"https:\/\/stg.foodbankscanada.ca\/?page_id=43388"},"modified":"2025-06-25T10:42:28","modified_gmt":"2025-06-25T14:42:28","slug":"priorites-strategiques","status":"publish","type":"page","link":"https:\/\/fbc-wp-hidden.azurewebsites.net\/fr\/priorites-strategiques\/","title":{"rendered":"Priorit\u00e9s strat\u00e9giques"},"content":{"rendered":"<section class=\" block block-image-text-button-list image-text-button-list  alignfull\"\n         style=\"  background-color: rgba(254, 245, 221, 0); \">\n  <div class=\"container-lg px-0 d-flex flex-column flex-lg-row-reverse\">\n    \n    <div class=\"container-lg px-0 px-lg-2 col-12 col-lg-6\">\n      \n      <div class=\"slider-padding-div mb-4\">\n        <div\n          class=\"image-text-button-swiper swiper\"\n          style=\"--swiper-theme-color: #FFBE00; width: 100%;\"\n          data-autoscroll=\"false\"\n          data-delay=\"3000\"\n        >\n          <div class=\"swiper-wrapper\">\n                           \n                <div\n                  class=\"swiper-slide image-banner\"\n                  style=\"background-size: cover; background-position: center; background-repeat: no-repeat;\n                                        aspect-ratio: 1.3430656934307;\n                                              background-image: url('https:\/\/content.foodbankscanada.ca\/wordpress\/2025\/06\/Rectangle-24048-5.png');\n                                                              width: 100%;\"\n                  role=\"img\"\n                  aria-label=\"\"\n                ><\/div>\n                                    <\/div>\n\n                  <\/div>\n      <\/div>\n\n      \n              <div class=\"d-none d-lg-block\">\n          \n        <\/div>\n          <\/div>\n\n    \n    <div class=\"container col-12 col-lg-6 text-break\">\n      <div class=\"breadcrumbs-section    \n  \">\n  <p id=\"breadcrumbs\" class=\"\"><span><span><a href=\"https:\/\/fbc-wp-hidden.azurewebsites.net\/fr\/\">Accueil<\/a><\/span><\/span><\/p><\/div>              <div class=\"mt-4\">\n          <h1>Priorit\u00e9s strat\u00e9giques<\/h1>\n<p>Personne au Canada ne devrait souffrir de la faim. Pourtant, les banques alimentaires du pays font face \u00e0 une demande insoutenable sans pr\u00e9c\u00e9dent. Des mesures urgentes sont n\u00e9cessaires pour r\u00e9duire le nombre de personnes qui se tournent vers les banques alimentaires et renforcer le r\u00e9seau de banques alimentaires.<\/p>\n<h3>Voici les mesures que nous prenons.<\/h3>\n\n        <\/div>\n      \n              <div class=\"mt-4 d-block d-lg-none\">\n          \n        <\/div>\n          <\/div>\n  <\/div>\n<\/section>\n\n<section class=\" block block-image-text-button image-text-button mt-4 mb-5 my-lg-6 alignfull\"\n         style=\"\n                  background-color: rgba(254, 245, 221, 0); \">\n    <div class=\"container\">\n        <div class=\"d-flex flex-column flex-lg-row row gx-5\n                     \"\n             style=\"\">\n\n            \n            <div class=\"col-12 col-lg-6 mb-4 mb-lg-0\">\n                <div class=\"slider-padding-div\">\n                    <div\n                        class=\"image-text-button-swiper swiper\"\n                        style=\"--swiper-theme-color: #FFBE00; width: 100%;\"\n                        data-autoscroll=\"false\"\n                        data-delay=\"3000\"\n                    >\n                        <div class=\"swiper-wrapper\">\n                                                            <div\n                                    class=\"swiper-slide image-banner\"\n                                    style=\"background-size: cover; background-position: center; background-repeat: no-repeat; \n                                                                                    aspect-ratio: 1.2958333333333; \n                                             \n                                                background-image: url('https:\/\/content.foodbankscanada.ca\/wordpress\/2025\/06\/Group-39734-4.png');\n                                                                                                                            width: 100%;\"\n                                    role=\"img\"\n                                    aria-label=\"\"\n                                ><\/div>\n                                                    <\/div>\n                                            <\/div>\n                <\/div>\n            <\/div>\n\n            \n            <div class=\"image-text-button-block-body col-12 col-lg-6 pt-xl-2\"><h2>PRIORIT\u00c9\u00a01. <span class=\"text-secondary\">Agir comme chef de file et se mobiliser pour le changement<\/span><\/h2>\n<h4>Notre objectif\u00a0: R\u00e9duire l\u2019ins\u00e9curit\u00e9 alimentaire de 50\u00a0% d\u2019ici\u00a02030 gr\u00e2ce \u00e0 une action collective et \u00e0 des changements dans les politiques.<\/h4>\n<div class=\"mt-5 mb-5\">\n<p class=\"body-title\">Susciter des changements syst\u00e9miques significatifs<\/p>\n<p>Notre objectif\u00a0: Exploiter le pouvoir collectif du r\u00e9seau de banques alimentaires et des personnes qu\u2019il sert pour promouvoir des solutions pragmatiques en mati\u00e8re de politiques gouvernementales qui puissent r\u00e9pondre aux besoins imm\u00e9diats et aux d\u00e9fis syst\u00e9miques.<\/p>\n<\/div>\n<div class=\"mt-5 mb-5\">\n<p class=\"body-title\">Influencer la conversation et \u00e9lever la cause<\/p>\n<p>Notre objectif\u00a0: Red\u00e9finir la fa\u00e7on dont l\u2019ins\u00e9curit\u00e9 alimentaire est comprise. Inspirer les gens du Canada \u00e0 se joindre \u00e0 un mouvement qui permet \u00e0 tous d\u2019avoir acc\u00e8s \u00e0 de la nourriture d\u00e8s aujourd\u2019hui tout en b\u00e2tissant un avenir meilleur pour tous.<\/p>\n<\/div>\n<\/div>\n        <\/div>\n    <\/div>\n<\/section>\n\n<section class=\" block block-image-text-button image-text-button mt-4 mb-5 my-lg-6 alignfull\"\n         style=\"\n                  background-color: rgba(254, 245, 221, 0); \">\n    <div class=\"container\">\n        <div class=\"d-flex flex-column flex-lg-row-reverse row gx-5\n                     \"\n             style=\"\">\n\n            \n            <div class=\"col-12 col-lg-6 mb-4 mb-lg-0\">\n                <div class=\"slider-padding-div\">\n                    <div\n                        class=\"image-text-button-swiper swiper\"\n                        style=\"--swiper-theme-color: #FFBE00; width: 100%;\"\n                        data-autoscroll=\"false\"\n                        data-delay=\"3000\"\n                    >\n                        <div class=\"swiper-wrapper\">\n                                                            <div\n                                    class=\"swiper-slide image-banner\"\n                                    style=\"background-size: cover; background-position: center; background-repeat: no-repeat; \n                                                                                    aspect-ratio: 1.2958333333333; \n                                             \n                                                background-image: url('https:\/\/content.foodbankscanada.ca\/wordpress\/2025\/06\/Group-40133.png');\n                                                                                                                            width: 100%;\"\n                                    role=\"img\"\n                                    aria-label=\"\"\n                                ><\/div>\n                                                    <\/div>\n                                            <\/div>\n                <\/div>\n            <\/div>\n\n            \n            <div class=\"image-text-button-block-body col-12 col-lg-6 pt-xl-2\"><h2>PRIORIT\u00c9\u00a02. <span class=\"text-secondary\">Renforcer le r\u00e9seau de banques alimentaires pour r\u00e9pondre \u00e0 la demande<\/span><\/h2>\n<h4>Notre objectif\u00a0: Favoriser un syst\u00e8me de banques alimentaires moderne, r\u00e9silient, sain, coh\u00e9rent, efficace et adaptable.<\/h4>\n<div class=\"mt-5 mb-5\">\n<p class=\"body-title\">Diriger l\u2019\u00e9volution du r\u00e9seau de banques alimentaires<\/p>\n<p>Notre objectif\u00a0: Outiller le r\u00e9seau de banques alimentaires pour qu\u2019il s\u2019adapte aux r\u00e9alit\u00e9s changeantes, de sorte que tous les Canadiens aient acc\u00e8s \u00e0 des aliments nutritifs au besoin.<\/p>\n<\/div>\n<div class=\"mt-5 mb-5\">\n<p class=\"body-title\">Assurer un approvisionnement alimentaire fiable pour tous<\/p>\n<p>Notre objectif\u00a0: Accro\u00eetre la disponibilit\u00e9 d\u2019aliments nutritifs gr\u00e2ce \u00e0 des partenariats plus solides, \u00e0 des processus optimis\u00e9s et \u00e0 une infrastructure am\u00e9lior\u00e9e.<\/p>\n<\/div>\n<\/div>\n        <\/div>\n    <\/div>\n<\/section>\n\n<section class=\" block block-image-text-button image-text-button mt-4 mb-5 my-lg-6 alignfull\"\n         style=\"\n                  background-color: rgba(254, 245, 221, 0); \">\n    <div class=\"container\">\n        <div class=\"d-flex flex-column flex-lg-row row gx-5\n                     \"\n             style=\"\">\n\n            \n            <div class=\"col-12 col-lg-6 mb-4 mb-lg-0\">\n                <div class=\"slider-padding-div\">\n                    <div\n                        class=\"image-text-button-swiper swiper\"\n                        style=\"--swiper-theme-color: #FFBE00; width: 100%;\"\n                        data-autoscroll=\"false\"\n                        data-delay=\"3000\"\n                    >\n                        <div class=\"swiper-wrapper\">\n                                                            <div\n                                    class=\"swiper-slide image-banner\"\n                                    style=\"background-size: cover; background-position: center; background-repeat: no-repeat; \n                                                                                    aspect-ratio: 1.2958333333333; \n                                             \n                                                background-image: url('https:\/\/content.foodbankscanada.ca\/wordpress\/2025\/06\/image-159-20.png');\n                                                                                                                            width: 100%;\"\n                                    role=\"img\"\n                                    aria-label=\"\"\n                                ><\/div>\n                                                    <\/div>\n                                            <\/div>\n                <\/div>\n            <\/div>\n\n            \n            <div class=\"image-text-button-block-body col-12 col-lg-6 pt-xl-2\"><h2>PRIORIT\u00c9\u00a03. <span class=\"text-secondary\">Am\u00e9liorer l\u2019acc\u00e8s l\u00e0 o\u00f9 les besoins sont les plus grands<\/span><\/h2>\n<h4>Notre objectif\u00a0: Assurer un acc\u00e8s durable aux aliments pour les communaut\u00e9s mal desservies et dirig\u00e9 par elles.<\/h4>\n<div class=\"mt-5 mb-5\">\n<p class=\"body-title\">Lutter contre l\u2019ins\u00e9curit\u00e9 alimentaire dans les communaut\u00e9s nordiques<\/p>\n<p>Notre objectif\u00a0: Collaborer avec les communaut\u00e9s autochtones et nordiques pour \u00e9laborer des initiatives durables d\u2019acc\u00e8s aux aliments dirig\u00e9es par les communaut\u00e9s.<\/p>\n<\/div>\n<div class=\"mt-5 mb-5\">\n<p class=\"body-title\">R\u00e9pondre aux besoins alimentaires des communaut\u00e9s mal desservies<\/p>\n<p>Notre objectif\u00a0: Cerner et combler les lacunes en mati\u00e8re d\u2019acc\u00e8s aux aliments d\u00e9coulant des obstacles physiques, culturels, g\u00e9ographiques et syst\u00e9miques au moyen de solutions cibl\u00e9es fond\u00e9es sur les donn\u00e9es.<\/p>\n<\/div>\n<\/div>\n        <\/div>\n    <\/div>\n<\/section>\n\n<section class=\" block block-image-text-button image-text-button mt-4 mb-5 my-lg-6 pt-6 pb-6 alignfull\"\n         style=\"\n                  background-color: #5b1400; \">\n    <div class=\"container\">\n        <div class=\"d-flex flex-column flex-lg-row-reverse row gx-5\n                     \"\n             style=\"\">\n\n            \n            <div class=\"col-12 col-lg-6 mb-4 mb-lg-0\">\n                <div class=\"slider-padding-div\">\n                    <div\n                        class=\"image-text-button-swiper swiper\"\n                        style=\"--swiper-theme-color: #FFBE00; width: 100%;\"\n                        data-autoscroll=\"false\"\n                        data-delay=\"3000\"\n                    >\n                        <div class=\"swiper-wrapper\">\n                                                            <div\n                                    class=\"swiper-slide image-banner\"\n                                    style=\"background-size: cover; background-position: center; background-repeat: no-repeat; \n                                                                                    aspect-ratio: 1.1960431654676; \n                                             \n                                                background-image: url('https:\/\/content.foodbankscanada.ca\/wordpress\/2025\/05\/mother-and-son-doing-homework.png');\n                                                                                                                            width: 100%;\"\n                                    role=\"img\"\n                                    aria-label=\"\"\n                                ><\/div>\n                                                    <\/div>\n                                            <\/div>\n                <\/div>\n            <\/div>\n\n            \n            <div class=\"image-text-button-block-body col-12 col-lg-6 mt-lg-4 mt-xl-5 pt-xl-2\"><h2 class=\"text-secondary\">Suivi de nos progr\u00e8s<\/h2>\n<p class=\"text-light\">Comment saurons-nous quand notre strat\u00e9gie portera ses fruits?<\/p>\n<p><\/p>\n<p class=\"fw-bold text-light\">Lorsque nous verrons\u00a0:<\/p>\n<ul class=\"text-light\">\n<li>Une diminution du taux d\u2019ins\u00e9curit\u00e9 alimentaire.<\/li>\n<li>Une augmentation des denr\u00e9es fournies au r\u00e9seau de banques alimentaires par l\u2019entremise de programmes directs ou parrain\u00e9s.<\/li>\n<li>Une augmentation des investissements pour des solutions implant\u00e9es par les communaut\u00e9s qui se traduisent par un acc\u00e8s durable \u00e0 des aliments nutritifs dans les communaut\u00e9s mal desservies.<\/li>\n<\/ul>\n<\/div>\n        <\/div>\n    <\/div>\n<\/section>\n\n\n<hr class=\"wp-block-separator has-alpha-channel-opacity text-secondary\"\/>\n\n\n<section class=\" block block-donation donation mt-4 mb-5 my-lg-6 aligndefault\" style=\"\">\n  <div id=\"donation-container\" class=\"container d-flex flex-column flex-lg-row \n        justify-content-center align-items-center bg-color-beige py-4\">          \n    <div class=\"w-100 p-4 p-lg-6 \">\n      <h2>Aidez \u00e0 \u00e9liminer la faim.<br \/>\nFaites un don d\u00e8s maintenant.<br \/>\n<\/h2>\n<p>Votre g\u00e9n\u00e9reux soutien aidera \u00e0 faire en sorte que les familles, les a\u00een\u00e9s et les enfants qui sont aux prises avec l\u2019ins\u00e9curit\u00e9 alimentaire obtiennent les aliments nutritifs dont ils ont besoin pour atteindre leur plein potentiel.<\/p>\n\n    <\/div>\n    <div class=\"w-100 d-flex justify-content-center\">\n      <a href=\"#XPZQTLKH\" style=\"display: none\"><\/a>\n    <\/div>\n  <\/div>\n<\/section>","protected":false},"excerpt":{"rendered":"","protected":false},"author":2,"featured_media":42679,"parent":0,"menu_order":8,"comment_status":"closed","ping_status":"closed","template":"full-width-page.blade.php","meta":{"_acf_changed":false,"footnotes":""},"categories":[],"tags":[],"class_list":["post-43388","page","type-page","status-publish","has-post-thumbnail","hentry"],"acf":[],"yoast_head":"<!-- This site is optimized with the Yoast SEO Premium plugin v26.2-RC1 (Yoast SEO v26.2-RC4) - https:\/\/yoast.com\/wordpress\/plugins\/seo\/ -->\n<title>Priorit\u00e9s strat\u00e9giques - Banques alimentaires Canada<\/title>\n<meta name=\"robots\" content=\"index, follow, max-snippet:-1, max-image-preview:large, max-video-preview:-1\" \/>\n<link rel=\"canonical\" href=\"https:\/\/fbc-wp-hidden.azurewebsites.net\/fr\/priorites-strategiques\/\" \/>\n<meta property=\"og:locale\" content=\"fr_CA\" \/>\n<meta property=\"og:type\" content=\"article\" \/>\n<meta property=\"og:title\" content=\"Priorit\u00e9s strat\u00e9giques\" \/>\n<meta property=\"og:url\" content=\"https:\/\/fbc-wp-hidden.azurewebsites.net\/fr\/priorites-strategiques\/\" \/>\n<meta property=\"og:site_name\" content=\"Banques alimentaires Canada\" \/>\n<meta property=\"article:modified_time\" content=\"2025-06-25T14:42:28+00:00\" \/>\n<meta property=\"og:image\" content=\"https:\/\/content.foodbankscanada.ca\/wordpress\/2025\/06\/Rectangle-24048-5.png\" \/>\n\t<meta property=\"og:image:width\" content=\"552\" \/>\n\t<meta property=\"og:image:height\" content=\"411\" \/>\n\t<meta property=\"og:image:type\" content=\"image\/png\" \/>\n<meta name=\"twitter:card\" content=\"summary_large_image\" \/>\n<script type=\"application\/ld+json\" class=\"yoast-schema-graph\">{\"@context\":\"https:\/\/schema.org\",\"@graph\":[{\"@type\":\"WebPage\",\"@id\":\"https:\/\/fbc-wp-hidden.azurewebsites.net\/fr\/priorites-strategiques\/\",\"url\":\"https:\/\/fbc-wp-hidden.azurewebsites.net\/fr\/priorites-strategiques\/\",\"name\":\"Priorit\u00e9s strat\u00e9giques - Banques alimentaires Canada\",\"isPartOf\":{\"@id\":\"https:\/\/fbc-wp-hidden.azurewebsites.net\/fr\/#website\"},\"primaryImageOfPage\":{\"@id\":\"https:\/\/fbc-wp-hidden.azurewebsites.net\/fr\/priorites-strategiques\/#primaryimage\"},\"image\":{\"@id\":\"https:\/\/fbc-wp-hidden.azurewebsites.net\/fr\/priorites-strategiques\/#primaryimage\"},\"thumbnailUrl\":\"https:\/\/content.foodbankscanada.ca\/wordpress\/2025\/06\/Rectangle-24048-5.png\",\"datePublished\":\"2025-06-24T17:01:36+00:00\",\"dateModified\":\"2025-06-25T14:42:28+00:00\",\"breadcrumb\":{\"@id\":\"https:\/\/fbc-wp-hidden.azurewebsites.net\/fr\/priorites-strategiques\/#breadcrumb\"},\"inLanguage\":\"fr-CA\",\"potentialAction\":[{\"@type\":\"ReadAction\",\"target\":[\"https:\/\/fbc-wp-hidden.azurewebsites.net\/fr\/priorites-strategiques\/\"]}]},{\"@type\":\"ImageObject\",\"inLanguage\":\"fr-CA\",\"@id\":\"https:\/\/fbc-wp-hidden.azurewebsites.net\/fr\/priorites-strategiques\/#primaryimage\",\"url\":\"https:\/\/content.foodbankscanada.ca\/wordpress\/2025\/06\/Rectangle-24048-5.png\",\"contentUrl\":\"https:\/\/content.foodbankscanada.ca\/wordpress\/2025\/06\/Rectangle-24048-5.png\",\"width\":552,\"height\":411},{\"@type\":\"BreadcrumbList\",\"@id\":\"https:\/\/fbc-wp-hidden.azurewebsites.net\/fr\/priorites-strategiques\/#breadcrumb\",\"itemListElement\":[{\"@type\":\"ListItem\",\"position\":1,\"name\":\"Accueil\",\"item\":\"https:\/\/fbc-wp-hidden.azurewebsites.net\/fr\/\"},{\"@type\":\"ListItem\",\"position\":2,\"name\":\"Priorit\u00e9s strat\u00e9giques\"}]},{\"@type\":\"WebSite\",\"@id\":\"https:\/\/fbc-wp-hidden.azurewebsites.net\/fr\/#website\",\"url\":\"https:\/\/fbc-wp-hidden.azurewebsites.net\/fr\/\",\"name\":\"Banques alimentaires Canada\",\"description\":\"\",\"publisher\":{\"@id\":\"https:\/\/fbc-wp-hidden.azurewebsites.net\/fr\/#organization\"},\"potentialAction\":[{\"@type\":\"SearchAction\",\"target\":{\"@type\":\"EntryPoint\",\"urlTemplate\":\"https:\/\/fbc-wp-hidden.azurewebsites.net\/fr\/?s={search_term_string}\"},\"query-input\":{\"@type\":\"PropertyValueSpecification\",\"valueRequired\":true,\"valueName\":\"search_term_string\"}}],\"inLanguage\":\"fr-CA\"},{\"@type\":\"Organization\",\"@id\":\"https:\/\/fbc-wp-hidden.azurewebsites.net\/fr\/#organization\",\"name\":\"Food Banks Canada\",\"url\":\"https:\/\/fbc-wp-hidden.azurewebsites.net\/fr\/\",\"logo\":{\"@type\":\"ImageObject\",\"inLanguage\":\"fr-CA\",\"@id\":\"https:\/\/fbc-wp-hidden.azurewebsites.net\/fr\/#\/schema\/logo\/image\/\",\"url\":\"https:\/\/fbcblobstorage.blob.core.windows.net\/wordpress\/2021\/11\/logo.png\",\"contentUrl\":\"https:\/\/fbcblobstorage.blob.core.windows.net\/wordpress\/2021\/11\/logo.png\",\"width\":377,\"height\":89,\"caption\":\"Food Banks Canada\"},\"image\":{\"@id\":\"https:\/\/fbc-wp-hidden.azurewebsites.net\/fr\/#\/schema\/logo\/image\/\"}}]}<\/script>\n<!-- \/ Yoast SEO Premium plugin. -->","yoast_head_json":{"title":"Priorit\u00e9s strat\u00e9giques - Banques alimentaires Canada","robots":{"index":"index","follow":"follow","max-snippet":"max-snippet:-1","max-image-preview":"max-image-preview:large","max-video-preview":"max-video-preview:-1"},"canonical":"https:\/\/fbc-wp-hidden.azurewebsites.net\/fr\/priorites-strategiques\/","og_locale":"fr_CA","og_type":"article","og_title":"Priorit\u00e9s strat\u00e9giques","og_url":"https:\/\/fbc-wp-hidden.azurewebsites.net\/fr\/priorites-strategiques\/","og_site_name":"Banques alimentaires Canada","article_modified_time":"2025-06-25T14:42:28+00:00","og_image":[{"width":552,"height":411,"url":"https:\/\/content.foodbankscanada.ca\/wordpress\/2025\/06\/Rectangle-24048-5.png","type":"image\/png"}],"twitter_card":"summary_large_image","schema":{"@context":"https:\/\/schema.org","@graph":[{"@type":"WebPage","@id":"https:\/\/fbc-wp-hidden.azurewebsites.net\/fr\/priorites-strategiques\/","url":"https:\/\/fbc-wp-hidden.azurewebsites.net\/fr\/priorites-strategiques\/","name":"Priorit\u00e9s strat\u00e9giques - Banques alimentaires Canada","isPartOf":{"@id":"https:\/\/fbc-wp-hidden.azurewebsites.net\/fr\/#website"},"primaryImageOfPage":{"@id":"https:\/\/fbc-wp-hidden.azurewebsites.net\/fr\/priorites-strategiques\/#primaryimage"},"image":{"@id":"https:\/\/fbc-wp-hidden.azurewebsites.net\/fr\/priorites-strategiques\/#primaryimage"},"thumbnailUrl":"https:\/\/content.foodbankscanada.ca\/wordpress\/2025\/06\/Rectangle-24048-5.png","datePublished":"2025-06-24T17:01:36+00:00","dateModified":"2025-06-25T14:42:28+00:00","breadcrumb":{"@id":"https:\/\/fbc-wp-hidden.azurewebsites.net\/fr\/priorites-strategiques\/#breadcrumb"},"inLanguage":"fr-CA","potentialAction":[{"@type":"ReadAction","target":["https:\/\/fbc-wp-hidden.azurewebsites.net\/fr\/priorites-strategiques\/"]}]},{"@type":"ImageObject","inLanguage":"fr-CA","@id":"https:\/\/fbc-wp-hidden.azurewebsites.net\/fr\/priorites-strategiques\/#primaryimage","url":"https:\/\/content.foodbankscanada.ca\/wordpress\/2025\/06\/Rectangle-24048-5.png","contentUrl":"https:\/\/content.foodbankscanada.ca\/wordpress\/2025\/06\/Rectangle-24048-5.png","width":552,"height":411},{"@type":"BreadcrumbList","@id":"https:\/\/fbc-wp-hidden.azurewebsites.net\/fr\/priorites-strategiques\/#breadcrumb","itemListElement":[{"@type":"ListItem","position":1,"name":"Accueil","item":"https:\/\/fbc-wp-hidden.azurewebsites.net\/fr\/"},{"@type":"ListItem","position":2,"name":"Priorit\u00e9s strat\u00e9giques"}]},{"@type":"WebSite","@id":"https:\/\/fbc-wp-hidden.azurewebsites.net\/fr\/#website","url":"https:\/\/fbc-wp-hidden.azurewebsites.net\/fr\/","name":"Banques alimentaires Canada","description":"","publisher":{"@id":"https:\/\/fbc-wp-hidden.azurewebsites.net\/fr\/#organization"},"potentialAction":[{"@type":"SearchAction","target":{"@type":"EntryPoint","urlTemplate":"https:\/\/fbc-wp-hidden.azurewebsites.net\/fr\/?s={search_term_string}"},"query-input":{"@type":"PropertyValueSpecification","valueRequired":true,"valueName":"search_term_string"}}],"inLanguage":"fr-CA"},{"@type":"Organization","@id":"https:\/\/fbc-wp-hidden.azurewebsites.net\/fr\/#organization","name":"Food Banks Canada","url":"https:\/\/fbc-wp-hidden.azurewebsites.net\/fr\/","logo":{"@type":"ImageObject","inLanguage":"fr-CA","@id":"https:\/\/fbc-wp-hidden.azurewebsites.net\/fr\/#\/schema\/logo\/image\/","url":"https:\/\/fbcblobstorage.blob.core.windows.net\/wordpress\/2021\/11\/logo.png","contentUrl":"https:\/\/fbcblobstorage.blob.core.windows.net\/wordpress\/2021\/11\/logo.png","width":377,"height":89,"caption":"Food Banks Canada"},"image":{"@id":"https:\/\/fbc-wp-hidden.azurewebsites.net\/fr\/#\/schema\/logo\/image\/"}}]}},"_links":{"self":[{"href":"https:\/\/fbc-wp-hidden.azurewebsites.net\/fr\/wp-json\/wp\/v2\/pages\/43388","targetHints":{"allow":["GET"]}}],"collection":[{"href":"https:\/\/fbc-wp-hidden.azurewebsites.net\/fr\/wp-json\/wp\/v2\/pages"}],"about":[{"href":"https:\/\/fbc-wp-hidden.azurewebsites.net\/fr\/wp-json\/wp\/v2\/types\/page"}],"author":[{"embeddable":true,"href":"https:\/\/fbc-wp-hidden.azurewebsites.net\/fr\/wp-json\/wp\/v2\/users\/2"}],"replies":[{"embeddable":true,"href":"https:\/\/fbc-wp-hidden.azurewebsites.net\/fr\/wp-json\/wp\/v2\/comments?post=43388"}],"version-history":[{"count":3,"href":"https:\/\/fbc-wp-hidden.azurewebsites.net\/fr\/wp-json\/wp\/v2\/pages\/43388\/revisions"}],"predecessor-version":[{"id":43506,"href":"https:\/\/fbc-wp-hidden.azurewebsites.net\/fr\/wp-json\/wp\/v2\/pages\/43388\/revisions\/43506"}],"wp:featuredmedia":[{"embeddable":true,"href":"https:\/\/fbc-wp-hidden.azurewebsites.net\/fr\/wp-json\/wp\/v2\/media\/42679"}],"wp:attachment":[{"href":"https:\/\/fbc-wp-hidden.azurewebsites.net\/fr\/wp-json\/wp\/v2\/media?parent=43388"}],"wp:term":[{"taxonomy":"category","embeddable":true,"href":"https:\/\/fbc-wp-hidden.azurewebsites.net\/fr\/wp-json\/wp\/v2\/categories?post=43388"},{"taxonomy":"post_tag","embeddable":true,"href":"https:\/\/fbc-wp-hidden.azurewebsites.net\/fr\/wp-json\/wp\/v2\/tags?post=43388"}],"curies":[{"name":"wp","href":"https:\/\/api.w.org\/{rel}","templated":true}]}}