{"id":44406,"date":"2025-07-16T11:45:42","date_gmt":"2025-07-16T15:45:42","guid":{"rendered":"https:\/\/foodbankscanada.ca\/?page_id=44406"},"modified":"2025-08-05T16:08:06","modified_gmt":"2025-08-05T20:08:06","slug":"code-dethique-de-depannage-alimentaire","status":"publish","type":"page","link":"https:\/\/fbc-wp-hidden.azurewebsites.net\/fr\/ressources\/code-dethique-de-depannage-alimentaire\/","title":{"rendered":"Code d\u2019\u00e9thique de d\u00e9pannage alimentaire"},"content":{"rendered":"<section class=\" block block-image-text-button-list image-text-button-list  aligndefault\"\n         style=\"  background-color: rgba(254, 245, 221, 0); \">\n  <div class=\"container-lg px-0 d-flex flex-column flex-lg-row-reverse\">\n    \n    <div class=\"container-lg px-0 px-lg-2 col-12 col-lg-8\">\n      \n      <div class=\"slider-padding-div mb-4\">\n        <div\n          class=\"image-text-button-swiper swiper\"\n          style=\"--swiper-theme-color: #FFBE00; width: 100%;\"\n          data-autoscroll=\"false\"\n          data-delay=\"3000\"\n        >\n          <div class=\"swiper-wrapper\">\n                           \n                <div\n                  class=\"swiper-slide image-banner\"\n                  style=\"background-size: cover; background-position: center; background-repeat: no-repeat;\n                                        aspect-ratio: 1.9166666666667;\n                                              background-image: url('https:\/\/content.foodbankscanada.ca\/wordpress\/2025\/05\/woman-holding-box-of-food.png');\n                                                              width: 100%;\"\n                  role=\"img\"\n                  aria-label=\"\"\n                ><\/div>\n                                    <\/div>\n\n                  <\/div>\n      <\/div>\n\n      \n              <div class=\"d-none d-lg-block\">\n          \n        <\/div>\n          <\/div>\n\n    \n    <div class=\"container col-12 col-lg-4 text-break\">\n      <div class=\"breadcrumbs-section    \n   breadcrumbs_normal \">\n  <p id=\"breadcrumbs\" class=\"\"><span><span><a href=\"https:\/\/fbc-wp-hidden.azurewebsites.net\/fr\/\">Accueil<\/a><\/span><\/span><\/p><\/div>              <div class=\"mt-4\">\n          <h2>Code d\u2019\u00e9thique de d\u00e9pannage alimentaire<\/h2>\n<p>Chaque organisation au sein du r\u00e9seau respecte <b>le Code d\u2019\u00e9thique de Banques alimentaires Canada<\/b>, garantissant un service coh\u00e9rent et respectueux pour tous.<\/p>\n\n        <\/div>\n      \n              <div class=\"mt-4 d-block d-lg-none\">\n          \n        <\/div>\n          <\/div>\n  <\/div>\n<\/section>\n\n<section class=\" block block-numbered-highlights numbered-highlights  aligndefault d-flex justify-content-center\" style=\" background-color: #FFFFFF\">\n  <div class=\"container px-3\">\n          <h3>Banques alimentaires Canada, ses membres (associations provinciales) et son r\u00e9seau de banques alimentaires affili\u00e9es et d\u2019organismes partenaires vont :<\/h3>\n\n                <ol class=\"numbered-highlights-ol\">\n                      <li \n              class=\"numbered-highlights-li\"\n              style=\"\n                --list-icon-fill-color: #5B1400;\n                --background-color: #FFFFFF;\n              \"\n            >\n              <span class=\"list-item-number\">1<\/span><div class=\"list-item-content\"><p>Fourniront des denr\u00e9es alimentaires et de l\u2019aide \u00e0 ceux qui en ont besoin, sans tenir compte de leur race, de leur origine nationale ou ethnique, de leur citoyennet\u00e9, de la couleur de leur peau, de leur religion, de leur sexe, de leur orientation sexuelle, de leur source de revenu, de leur \u00e2ge ou d\u2019une incapacit\u00e9 mentale ou physique.<\/p>\n<\/div>\n            <\/li>\n                      <li \n              class=\"numbered-highlights-li\"\n              style=\"\n                --list-icon-fill-color: #5B1400;\n                --background-color: #FFFFFF;\n              \"\n            >\n              <span class=\"list-item-number\">2<\/span><div class=\"list-item-content\"><p>Traiteront tous ceux qui ont acc\u00e8s \u00e0 ces services avec la plus grande dignit\u00e9 et le plus grand respect.<\/p>\n<\/div>\n            <\/li>\n                      <li \n              class=\"numbered-highlights-li\"\n              style=\"\n                --list-icon-fill-color: #5B1400;\n                --background-color: #FFFFFF;\n              \"\n            >\n              <span class=\"list-item-number\">3<\/span><div class=\"list-item-content\"><p>Respecteront les pratiques exemplaires en mati\u00e8re de conservation et de manipulation appropri\u00e9es et salubres des aliments.<\/p>\n<\/div>\n            <\/li>\n                      <li \n              class=\"numbered-highlights-li\"\n              style=\"\n                --list-icon-fill-color: #5B1400;\n                --background-color: #FFFFFF;\n              \"\n            >\n              <span class=\"list-item-number\">4<\/span><div class=\"list-item-content\"><p>Respecteront la vie priv\u00e9e des personnes qu\u2019elles aident et assureront la confidentialit\u00e9 des renseignements personnels.<\/p>\n<\/div>\n            <\/li>\n                      <li \n              class=\"numbered-highlights-li\"\n              style=\"\n                --list-icon-fill-color: #5B1400;\n                --background-color: #FFFFFF;\n              \"\n            >\n              <span class=\"list-item-number\">5<\/span><div class=\"list-item-content\"><p>Ne vendront pas des aliments donn\u00e9s.<\/p>\n<\/div>\n            <\/li>\n                      <li \n              class=\"numbered-highlights-li\"\n              style=\"\n                --list-icon-fill-color: #5B1400;\n                --background-color: #FFFFFF;\n              \"\n            >\n              <span class=\"list-item-number\">6<\/span><div class=\"list-item-content\"><p>Se procureront et partageront des denr\u00e9es alimentaires dans un esprit de collaboration avec d\u2019autres banques alimentaires et programmes alimentaires.<\/p>\n<\/div>\n            <\/li>\n                      <li \n              class=\"numbered-highlights-li\"\n              style=\"\n                --list-icon-fill-color: #5B1400;\n                --background-color: #FFFFFF;\n              \"\n            >\n              <span class=\"list-item-number\">7<\/span><div class=\"list-item-content\"><p>Feront tout leur possible pour sensibiliser l\u2019opinion publique au probl\u00e8me de la faim, et aux facteurs qui y contribuent.<\/p>\n<\/div>\n            <\/li>\n                      <li \n              class=\"numbered-highlights-li\"\n              style=\"\n                --list-icon-fill-color: #5B1400;\n                --background-color: #FFFFFF;\n              \"\n            >\n              <span class=\"list-item-number\">8<\/span><div class=\"list-item-content\"><p>Ne perdront pas de vue le fait que les banques alimentaires ne sont pas une r\u00e9ponse viable \u00e0 long terme au probl\u00e8me de la faim, et consacreront une partie de leurs activit\u00e9s \u00e0 diminuer le besoin de recourir \u00e0 l\u2019aide alimentaire.<\/p>\n<\/div>\n            <\/li>\n                      <li \n              class=\"numbered-highlights-li\"\n              style=\"\n                --list-icon-fill-color: #5B1400;\n                --background-color: #FFFFFF;\n              \"\n            >\n              <span class=\"list-item-number\">9<\/span><div class=\"list-item-content\"><p>Affirmeront avec exactitude, en toute honn\u00eatet\u00e9 et totalement, leur mission et leurs activit\u00e9s respectives aupr\u00e8s de l\u2019ensemble de la communaut\u00e9.<\/p>\n<\/div>\n            <\/li>\n                  <\/ol>\n      <\/div>\n<\/section>\n","protected":false},"excerpt":{"rendered":"","protected":false},"author":36,"featured_media":0,"parent":42631,"menu_order":1,"comment_status":"closed","ping_status":"closed","template":"","meta":{"_acf_changed":false,"footnotes":""},"categories":[],"tags":[],"class_list":["post-44406","page","type-page","status-publish","hentry"],"acf":[],"yoast_head":"<!-- This site is optimized with the Yoast SEO Premium plugin v26.2-RC1 (Yoast SEO v26.2-RC4) - https:\/\/yoast.com\/wordpress\/plugins\/seo\/ -->\n<title>Code d\u2019\u00e9thique de d\u00e9pannage alimentaire - Banques alimentaires Canada<\/title>\n<meta name=\"robots\" content=\"index, follow, max-snippet:-1, max-image-preview:large, max-video-preview:-1\" \/>\n<link rel=\"canonical\" href=\"https:\/\/fbc-wp-hidden.azurewebsites.net\/fr\/ressources\/code-dethique-de-depannage-alimentaire\/\" \/>\n<meta property=\"og:locale\" content=\"fr_CA\" \/>\n<meta property=\"og:type\" content=\"article\" \/>\n<meta property=\"og:title\" content=\"Code d\u2019\u00e9thique de d\u00e9pannage alimentaire\" \/>\n<meta property=\"og:url\" content=\"https:\/\/fbc-wp-hidden.azurewebsites.net\/fr\/ressources\/code-dethique-de-depannage-alimentaire\/\" \/>\n<meta property=\"og:site_name\" content=\"Banques alimentaires Canada\" \/>\n<meta property=\"article:modified_time\" content=\"2025-08-05T20:08:06+00:00\" \/>\n<meta name=\"twitter:card\" content=\"summary_large_image\" \/>\n<script type=\"application\/ld+json\" class=\"yoast-schema-graph\">{\"@context\":\"https:\/\/schema.org\",\"@graph\":[{\"@type\":\"WebPage\",\"@id\":\"https:\/\/fbc-wp-hidden.azurewebsites.net\/fr\/ressources\/code-dethique-de-depannage-alimentaire\/\",\"url\":\"https:\/\/fbc-wp-hidden.azurewebsites.net\/fr\/ressources\/code-dethique-de-depannage-alimentaire\/\",\"name\":\"Code d\u2019\u00e9thique de d\u00e9pannage alimentaire - Banques alimentaires Canada\",\"isPartOf\":{\"@id\":\"https:\/\/fbc-wp-hidden.azurewebsites.net\/fr\/#website\"},\"datePublished\":\"2025-07-16T15:45:42+00:00\",\"dateModified\":\"2025-08-05T20:08:06+00:00\",\"breadcrumb\":{\"@id\":\"https:\/\/fbc-wp-hidden.azurewebsites.net\/fr\/ressources\/code-dethique-de-depannage-alimentaire\/#breadcrumb\"},\"inLanguage\":\"fr-CA\",\"potentialAction\":[{\"@type\":\"ReadAction\",\"target\":[\"https:\/\/fbc-wp-hidden.azurewebsites.net\/fr\/ressources\/code-dethique-de-depannage-alimentaire\/\"]}]},{\"@type\":\"BreadcrumbList\",\"@id\":\"https:\/\/fbc-wp-hidden.azurewebsites.net\/fr\/ressources\/code-dethique-de-depannage-alimentaire\/#breadcrumb\",\"itemListElement\":[{\"@type\":\"ListItem\",\"position\":1,\"name\":\"Accueil\",\"item\":\"https:\/\/fbc-wp-hidden.azurewebsites.net\/fr\/\"},{\"@type\":\"ListItem\",\"position\":2,\"name\":\"Ressources\",\"item\":\"https:\/\/fbc-wp-hidden.azurewebsites.net\/fr\/ressources\/\"},{\"@type\":\"ListItem\",\"position\":3,\"name\":\"Code d\u2019\u00e9thique de d\u00e9pannage alimentaire\"}]},{\"@type\":\"WebSite\",\"@id\":\"https:\/\/fbc-wp-hidden.azurewebsites.net\/fr\/#website\",\"url\":\"https:\/\/fbc-wp-hidden.azurewebsites.net\/fr\/\",\"name\":\"Banques alimentaires Canada\",\"description\":\"\",\"publisher\":{\"@id\":\"https:\/\/fbc-wp-hidden.azurewebsites.net\/fr\/#organization\"},\"potentialAction\":[{\"@type\":\"SearchAction\",\"target\":{\"@type\":\"EntryPoint\",\"urlTemplate\":\"https:\/\/fbc-wp-hidden.azurewebsites.net\/fr\/?s={search_term_string}\"},\"query-input\":{\"@type\":\"PropertyValueSpecification\",\"valueRequired\":true,\"valueName\":\"search_term_string\"}}],\"inLanguage\":\"fr-CA\"},{\"@type\":\"Organization\",\"@id\":\"https:\/\/fbc-wp-hidden.azurewebsites.net\/fr\/#organization\",\"name\":\"Food Banks Canada\",\"url\":\"https:\/\/fbc-wp-hidden.azurewebsites.net\/fr\/\",\"logo\":{\"@type\":\"ImageObject\",\"inLanguage\":\"fr-CA\",\"@id\":\"https:\/\/fbc-wp-hidden.azurewebsites.net\/fr\/#\/schema\/logo\/image\/\",\"url\":\"https:\/\/fbcblobstorage.blob.core.windows.net\/wordpress\/2021\/11\/logo.png\",\"contentUrl\":\"https:\/\/fbcblobstorage.blob.core.windows.net\/wordpress\/2021\/11\/logo.png\",\"width\":377,\"height\":89,\"caption\":\"Food Banks Canada\"},\"image\":{\"@id\":\"https:\/\/fbc-wp-hidden.azurewebsites.net\/fr\/#\/schema\/logo\/image\/\"}}]}<\/script>\n<!-- \/ Yoast SEO Premium plugin. -->","yoast_head_json":{"title":"Code d\u2019\u00e9thique de d\u00e9pannage alimentaire - Banques alimentaires Canada","robots":{"index":"index","follow":"follow","max-snippet":"max-snippet:-1","max-image-preview":"max-image-preview:large","max-video-preview":"max-video-preview:-1"},"canonical":"https:\/\/fbc-wp-hidden.azurewebsites.net\/fr\/ressources\/code-dethique-de-depannage-alimentaire\/","og_locale":"fr_CA","og_type":"article","og_title":"Code d\u2019\u00e9thique de d\u00e9pannage alimentaire","og_url":"https:\/\/fbc-wp-hidden.azurewebsites.net\/fr\/ressources\/code-dethique-de-depannage-alimentaire\/","og_site_name":"Banques alimentaires Canada","article_modified_time":"2025-08-05T20:08:06+00:00","twitter_card":"summary_large_image","schema":{"@context":"https:\/\/schema.org","@graph":[{"@type":"WebPage","@id":"https:\/\/fbc-wp-hidden.azurewebsites.net\/fr\/ressources\/code-dethique-de-depannage-alimentaire\/","url":"https:\/\/fbc-wp-hidden.azurewebsites.net\/fr\/ressources\/code-dethique-de-depannage-alimentaire\/","name":"Code d\u2019\u00e9thique de d\u00e9pannage alimentaire - Banques alimentaires Canada","isPartOf":{"@id":"https:\/\/fbc-wp-hidden.azurewebsites.net\/fr\/#website"},"datePublished":"2025-07-16T15:45:42+00:00","dateModified":"2025-08-05T20:08:06+00:00","breadcrumb":{"@id":"https:\/\/fbc-wp-hidden.azurewebsites.net\/fr\/ressources\/code-dethique-de-depannage-alimentaire\/#breadcrumb"},"inLanguage":"fr-CA","potentialAction":[{"@type":"ReadAction","target":["https:\/\/fbc-wp-hidden.azurewebsites.net\/fr\/ressources\/code-dethique-de-depannage-alimentaire\/"]}]},{"@type":"BreadcrumbList","@id":"https:\/\/fbc-wp-hidden.azurewebsites.net\/fr\/ressources\/code-dethique-de-depannage-alimentaire\/#breadcrumb","itemListElement":[{"@type":"ListItem","position":1,"name":"Accueil","item":"https:\/\/fbc-wp-hidden.azurewebsites.net\/fr\/"},{"@type":"ListItem","position":2,"name":"Ressources","item":"https:\/\/fbc-wp-hidden.azurewebsites.net\/fr\/ressources\/"},{"@type":"ListItem","position":3,"name":"Code d\u2019\u00e9thique de d\u00e9pannage alimentaire"}]},{"@type":"WebSite","@id":"https:\/\/fbc-wp-hidden.azurewebsites.net\/fr\/#website","url":"https:\/\/fbc-wp-hidden.azurewebsites.net\/fr\/","name":"Banques alimentaires Canada","description":"","publisher":{"@id":"https:\/\/fbc-wp-hidden.azurewebsites.net\/fr\/#organization"},"potentialAction":[{"@type":"SearchAction","target":{"@type":"EntryPoint","urlTemplate":"https:\/\/fbc-wp-hidden.azurewebsites.net\/fr\/?s={search_term_string}"},"query-input":{"@type":"PropertyValueSpecification","valueRequired":true,"valueName":"search_term_string"}}],"inLanguage":"fr-CA"},{"@type":"Organization","@id":"https:\/\/fbc-wp-hidden.azurewebsites.net\/fr\/#organization","name":"Food Banks Canada","url":"https:\/\/fbc-wp-hidden.azurewebsites.net\/fr\/","logo":{"@type":"ImageObject","inLanguage":"fr-CA","@id":"https:\/\/fbc-wp-hidden.azurewebsites.net\/fr\/#\/schema\/logo\/image\/","url":"https:\/\/fbcblobstorage.blob.core.windows.net\/wordpress\/2021\/11\/logo.png","contentUrl":"https:\/\/fbcblobstorage.blob.core.windows.net\/wordpress\/2021\/11\/logo.png","width":377,"height":89,"caption":"Food Banks Canada"},"image":{"@id":"https:\/\/fbc-wp-hidden.azurewebsites.net\/fr\/#\/schema\/logo\/image\/"}}]}},"_links":{"self":[{"href":"https:\/\/fbc-wp-hidden.azurewebsites.net\/fr\/wp-json\/wp\/v2\/pages\/44406","targetHints":{"allow":["GET"]}}],"collection":[{"href":"https:\/\/fbc-wp-hidden.azurewebsites.net\/fr\/wp-json\/wp\/v2\/pages"}],"about":[{"href":"https:\/\/fbc-wp-hidden.azurewebsites.net\/fr\/wp-json\/wp\/v2\/types\/page"}],"author":[{"embeddable":true,"href":"https:\/\/fbc-wp-hidden.azurewebsites.net\/fr\/wp-json\/wp\/v2\/users\/36"}],"replies":[{"embeddable":true,"href":"https:\/\/fbc-wp-hidden.azurewebsites.net\/fr\/wp-json\/wp\/v2\/comments?post=44406"}],"version-history":[{"count":5,"href":"https:\/\/fbc-wp-hidden.azurewebsites.net\/fr\/wp-json\/wp\/v2\/pages\/44406\/revisions"}],"predecessor-version":[{"id":44884,"href":"https:\/\/fbc-wp-hidden.azurewebsites.net\/fr\/wp-json\/wp\/v2\/pages\/44406\/revisions\/44884"}],"up":[{"embeddable":true,"href":"https:\/\/fbc-wp-hidden.azurewebsites.net\/fr\/wp-json\/wp\/v2\/pages\/42631"}],"wp:attachment":[{"href":"https:\/\/fbc-wp-hidden.azurewebsites.net\/fr\/wp-json\/wp\/v2\/media?parent=44406"}],"wp:term":[{"taxonomy":"category","embeddable":true,"href":"https:\/\/fbc-wp-hidden.azurewebsites.net\/fr\/wp-json\/wp\/v2\/categories?post=44406"},{"taxonomy":"post_tag","embeddable":true,"href":"https:\/\/fbc-wp-hidden.azurewebsites.net\/fr\/wp-json\/wp\/v2\/tags?post=44406"}],"curies":[{"name":"wp","href":"https:\/\/api.w.org\/{rel}","templated":true}]}}