{"id":5177,"date":"2022-03-06T10:47:42","date_gmt":"2022-03-06T15:47:42","guid":{"rendered":"https:\/\/prod2020.foodbankscanada.ca\/accessibilite\/"},"modified":"2025-06-01T22:07:07","modified_gmt":"2025-06-02T02:07:07","slug":"accessibilite","status":"publish","type":"page","link":"https:\/\/fbc-wp-hidden.azurewebsites.net\/fr\/accessibilite\/","title":{"rendered":"Accessibilit\u00e9"},"content":{"rendered":"\n<h2 class=\"wp-block-heading\">Plan d\u2019accessibilit\u00e9 aux services pour les intervenants<\/h2>\n\n\n\n<p>Banques alimentaires Canada vise l\u2019excellence dans les services offerts \u00e0 tous les intervenants (<em>organismes avec lesquels nous travaillons, donateurs et b\u00e9n\u00e9voles<\/em>), y compris les personnes handicap\u00e9es.<\/p>\n\n\n\n<p>Banques alimentaires Canada s\u2019efforce de fournir des services et des ressources d\u2019une mani\u00e8re qui respecte la dignit\u00e9 et l\u2019autonomie de tous les membres de notre communaut\u00e9 en tout temps. Nous nous engageons aussi \u00e0 donner aux personnes handicap\u00e9es les m\u00eames possibilit\u00e9s d\u2019acc\u00e9der \u00e0 nos services et \u00e0 nos ressources et \u00e0 leur permettre de b\u00e9n\u00e9ficier des m\u00eames services, au m\u00eame endroit et de la m\u00eame fa\u00e7on que les autres utilisateurs. S\u2019il est impossible d\u2019\u00e9liminer un obstacle qui emp\u00eache l\u2019acc\u00e8s \u00e0 nos services et \u00e0 nos ressources, nous chercherons \u00e0 offrir d\u2019autres moyens d\u2019y acc\u00e9der. <\/p>\n\n\n\n<p>Ce plan est conforme aux exigences l\u00e9gislatives applicables en mati\u00e8re d\u2019accessibilit\u00e9, notamment aux exigences de la <em>Loi de 2005 sur l\u2019accessibilit\u00e9 pour les personnes handicap\u00e9es de l\u2019Ontario<\/em> et de ses normes pour les services \u00e0 la client\u00e8le. Banques alimentaires Canada s\u2019engage \u00e0 int\u00e9grer la question de l\u2019accessibilit\u00e9 \u00e0 ses processus de planification. <\/p>\n\n\n\n<p><strong>Appareils et accessoires fonctionnels<\/strong> \u2013 Nous veillons \u00e0 ce que notre personnel soit form\u00e9 et habitu\u00e9 \u00e0 utiliser les divers appareils et accessoires fonctionnels (<em>fournis<\/em>) qui peuvent \u00eatre utilis\u00e9s par des intervenants ayant un handicap lorsqu\u2019ils acc\u00e8dent \u00e0 nos produits ou services. <\/p>\n\n\n\n<p>Les personnes handicap\u00e9es sont autoris\u00e9es \u00e0 obtenir ou \u00e0 utiliser des services ou des ressources au moyen de leurs propres appareils ou accessoires fonctionnels. Si un appareil ou accessoire fonctionnel peut pr\u00e9senter un risque pour la sant\u00e9 et la s\u00e9curit\u00e9 de l\u2019intervenant concern\u00e9 ou d\u2019autres personnes sur les lieux, Banques alimentaires Canada r\u00e9pond aux besoins de l\u2019intervenant en lui offrant une solution de rechange dans la mesure du possible.<\/p>\n\n\n\n<p><strong>Communication<\/strong> \u2013 Nous communiquons avec les gens en tenant compte de leur handicap. Nous avons recours \u00e0 un certain nombre de moyens de communication qui, sur demande, sont fournis rapidement aux intervenants. <\/p>\n\n\n\n<p>Si vous avez besoin d\u2019un moyen de communication en particulier, n\u2019h\u00e9sitez pas \u00e0 nous le demander et nous ferons de notre mieux pour r\u00e9pondre \u00e0 vos besoins.<\/p>\n\n\n\n<p><strong>Animaux d\u2019assistance<\/strong> \u2013 Nous accueillons volontiers les personnes handicap\u00e9es et leurs animaux d\u2019assistance, mais nous n\u2019avons aucun lieu physique o\u00f9 il faut se pr\u00e9senter pour acc\u00e9der aux services de nos organismes. <\/p>\n\n\n\n<p><strong>Personnes de soutien<\/strong> \u2013 Une personne handicap\u00e9e qui re\u00e7oit l\u2019aide d\u2019une personne de soutien a le droit d\u2019\u00eatre accompagn\u00e9e par cette personne pendant qu\u2019elle acc\u00e8de \u00e0 nos services. Les personnes de soutien qui accompagnent une personne handicap\u00e9e ont le droit d\u2019obtenir un acc\u00e8s \u00e9quivalant \u00e0 celui de la personne qu\u2019elles accompagnent. Nous n\u2019emp\u00eachons en aucun cas une personne handicap\u00e9e accompagn\u00e9e d\u2019une personne de soutien d\u2019avoir acc\u00e8s \u00e0 cette personne pendant qu\u2019elle re\u00e7oit les services de Banques alimentaires Canada. <\/p>\n\n\n\n<p><strong>Avis d\u2019interruption temporaire<\/strong> \u2013 Si des services visant \u00e0 r\u00e9pondre aux besoins des intervenants ayant un handicap sont interrompus de mani\u00e8re \u00e0 les emp\u00eacher d\u2019acc\u00e9der aux services ou aux ressources de Banques alimentaires Canada, les intervenants en sont inform\u00e9s. L\u2019avis d\u2019interruption temporaire est affich\u00e9 sur le site Web de Banques alimentaires Canada ou \u00e0 un autre endroit bien en vue et comprend des renseignements sur la raison de l\u2019interruption et sa dur\u00e9e pr\u00e9vue, ainsi qu\u2019une description des installations ou services de remplacement, s\u2019il y a lieu.<\/p>\n\n\n\n<p><strong>Formation<\/strong> \u2013 \u00c0 des fins de sensibilisation et de conformit\u00e9, Banques alimentaires Canada offre une formation sur l\u2019accessibilit\u00e9 aux employ\u00e9s, aux b\u00e9n\u00e9voles et aux autres personnes qui travaillent avec ses intervenants.<\/p>\n\n\n\n<p>La formation porte sur ce qui suit: <\/p>\n\n\n\n<ul class=\"wp-block-list\">\n<li>Aper\u00e7u de la Loi de 2005 sur l\u2019accessibilit\u00e9 pour les personnes handicap\u00e9es de l\u2019Ontario et des exigences de la Norme pour les services \u00e0 la client\u00e8le<\/li>\n\n\n\n<li>Plan de Banques alimentaires Canada concernant la Norme pour les services \u00e0 la client\u00e8le<\/li>\n\n\n\n<li>Comment interagir et communiquer avec les personnes qui pr\u00e9sentent diff\u00e9rents types de handicap<\/li>\n\n\n\n<li>Comment interagir avec les personnes handicap\u00e9es qui utilisent un appareil ou accessoire fonctionnel ou qui ont besoin de l\u2019aide d\u2019un animal d\u2019assistance ou d\u2019une personne de soutien<\/li>\n\n\n\n<li>Comment utiliser tout \u00e9quipement pouvant faciliter la fourniture des produits ou services aux personnes handicap\u00e9es <\/li>\n\n\n\n<li>Mesures \u00e0 prendre si une personne handicap\u00e9e a de la difficult\u00e9 \u00e0 acc\u00e9der aux renseignements de Banques alimentaires Canada ou \u00e0 se rendre aux rencontres avec l\u2019organisme<\/li>\n<\/ul>\n\n\n\n<p>Le personnel re\u00e7oit aussi \u00e9galement une formation mise \u00e0 jour lorsque des modifications sont apport\u00e9es aux politiques, aux pratiques et aux proc\u00e9dures d\u2019accessibilit\u00e9 de Banques alimentaires Canada. <\/p>\n\n\n\n<p><strong>Avis de disponibilit\u00e9<\/strong> \u2013 Banques alimentaires Canada veille \u00e0 ce que les renseignements figurant dans le pr\u00e9sent plan d\u2019accessibilit\u00e9 soient mis \u00e0 la disposition des intervenants sur demande et sur son site Web.<\/p>\n\n\n\n<p><strong>Factures et re\u00e7us accessibles \u00e0 tous nos intervenants<\/strong> \u2013 Banques alimentaires Canada veille \u00e0 r\u00e9pondre en personne, par t\u00e9l\u00e9phone ou par courriel aux questions des intervenants sur le contenu des factures, des re\u00e7us fiscaux et des re\u00e7us professionnels.<\/p>\n\n\n\n<p>Toute politique de Banques alimentaires Canada qui ne respecte et ne favorise pas la dignit\u00e9 et l\u2019autonomie des personnes handicap\u00e9es sera modifi\u00e9e ou supprim\u00e9e.<\/p>\n\n\n\n<p><strong>Questions ou commentaires<\/strong> \u2013 Les intervenants qui souhaitent formuler des commentaires sur les interactions de Banques alimentaires Canada avec les personnes handicap\u00e9es peuvent le faire:<\/p>\n\n\n\n<ul class=\"wp-block-list\">\n<li>Par courriel: <a href=\"mailto:info@foodbankscanada.ca\">info@foodbankscanada.ca<\/a><\/li>\n\n\n\n<li>Par t\u00e9l\u00e9phone: <a href=\"tel:905-602-5234\">905 602-5234<\/a> ou <a href=\"tel:1-877-535-0958\">1 877 535-0958<\/a><\/li>\n\n\n\n<li>Par la poste:<br>Banques alimentaires Canada <br>77 City Centre Dr. Suite 501<br>Mississauga (Ontario)  L5B 1M5<\/li>\n<\/ul>\n\n\n\n<p>D\u2019autres moyens de communication, notamment des rencontres en personne, sont \u00e9galement envisageables sur demande.<\/p>\n\n\n\n<p>Tous les commentaires, y compris les plaintes, sont trait\u00e9s dans un d\u00e9lai de cinq jours ouvrables par le membre du personnel appropri\u00e9, selon la nature du commentaire. Veuillez consulter la politique relative aux plaintes de Banques alimentaires Canada pour en savoir plus sur notre fa\u00e7on de r\u00e9pondre aux plaintes que nous recevons. Si vous souhaitez qu\u2019on communique avec vous au sujet de vos commentaires, veuillez indiquer votre nom et vos coordonn\u00e9es. Nous ferons de notre mieux pour vous r\u00e9pondre le plus rapidement possible. <\/p>\n","protected":false},"excerpt":{"rendered":"<p>Plan d\u2019accessibilit\u00e9 aux services pour les intervenants Banques alimentaires Canada vise l\u2019excellence dans les services offerts \u00e0 tous les intervenants (organismes avec lesquels nous travaillons, donateurs et b\u00e9n\u00e9voles), y compris les personnes handicap\u00e9es. Banques alimentaires Canada s\u2019efforce de fournir des services et des ressources d\u2019une mani\u00e8re qui respecte la dignit\u00e9 et l\u2019autonomie de tous les&#8230;<\/p>\n","protected":false},"author":2,"featured_media":21667,"parent":0,"menu_order":22,"comment_status":"closed","ping_status":"closed","template":"","meta":{"_acf_changed":false,"footnotes":""},"categories":[],"tags":[],"class_list":["post-5177","page","type-page","status-publish","has-post-thumbnail","hentry"],"acf":[],"yoast_head":"<!-- This site is optimized with the Yoast SEO Premium plugin v26.2-RC1 (Yoast SEO v26.2-RC4) - https:\/\/yoast.com\/wordpress\/plugins\/seo\/ -->\n<title>Accessibilit\u00e9 - Banques alimentaires Canada<\/title>\n<meta name=\"robots\" content=\"index, follow, max-snippet:-1, max-image-preview:large, max-video-preview:-1\" \/>\n<link rel=\"canonical\" href=\"https:\/\/fbc-wp-hidden.azurewebsites.net\/fr\/accessibilite\/\" \/>\n<meta property=\"og:locale\" content=\"fr_CA\" \/>\n<meta property=\"og:type\" content=\"article\" \/>\n<meta property=\"og:title\" content=\"Accessibilit\u00e9\" \/>\n<meta property=\"og:description\" content=\"Plan d\u2019accessibilit\u00e9 aux services pour les intervenants Banques alimentaires Canada vise l\u2019excellence dans les services offerts \u00e0 tous les intervenants (organismes avec lesquels nous travaillons, donateurs et b\u00e9n\u00e9voles), y compris les personnes handicap\u00e9es. Banques alimentaires Canada s\u2019efforce de fournir des services et des ressources d\u2019une mani\u00e8re qui respecte la dignit\u00e9 et l\u2019autonomie de tous les...\" \/>\n<meta property=\"og:url\" content=\"https:\/\/fbc-wp-hidden.azurewebsites.net\/fr\/accessibilite\/\" \/>\n<meta property=\"og:site_name\" content=\"Banques alimentaires Canada\" \/>\n<meta property=\"article:modified_time\" content=\"2025-06-02T02:07:07+00:00\" \/>\n<meta property=\"og:image\" content=\"https:\/\/content.foodbankscanada.ca\/wordpress\/2022\/09\/fbc-logo.png\" \/>\n\t<meta property=\"og:image:width\" content=\"1483\" \/>\n\t<meta property=\"og:image:height\" content=\"350\" \/>\n\t<meta property=\"og:image:type\" content=\"image\/png\" \/>\n<meta name=\"twitter:card\" content=\"summary_large_image\" \/>\n<meta name=\"twitter:label1\" content=\"Est. reading time\" \/>\n\t<meta name=\"twitter:data1\" content=\"5 minutes\" \/>\n<script type=\"application\/ld+json\" class=\"yoast-schema-graph\">{\"@context\":\"https:\/\/schema.org\",\"@graph\":[{\"@type\":\"WebPage\",\"@id\":\"https:\/\/fbc-wp-hidden.azurewebsites.net\/fr\/accessibilite\/\",\"url\":\"https:\/\/fbc-wp-hidden.azurewebsites.net\/fr\/accessibilite\/\",\"name\":\"Accessibilit\u00e9 - Banques alimentaires Canada\",\"isPartOf\":{\"@id\":\"https:\/\/fbc-wp-hidden.azurewebsites.net\/fr\/#website\"},\"primaryImageOfPage\":{\"@id\":\"https:\/\/fbc-wp-hidden.azurewebsites.net\/fr\/accessibilite\/#primaryimage\"},\"image\":{\"@id\":\"https:\/\/fbc-wp-hidden.azurewebsites.net\/fr\/accessibilite\/#primaryimage\"},\"thumbnailUrl\":\"https:\/\/content.foodbankscanada.ca\/wordpress\/2022\/09\/fbc-logo.png\",\"datePublished\":\"2022-03-06T15:47:42+00:00\",\"dateModified\":\"2025-06-02T02:07:07+00:00\",\"breadcrumb\":{\"@id\":\"https:\/\/fbc-wp-hidden.azurewebsites.net\/fr\/accessibilite\/#breadcrumb\"},\"inLanguage\":\"fr-CA\",\"potentialAction\":[{\"@type\":\"ReadAction\",\"target\":[\"https:\/\/fbc-wp-hidden.azurewebsites.net\/fr\/accessibilite\/\"]}]},{\"@type\":\"ImageObject\",\"inLanguage\":\"fr-CA\",\"@id\":\"https:\/\/fbc-wp-hidden.azurewebsites.net\/fr\/accessibilite\/#primaryimage\",\"url\":\"https:\/\/content.foodbankscanada.ca\/wordpress\/2022\/09\/fbc-logo.png\",\"contentUrl\":\"https:\/\/content.foodbankscanada.ca\/wordpress\/2022\/09\/fbc-logo.png\",\"width\":1483,\"height\":350},{\"@type\":\"BreadcrumbList\",\"@id\":\"https:\/\/fbc-wp-hidden.azurewebsites.net\/fr\/accessibilite\/#breadcrumb\",\"itemListElement\":[{\"@type\":\"ListItem\",\"position\":1,\"name\":\"Accueil\",\"item\":\"https:\/\/fbc-wp-hidden.azurewebsites.net\/fr\/\"},{\"@type\":\"ListItem\",\"position\":2,\"name\":\"Accessibilit\u00e9\"}]},{\"@type\":\"WebSite\",\"@id\":\"https:\/\/fbc-wp-hidden.azurewebsites.net\/fr\/#website\",\"url\":\"https:\/\/fbc-wp-hidden.azurewebsites.net\/fr\/\",\"name\":\"Banques alimentaires Canada\",\"description\":\"\",\"publisher\":{\"@id\":\"https:\/\/fbc-wp-hidden.azurewebsites.net\/fr\/#organization\"},\"potentialAction\":[{\"@type\":\"SearchAction\",\"target\":{\"@type\":\"EntryPoint\",\"urlTemplate\":\"https:\/\/fbc-wp-hidden.azurewebsites.net\/fr\/?s={search_term_string}\"},\"query-input\":{\"@type\":\"PropertyValueSpecification\",\"valueRequired\":true,\"valueName\":\"search_term_string\"}}],\"inLanguage\":\"fr-CA\"},{\"@type\":\"Organization\",\"@id\":\"https:\/\/fbc-wp-hidden.azurewebsites.net\/fr\/#organization\",\"name\":\"Food Banks Canada\",\"url\":\"https:\/\/fbc-wp-hidden.azurewebsites.net\/fr\/\",\"logo\":{\"@type\":\"ImageObject\",\"inLanguage\":\"fr-CA\",\"@id\":\"https:\/\/fbc-wp-hidden.azurewebsites.net\/fr\/#\/schema\/logo\/image\/\",\"url\":\"https:\/\/fbcblobstorage.blob.core.windows.net\/wordpress\/2021\/11\/logo.png\",\"contentUrl\":\"https:\/\/fbcblobstorage.blob.core.windows.net\/wordpress\/2021\/11\/logo.png\",\"width\":377,\"height\":89,\"caption\":\"Food Banks Canada\"},\"image\":{\"@id\":\"https:\/\/fbc-wp-hidden.azurewebsites.net\/fr\/#\/schema\/logo\/image\/\"}}]}<\/script>\n<!-- \/ Yoast SEO Premium plugin. -->","yoast_head_json":{"title":"Accessibilit\u00e9 - Banques alimentaires Canada","robots":{"index":"index","follow":"follow","max-snippet":"max-snippet:-1","max-image-preview":"max-image-preview:large","max-video-preview":"max-video-preview:-1"},"canonical":"https:\/\/fbc-wp-hidden.azurewebsites.net\/fr\/accessibilite\/","og_locale":"fr_CA","og_type":"article","og_title":"Accessibilit\u00e9","og_description":"Plan d\u2019accessibilit\u00e9 aux services pour les intervenants Banques alimentaires Canada vise l\u2019excellence dans les services offerts \u00e0 tous les intervenants (organismes avec lesquels nous travaillons, donateurs et b\u00e9n\u00e9voles), y compris les personnes handicap\u00e9es. Banques alimentaires Canada s\u2019efforce de fournir des services et des ressources d\u2019une mani\u00e8re qui respecte la dignit\u00e9 et l\u2019autonomie de tous les...","og_url":"https:\/\/fbc-wp-hidden.azurewebsites.net\/fr\/accessibilite\/","og_site_name":"Banques alimentaires Canada","article_modified_time":"2025-06-02T02:07:07+00:00","og_image":[{"width":1483,"height":350,"url":"https:\/\/content.foodbankscanada.ca\/wordpress\/2022\/09\/fbc-logo.png","type":"image\/png"}],"twitter_card":"summary_large_image","twitter_misc":{"Est. reading time":"5 minutes"},"schema":{"@context":"https:\/\/schema.org","@graph":[{"@type":"WebPage","@id":"https:\/\/fbc-wp-hidden.azurewebsites.net\/fr\/accessibilite\/","url":"https:\/\/fbc-wp-hidden.azurewebsites.net\/fr\/accessibilite\/","name":"Accessibilit\u00e9 - Banques alimentaires Canada","isPartOf":{"@id":"https:\/\/fbc-wp-hidden.azurewebsites.net\/fr\/#website"},"primaryImageOfPage":{"@id":"https:\/\/fbc-wp-hidden.azurewebsites.net\/fr\/accessibilite\/#primaryimage"},"image":{"@id":"https:\/\/fbc-wp-hidden.azurewebsites.net\/fr\/accessibilite\/#primaryimage"},"thumbnailUrl":"https:\/\/content.foodbankscanada.ca\/wordpress\/2022\/09\/fbc-logo.png","datePublished":"2022-03-06T15:47:42+00:00","dateModified":"2025-06-02T02:07:07+00:00","breadcrumb":{"@id":"https:\/\/fbc-wp-hidden.azurewebsites.net\/fr\/accessibilite\/#breadcrumb"},"inLanguage":"fr-CA","potentialAction":[{"@type":"ReadAction","target":["https:\/\/fbc-wp-hidden.azurewebsites.net\/fr\/accessibilite\/"]}]},{"@type":"ImageObject","inLanguage":"fr-CA","@id":"https:\/\/fbc-wp-hidden.azurewebsites.net\/fr\/accessibilite\/#primaryimage","url":"https:\/\/content.foodbankscanada.ca\/wordpress\/2022\/09\/fbc-logo.png","contentUrl":"https:\/\/content.foodbankscanada.ca\/wordpress\/2022\/09\/fbc-logo.png","width":1483,"height":350},{"@type":"BreadcrumbList","@id":"https:\/\/fbc-wp-hidden.azurewebsites.net\/fr\/accessibilite\/#breadcrumb","itemListElement":[{"@type":"ListItem","position":1,"name":"Accueil","item":"https:\/\/fbc-wp-hidden.azurewebsites.net\/fr\/"},{"@type":"ListItem","position":2,"name":"Accessibilit\u00e9"}]},{"@type":"WebSite","@id":"https:\/\/fbc-wp-hidden.azurewebsites.net\/fr\/#website","url":"https:\/\/fbc-wp-hidden.azurewebsites.net\/fr\/","name":"Banques alimentaires Canada","description":"","publisher":{"@id":"https:\/\/fbc-wp-hidden.azurewebsites.net\/fr\/#organization"},"potentialAction":[{"@type":"SearchAction","target":{"@type":"EntryPoint","urlTemplate":"https:\/\/fbc-wp-hidden.azurewebsites.net\/fr\/?s={search_term_string}"},"query-input":{"@type":"PropertyValueSpecification","valueRequired":true,"valueName":"search_term_string"}}],"inLanguage":"fr-CA"},{"@type":"Organization","@id":"https:\/\/fbc-wp-hidden.azurewebsites.net\/fr\/#organization","name":"Food Banks Canada","url":"https:\/\/fbc-wp-hidden.azurewebsites.net\/fr\/","logo":{"@type":"ImageObject","inLanguage":"fr-CA","@id":"https:\/\/fbc-wp-hidden.azurewebsites.net\/fr\/#\/schema\/logo\/image\/","url":"https:\/\/fbcblobstorage.blob.core.windows.net\/wordpress\/2021\/11\/logo.png","contentUrl":"https:\/\/fbcblobstorage.blob.core.windows.net\/wordpress\/2021\/11\/logo.png","width":377,"height":89,"caption":"Food Banks Canada"},"image":{"@id":"https:\/\/fbc-wp-hidden.azurewebsites.net\/fr\/#\/schema\/logo\/image\/"}}]}},"_links":{"self":[{"href":"https:\/\/fbc-wp-hidden.azurewebsites.net\/fr\/wp-json\/wp\/v2\/pages\/5177","targetHints":{"allow":["GET"]}}],"collection":[{"href":"https:\/\/fbc-wp-hidden.azurewebsites.net\/fr\/wp-json\/wp\/v2\/pages"}],"about":[{"href":"https:\/\/fbc-wp-hidden.azurewebsites.net\/fr\/wp-json\/wp\/v2\/types\/page"}],"author":[{"embeddable":true,"href":"https:\/\/fbc-wp-hidden.azurewebsites.net\/fr\/wp-json\/wp\/v2\/users\/2"}],"replies":[{"embeddable":true,"href":"https:\/\/fbc-wp-hidden.azurewebsites.net\/fr\/wp-json\/wp\/v2\/comments?post=5177"}],"version-history":[{"count":6,"href":"https:\/\/fbc-wp-hidden.azurewebsites.net\/fr\/wp-json\/wp\/v2\/pages\/5177\/revisions"}],"predecessor-version":[{"id":42124,"href":"https:\/\/fbc-wp-hidden.azurewebsites.net\/fr\/wp-json\/wp\/v2\/pages\/5177\/revisions\/42124"}],"wp:featuredmedia":[{"embeddable":true,"href":"https:\/\/fbc-wp-hidden.azurewebsites.net\/fr\/wp-json\/wp\/v2\/media\/21667"}],"wp:attachment":[{"href":"https:\/\/fbc-wp-hidden.azurewebsites.net\/fr\/wp-json\/wp\/v2\/media?parent=5177"}],"wp:term":[{"taxonomy":"category","embeddable":true,"href":"https:\/\/fbc-wp-hidden.azurewebsites.net\/fr\/wp-json\/wp\/v2\/categories?post=5177"},{"taxonomy":"post_tag","embeddable":true,"href":"https:\/\/fbc-wp-hidden.azurewebsites.net\/fr\/wp-json\/wp\/v2\/tags?post=5177"}],"curies":[{"name":"wp","href":"https:\/\/api.w.org\/{rel}","templated":true}]}}