{"id":9026,"date":"2022-03-18T12:14:07","date_gmt":"2022-03-18T16:14:07","guid":{"rendered":"https:\/\/prod2020.foodbankscanada.ca\/about-us\/rapports-annuels\/"},"modified":"2025-07-25T11:21:20","modified_gmt":"2025-07-25T15:21:20","slug":"rapports-annuels","status":"publish","type":"page","link":"https:\/\/fbc-wp-hidden.azurewebsites.net\/fr\/ressources\/rapports-annuels\/","title":{"rendered":"Rapports annuels"},"content":{"rendered":"\n<p>T\u00e9l\u00e9chargez notre rapport annuel pour conna\u00eetre les faits saillants de la situation financi\u00e8re de cette ann\u00e9e, lesquels t\u00e9moignent de notre responsabilit\u00e9 financi\u00e8re. Banques alimentaires Canada est un organisme de bienfaisance enregistr\u00e9.<\/p>\n\n\n\n<p>La partie publique de la D\u00e9claration de <a href=\"https:\/\/apps.cra-arc.gc.ca\/ebci\/hacc\/srch\/pub\/dsplyRprtngPrd?q.srchNm=food+banks+canada&amp;q.stts=0007&amp;selectedCharityBn=130643737RR0001&amp;dsrdPg=1\" target=\"_blank\" rel=\"noreferrer noopener\">renseignements sur les organismes de bienfaisance de Banques alimentaires Canada (T3010),<\/a> y compris les donn\u00e9es sur la r\u00e9mun\u00e9ration, est accessible par ce lien vers l&#8217;Agence du revenu du Canada.<\/p>\n\n\n\n<h2 class=\"wp-block-heading mt-4\" id=\"h-presentation-du-rapport-annuel-2025-de-banques-alimentaires-canada\">Pr\u00e9sentation du rapport annuel 2025 de Banques alimentaires Canada<\/h2>\n\n\n\n<figure class=\"wp-block-image aligncenter size-full\"><img loading=\"lazy\" decoding=\"async\" width=\"1800\" height=\"900\" src=\"https:\/\/content.foodbankscanada.ca\/wordpress\/2025\/06\/AR-1-Pager-Image-FR-1.png\" alt=\"\" class=\"wp-image-43919\" srcset=\"https:\/\/content.foodbankscanada.ca\/wordpress\/2025\/06\/AR-1-Pager-Image-FR-1.png 1800w, https:\/\/content.foodbankscanada.ca\/wordpress\/2025\/06\/AR-1-Pager-Image-FR-1-300x150.png 300w, https:\/\/content.foodbankscanada.ca\/wordpress\/2025\/06\/AR-1-Pager-Image-FR-1-1024x512.png 1024w, https:\/\/content.foodbankscanada.ca\/wordpress\/2025\/06\/AR-1-Pager-Image-FR-1-768x384.png 768w, https:\/\/content.foodbankscanada.ca\/wordpress\/2025\/06\/AR-1-Pager-Image-FR-1-1536x768.png 1536w\" sizes=\"auto, (max-width: 1800px) 100vw, 1800px\" \/><\/figure>\n\n\n\n<div class=\"text-center my-4\"><a class=\"button primary-color-button\" href=\"https:\/\/foodbankscanada.ca\/app\/uploads\/2025\/07\/FBC_2025AR_FRN_FINAL-1.pdf\" target=\"_blank\" rel=\"noopener\">Cliquez ici pour afficher le rapport annuel 2025<\/a><\/div>\n\n\n\n<div class=\"text-center my-4\"><a class=\"button primary-color-button\" href=\"https:\/\/foodbankscanada.ca\/fr\/audited-financial-statements-2025-french-2\/\" target=\"_blank\" rel=\"noopener\">Cliquez ici pour afficher les \u00e9tats financiers v\u00e9rifi\u00e9s 2025<\/a><\/div>\n\n\n\n<h2 class=\"wp-block-heading mb-4 mt-3\" id=\"h-archives\">Archives<\/h2>\n\n\n\n<div class=\"wp-block-columns is-layout-flex wp-container-core-columns-is-layout-9d6595d7 wp-block-columns-is-layout-flex\">\n<div class=\"wp-block-column content-border-bottom mb-0 is-layout-flow wp-block-column-is-layout-flow\">\n<h3 class=\"wp-block-heading mb-3\" id=\"h-rapport-annuel-2024\"><a href=\"https:\/\/content.foodbankscanada.ca\/wordpress\/2024\/06\/FBC-AR-2024-FR.pdf\">Rapport annuel 2024<\/a><\/h3>\n\n\n\n<div class=\"wp-block-columns mb-0 gap-0 gap-md-3 gap-lg-4 is-layout-flex wp-container-core-columns-is-layout-9d6595d7 wp-block-columns-is-layout-flex\">\n<div class=\"wp-block-column is-layout-flow wp-block-column-is-layout-flow\" style=\"flex-basis:33.33%\">\n<figure class=\"wp-block-image size-full\"><img loading=\"lazy\" decoding=\"async\" width=\"1536\" height=\"864\" src=\"https:\/\/content.foodbankscanada.ca\/wordpress\/2025\/06\/Lespoiraudeladelafaim.webp\" alt=\"\" class=\"wp-image-43930\" srcset=\"https:\/\/content.foodbankscanada.ca\/wordpress\/2025\/06\/Lespoiraudeladelafaim.webp 1536w, https:\/\/content.foodbankscanada.ca\/wordpress\/2025\/06\/Lespoiraudeladelafaim-300x169.webp 300w, https:\/\/content.foodbankscanada.ca\/wordpress\/2025\/06\/Lespoiraudeladelafaim-1024x576.webp 1024w, https:\/\/content.foodbankscanada.ca\/wordpress\/2025\/06\/Lespoiraudeladelafaim-768x432.webp 768w\" sizes=\"auto, (max-width: 1536px) 100vw, 1536px\" \/><\/figure>\n<\/div>\n\n\n\n<div class=\"wp-block-column pe-3 is-layout-flow wp-block-column-is-layout-flow\" style=\"flex-basis:66.66%\">\n<p>L&#8217;espoir au-del\u00e0 de la faim.<\/p>\n<\/div>\n<\/div>\n<\/div>\n\n\n\n<div class=\"wp-block-column content-border-bottom ms-0 mb-0 is-layout-flow wp-block-column-is-layout-flow\">\n<h3 class=\"wp-block-heading mb-3\" id=\"h-rapport-annuel-2023\"><a href=\"https:\/\/foodbankscanada.ca\/fr\/annual-report-2023-final-french-2\/\" target=\"_blank\" rel=\"noreferrer noopener\">Rapport annuel 2023<\/a><\/h3>\n\n\n\n<div class=\"wp-block-columns mb-0 gap-0 gap-md-3 gap-lg-4 is-layout-flex wp-container-core-columns-is-layout-9d6595d7 wp-block-columns-is-layout-flex\">\n<div class=\"wp-block-column is-layout-flow wp-block-column-is-layout-flow\" style=\"flex-basis:33.33%\">\n<figure class=\"wp-block-image size-large\"><img loading=\"lazy\" decoding=\"async\" width=\"1024\" height=\"576\" src=\"https:\/\/content.foodbankscanada.ca\/wordpress\/2025\/06\/Aucoeurdelacrisedelafaim-1024x576.webp\" alt=\"\" class=\"wp-image-43932\" srcset=\"https:\/\/content.foodbankscanada.ca\/wordpress\/2025\/06\/Aucoeurdelacrisedelafaim-1024x576.webp 1024w, https:\/\/content.foodbankscanada.ca\/wordpress\/2025\/06\/Aucoeurdelacrisedelafaim-300x169.webp 300w, https:\/\/content.foodbankscanada.ca\/wordpress\/2025\/06\/Aucoeurdelacrisedelafaim-768x432.webp 768w, https:\/\/content.foodbankscanada.ca\/wordpress\/2025\/06\/Aucoeurdelacrisedelafaim.webp 1536w\" sizes=\"auto, (max-width: 1024px) 100vw, 1024px\" \/><\/figure>\n<\/div>\n\n\n\n<div class=\"wp-block-column is-layout-flow wp-block-column-is-layout-flow\" style=\"flex-basis:66.66%\">\n<p>Au coeur de la crise de la faim.<\/p>\n<\/div>\n<\/div>\n<\/div>\n<\/div>\n","protected":false},"excerpt":{"rendered":"<p>T\u00e9l\u00e9chargez notre rapport annuel pour conna\u00eetre les faits saillants de la situation financi\u00e8re de cette ann\u00e9e, lesquels t\u00e9moignent de notre responsabilit\u00e9 financi\u00e8re. Banques alimentaires Canada est un organisme de bienfaisance enregistr\u00e9. La partie publique de la D\u00e9claration de renseignements sur les organismes de bienfaisance de Banques alimentaires Canada (T3010), y compris les donn\u00e9es sur la&#8230;<\/p>\n","protected":false},"author":33,"featured_media":0,"parent":42631,"menu_order":0,"comment_status":"closed","ping_status":"closed","template":"","meta":{"_acf_changed":false,"footnotes":""},"categories":[],"tags":[],"class_list":["post-9026","page","type-page","status-publish","hentry"],"acf":[],"yoast_head":"<!-- This site is optimized with the Yoast SEO Premium plugin v26.2-RC1 (Yoast SEO v26.2-RC4) - https:\/\/yoast.com\/wordpress\/plugins\/seo\/ -->\n<title>Rapports annuels - Banques alimentaires Canada<\/title>\n<meta name=\"robots\" content=\"index, follow, max-snippet:-1, max-image-preview:large, max-video-preview:-1\" \/>\n<link rel=\"canonical\" href=\"https:\/\/fbc-wp-hidden.azurewebsites.net\/fr\/ressources\/rapports-annuels\/\" \/>\n<meta property=\"og:locale\" content=\"fr_CA\" \/>\n<meta property=\"og:type\" content=\"article\" \/>\n<meta property=\"og:title\" content=\"Rapports annuels\" \/>\n<meta property=\"og:description\" content=\"T\u00e9l\u00e9chargez notre rapport annuel pour conna\u00eetre les faits saillants de la situation financi\u00e8re de cette ann\u00e9e, lesquels t\u00e9moignent de notre responsabilit\u00e9 financi\u00e8re. Banques alimentaires Canada est un organisme de bienfaisance enregistr\u00e9. La partie publique de la D\u00e9claration de renseignements sur les organismes de bienfaisance de Banques alimentaires Canada (T3010), y compris les donn\u00e9es sur la...\" \/>\n<meta property=\"og:url\" content=\"https:\/\/fbc-wp-hidden.azurewebsites.net\/fr\/ressources\/rapports-annuels\/\" \/>\n<meta property=\"og:site_name\" content=\"Banques alimentaires Canada\" \/>\n<meta property=\"article:modified_time\" content=\"2025-07-25T15:21:20+00:00\" \/>\n<meta property=\"og:image\" content=\"https:\/\/foodbankscanada.ca\/app\/uploads\/2025\/06\/AR-1-Pager-Image-FR-1.png\" \/>\n<meta name=\"twitter:card\" content=\"summary_large_image\" \/>\n<meta name=\"twitter:label1\" content=\"Est. reading time\" \/>\n\t<meta name=\"twitter:data1\" content=\"2 minutes\" \/>\n<script type=\"application\/ld+json\" class=\"yoast-schema-graph\">{\"@context\":\"https:\/\/schema.org\",\"@graph\":[{\"@type\":\"WebPage\",\"@id\":\"https:\/\/fbc-wp-hidden.azurewebsites.net\/fr\/ressources\/rapports-annuels\/\",\"url\":\"https:\/\/fbc-wp-hidden.azurewebsites.net\/fr\/ressources\/rapports-annuels\/\",\"name\":\"Rapports annuels - Banques alimentaires Canada\",\"isPartOf\":{\"@id\":\"https:\/\/fbc-wp-hidden.azurewebsites.net\/fr\/#website\"},\"primaryImageOfPage\":{\"@id\":\"https:\/\/fbc-wp-hidden.azurewebsites.net\/fr\/ressources\/rapports-annuels\/#primaryimage\"},\"image\":{\"@id\":\"https:\/\/fbc-wp-hidden.azurewebsites.net\/fr\/ressources\/rapports-annuels\/#primaryimage\"},\"thumbnailUrl\":\"https:\/\/foodbankscanada.ca\/app\/uploads\/2025\/06\/AR-1-Pager-Image-FR-1.png\",\"datePublished\":\"2022-03-18T16:14:07+00:00\",\"dateModified\":\"2025-07-25T15:21:20+00:00\",\"breadcrumb\":{\"@id\":\"https:\/\/fbc-wp-hidden.azurewebsites.net\/fr\/ressources\/rapports-annuels\/#breadcrumb\"},\"inLanguage\":\"fr-CA\",\"potentialAction\":[{\"@type\":\"ReadAction\",\"target\":[\"https:\/\/fbc-wp-hidden.azurewebsites.net\/fr\/ressources\/rapports-annuels\/\"]}]},{\"@type\":\"ImageObject\",\"inLanguage\":\"fr-CA\",\"@id\":\"https:\/\/fbc-wp-hidden.azurewebsites.net\/fr\/ressources\/rapports-annuels\/#primaryimage\",\"url\":\"https:\/\/foodbankscanada.ca\/app\/uploads\/2025\/06\/AR-1-Pager-Image-FR-1.png\",\"contentUrl\":\"https:\/\/foodbankscanada.ca\/app\/uploads\/2025\/06\/AR-1-Pager-Image-FR-1.png\"},{\"@type\":\"BreadcrumbList\",\"@id\":\"https:\/\/fbc-wp-hidden.azurewebsites.net\/fr\/ressources\/rapports-annuels\/#breadcrumb\",\"itemListElement\":[{\"@type\":\"ListItem\",\"position\":1,\"name\":\"Accueil\",\"item\":\"https:\/\/fbc-wp-hidden.azurewebsites.net\/fr\/\"},{\"@type\":\"ListItem\",\"position\":2,\"name\":\"Ressources\",\"item\":\"https:\/\/fbc-wp-hidden.azurewebsites.net\/fr\/ressources\/\"},{\"@type\":\"ListItem\",\"position\":3,\"name\":\"Rapports annuels\"}]},{\"@type\":\"WebSite\",\"@id\":\"https:\/\/fbc-wp-hidden.azurewebsites.net\/fr\/#website\",\"url\":\"https:\/\/fbc-wp-hidden.azurewebsites.net\/fr\/\",\"name\":\"Banques alimentaires Canada\",\"description\":\"\",\"publisher\":{\"@id\":\"https:\/\/fbc-wp-hidden.azurewebsites.net\/fr\/#organization\"},\"potentialAction\":[{\"@type\":\"SearchAction\",\"target\":{\"@type\":\"EntryPoint\",\"urlTemplate\":\"https:\/\/fbc-wp-hidden.azurewebsites.net\/fr\/?s={search_term_string}\"},\"query-input\":{\"@type\":\"PropertyValueSpecification\",\"valueRequired\":true,\"valueName\":\"search_term_string\"}}],\"inLanguage\":\"fr-CA\"},{\"@type\":\"Organization\",\"@id\":\"https:\/\/fbc-wp-hidden.azurewebsites.net\/fr\/#organization\",\"name\":\"Food Banks Canada\",\"url\":\"https:\/\/fbc-wp-hidden.azurewebsites.net\/fr\/\",\"logo\":{\"@type\":\"ImageObject\",\"inLanguage\":\"fr-CA\",\"@id\":\"https:\/\/fbc-wp-hidden.azurewebsites.net\/fr\/#\/schema\/logo\/image\/\",\"url\":\"https:\/\/fbcblobstorage.blob.core.windows.net\/wordpress\/2021\/11\/logo.png\",\"contentUrl\":\"https:\/\/fbcblobstorage.blob.core.windows.net\/wordpress\/2021\/11\/logo.png\",\"width\":377,\"height\":89,\"caption\":\"Food Banks Canada\"},\"image\":{\"@id\":\"https:\/\/fbc-wp-hidden.azurewebsites.net\/fr\/#\/schema\/logo\/image\/\"}}]}<\/script>\n<!-- \/ Yoast SEO Premium plugin. -->","yoast_head_json":{"title":"Rapports annuels - Banques alimentaires Canada","robots":{"index":"index","follow":"follow","max-snippet":"max-snippet:-1","max-image-preview":"max-image-preview:large","max-video-preview":"max-video-preview:-1"},"canonical":"https:\/\/fbc-wp-hidden.azurewebsites.net\/fr\/ressources\/rapports-annuels\/","og_locale":"fr_CA","og_type":"article","og_title":"Rapports annuels","og_description":"T\u00e9l\u00e9chargez notre rapport annuel pour conna\u00eetre les faits saillants de la situation financi\u00e8re de cette ann\u00e9e, lesquels t\u00e9moignent de notre responsabilit\u00e9 financi\u00e8re. Banques alimentaires Canada est un organisme de bienfaisance enregistr\u00e9. La partie publique de la D\u00e9claration de renseignements sur les organismes de bienfaisance de Banques alimentaires Canada (T3010), y compris les donn\u00e9es sur la...","og_url":"https:\/\/fbc-wp-hidden.azurewebsites.net\/fr\/ressources\/rapports-annuels\/","og_site_name":"Banques alimentaires Canada","article_modified_time":"2025-07-25T15:21:20+00:00","og_image":[{"url":"https:\/\/foodbankscanada.ca\/app\/uploads\/2025\/06\/AR-1-Pager-Image-FR-1.png","type":"","width":"","height":""}],"twitter_card":"summary_large_image","twitter_misc":{"Est. reading time":"2 minutes"},"schema":{"@context":"https:\/\/schema.org","@graph":[{"@type":"WebPage","@id":"https:\/\/fbc-wp-hidden.azurewebsites.net\/fr\/ressources\/rapports-annuels\/","url":"https:\/\/fbc-wp-hidden.azurewebsites.net\/fr\/ressources\/rapports-annuels\/","name":"Rapports annuels - Banques alimentaires Canada","isPartOf":{"@id":"https:\/\/fbc-wp-hidden.azurewebsites.net\/fr\/#website"},"primaryImageOfPage":{"@id":"https:\/\/fbc-wp-hidden.azurewebsites.net\/fr\/ressources\/rapports-annuels\/#primaryimage"},"image":{"@id":"https:\/\/fbc-wp-hidden.azurewebsites.net\/fr\/ressources\/rapports-annuels\/#primaryimage"},"thumbnailUrl":"https:\/\/foodbankscanada.ca\/app\/uploads\/2025\/06\/AR-1-Pager-Image-FR-1.png","datePublished":"2022-03-18T16:14:07+00:00","dateModified":"2025-07-25T15:21:20+00:00","breadcrumb":{"@id":"https:\/\/fbc-wp-hidden.azurewebsites.net\/fr\/ressources\/rapports-annuels\/#breadcrumb"},"inLanguage":"fr-CA","potentialAction":[{"@type":"ReadAction","target":["https:\/\/fbc-wp-hidden.azurewebsites.net\/fr\/ressources\/rapports-annuels\/"]}]},{"@type":"ImageObject","inLanguage":"fr-CA","@id":"https:\/\/fbc-wp-hidden.azurewebsites.net\/fr\/ressources\/rapports-annuels\/#primaryimage","url":"https:\/\/foodbankscanada.ca\/app\/uploads\/2025\/06\/AR-1-Pager-Image-FR-1.png","contentUrl":"https:\/\/foodbankscanada.ca\/app\/uploads\/2025\/06\/AR-1-Pager-Image-FR-1.png"},{"@type":"BreadcrumbList","@id":"https:\/\/fbc-wp-hidden.azurewebsites.net\/fr\/ressources\/rapports-annuels\/#breadcrumb","itemListElement":[{"@type":"ListItem","position":1,"name":"Accueil","item":"https:\/\/fbc-wp-hidden.azurewebsites.net\/fr\/"},{"@type":"ListItem","position":2,"name":"Ressources","item":"https:\/\/fbc-wp-hidden.azurewebsites.net\/fr\/ressources\/"},{"@type":"ListItem","position":3,"name":"Rapports annuels"}]},{"@type":"WebSite","@id":"https:\/\/fbc-wp-hidden.azurewebsites.net\/fr\/#website","url":"https:\/\/fbc-wp-hidden.azurewebsites.net\/fr\/","name":"Banques alimentaires Canada","description":"","publisher":{"@id":"https:\/\/fbc-wp-hidden.azurewebsites.net\/fr\/#organization"},"potentialAction":[{"@type":"SearchAction","target":{"@type":"EntryPoint","urlTemplate":"https:\/\/fbc-wp-hidden.azurewebsites.net\/fr\/?s={search_term_string}"},"query-input":{"@type":"PropertyValueSpecification","valueRequired":true,"valueName":"search_term_string"}}],"inLanguage":"fr-CA"},{"@type":"Organization","@id":"https:\/\/fbc-wp-hidden.azurewebsites.net\/fr\/#organization","name":"Food Banks Canada","url":"https:\/\/fbc-wp-hidden.azurewebsites.net\/fr\/","logo":{"@type":"ImageObject","inLanguage":"fr-CA","@id":"https:\/\/fbc-wp-hidden.azurewebsites.net\/fr\/#\/schema\/logo\/image\/","url":"https:\/\/fbcblobstorage.blob.core.windows.net\/wordpress\/2021\/11\/logo.png","contentUrl":"https:\/\/fbcblobstorage.blob.core.windows.net\/wordpress\/2021\/11\/logo.png","width":377,"height":89,"caption":"Food Banks Canada"},"image":{"@id":"https:\/\/fbc-wp-hidden.azurewebsites.net\/fr\/#\/schema\/logo\/image\/"}}]}},"_links":{"self":[{"href":"https:\/\/fbc-wp-hidden.azurewebsites.net\/fr\/wp-json\/wp\/v2\/pages\/9026","targetHints":{"allow":["GET"]}}],"collection":[{"href":"https:\/\/fbc-wp-hidden.azurewebsites.net\/fr\/wp-json\/wp\/v2\/pages"}],"about":[{"href":"https:\/\/fbc-wp-hidden.azurewebsites.net\/fr\/wp-json\/wp\/v2\/types\/page"}],"author":[{"embeddable":true,"href":"https:\/\/fbc-wp-hidden.azurewebsites.net\/fr\/wp-json\/wp\/v2\/users\/33"}],"replies":[{"embeddable":true,"href":"https:\/\/fbc-wp-hidden.azurewebsites.net\/fr\/wp-json\/wp\/v2\/comments?post=9026"}],"version-history":[{"count":59,"href":"https:\/\/fbc-wp-hidden.azurewebsites.net\/fr\/wp-json\/wp\/v2\/pages\/9026\/revisions"}],"predecessor-version":[{"id":44689,"href":"https:\/\/fbc-wp-hidden.azurewebsites.net\/fr\/wp-json\/wp\/v2\/pages\/9026\/revisions\/44689"}],"up":[{"embeddable":true,"href":"https:\/\/fbc-wp-hidden.azurewebsites.net\/fr\/wp-json\/wp\/v2\/pages\/42631"}],"wp:attachment":[{"href":"https:\/\/fbc-wp-hidden.azurewebsites.net\/fr\/wp-json\/wp\/v2\/media?parent=9026"}],"wp:term":[{"taxonomy":"category","embeddable":true,"href":"https:\/\/fbc-wp-hidden.azurewebsites.net\/fr\/wp-json\/wp\/v2\/categories?post=9026"},{"taxonomy":"post_tag","embeddable":true,"href":"https:\/\/fbc-wp-hidden.azurewebsites.net\/fr\/wp-json\/wp\/v2\/tags?post=9026"}],"curies":[{"name":"wp","href":"https:\/\/api.w.org\/{rel}","templated":true}]}}